{"id":328,"date":"2017-03-02T09:45:10","date_gmt":"2017-03-02T09:45:10","guid":{"rendered":"https:\/\/ewp-portugal.com\/ewp\/academia-2\/"},"modified":"2025-09-17T19:05:47","modified_gmt":"2025-09-17T18:05:47","slug":"carreiras","status":"publish","type":"page","link":"https:\/\/ewp-portugal.com\/es\/carreiras\/","title":{"rendered":"Carreiras"},"content":{"rendered":"[vc_row fullwidth=\u00bbtrue\u00bb fullwidth_content=\u00bbfalse\u00bb css=\u00bb.vc_custom_1736357212352{margin-bottom: 50px !important;padding-top: 100px !important;padding-right: 15px !important;padding-bottom: 100px !important;padding-left: 15px !important;background-image: url(https:\/\/ewp-portugal.com\/wp-content\/uploads\/2025\/01\/pag-carreiras-ewp-1.jpg?id=19289) !important;background-position: center !important;background-repeat: no-repeat !important;background-size: cover !important;}\u00bb][vc_column][mk_padding_divider size=\u00bb100&#8243; visibility=\u00bbhidden-sm\u00bb][mk_fancy_title strip_tags=\u00bbtrue\u00bb tag_name=\u00bbh4&#8243; color=\u00bb#ffffff\u00bb size=\u00bb32&#8243; force_font_size=\u00bbtrue\u00bb size_phone=\u00bb30&#8243; font_weight=\u00bbbold\u00bb margin_bottom=\u00bb0&#8243; font_family=\u00bbnone\u00bb align=\u00bbright\u00bb]\n<h1>Carreiras<\/h1>\n[\/mk_fancy_title][\/vc_column][\/vc_row][vc_row css=\u00bb.vc_custom_1559225497708{padding-bottom: 25px !important;}\u00bb][vc_column][vc_column_text css=\u00bb.vc_custom_1734111256223{margin-bottom: 0px !important;}\u00bb]As pessoas s\u00e3o a chave do nosso neg\u00f3cio e dos neg\u00f3cios dos nossos Clientes.<\/p>\n<p>A EWP acredita nas suas pessoas e valoriza as suas compet\u00eancias, procurando adequar o perfil \u00e0s exig\u00eancias concretas da fun\u00e7\u00e3o.<\/p>\n<p>Junte-se a n\u00f3s![\/vc_column_text][mk_padding_divider size=\u00bb50&#8243;][mk_fancy_title strip_tags=\u00bbtrue\u00bb color=\u00bb#555555&#8243; size=\u00bb32&#8243; force_font_size=\u00bbtrue\u00bb size_phone=\u00bb26&#8243; font_weight=\u00bbbold\u00bb margin_bottom=\u00bb0&#8243; font_family=\u00bbnone\u00bb responsive_align=\u00bbleft\u00bb]\n<h3>Vagas dispon\u00edveis<\/h3>\n[\/mk_fancy_title][mk_divider style=\u00bbthin_solid\u00bb divider_width=\u00bbcustom_width\u00bb custom_width=\u00bb50&#8243; align=\u00bbleft\u00bb thin_single_color=\u00bb#bf1c20&#8243; thickness=\u00bb2&#8243; margin_top=\u00bb0&#8243; margin_bottom=\u00bb25&#8243;][vc_tabs orientation=\u00bbvertical\u00bb][vc_tab icon=\u00bbmk-icon-arrow-circle-right\u00bb title=\u00bbCandidatura Espont\u00e2nea\u00bb tab_id=\u00bb1566310237376-3-5&#8243;][vc_column_text css=\u00bb.vc_custom_1569421016192{margin-bottom: 0px !important;}\u00bb]Acreditamos no valor que as Pessoas acrescentam a cada empresa.\u00a0 Por isso, valorizamos as compet\u00eancias pessoais e profissionais de cada um dos nossos Colaboradores.<\/p>\n<p>Se acredita no seu potencial e na sua capacidade de nos ajudar a crescer, est\u00e1 na altura de submeter a sua candidatura&#8230;[\/vc_column_text][\/vc_tab][vc_tab icon=\u00bbmk-icon-arrow-circle-right\u00bb title=\u00bbAuditor Financeiro\u00bb tab_id=\u00bb1754580367343-5-5&#8243;][vc_column_text css=\u00bb.vc_custom_1754580478428{margin-bottom: 0px !important;}\u00bb]Recrutamento de Auditor Financeiro para integrar o Departamento de Planeamento e Estrat\u00e9gia, com responsabilidades ao n\u00edvel da Gest\u00e3o de carteira de Clientes.<\/p>\n<p><strong>Fun\u00e7\u00f5es Principais<\/strong><\/p>\n<ul>\n<li>Controlo e an\u00e1lise financeira, oferecendo uma vis\u00e3o clara sobre a situa\u00e7\u00e3o financeira de cada Cliente;<\/li>\n<li>Aconselhamento de Contabil\u00edstico e Fiscal, identificando pontos de melhoria e apresenta\u00e7\u00e3o de solu\u00e7\u00f5es eficazes que assegurem uma gest\u00e3o mais eficiente e rent\u00e1vel;<\/li>\n<li>Apoiar cada Cliente nas atividades decorrentes de decis\u00f5es tomadas em cada Reuni\u00e3o de Gest\u00e3o.<\/li>\n<\/ul>\n<p><strong>Perfil<\/strong><\/p>\n<ul>\n<li>Licenciatura em Contabilidade, Gest\u00e3o, Economia ou Finan\u00e7as;<\/li>\n<li>Mestrado em Finan\u00e7as, Auditoria, Gest\u00e3o Empresarial ou MBA (condi\u00e7\u00e3o preferencial);<\/li>\n<li>Mais de 5 anos de experi\u00eancia no desempenho das fun\u00e7\u00f5es, preferencialmente enquanto Auditor Financeiro, Contabilista, Controller ou Consultor.<\/li>\n<\/ul>\n[\/vc_column_text][\/vc_tab][vc_tab icon=\u00bbmk-icon-arrow-circle-right\u00bb title=\u00bbContabilista S\u00e9nior\u00bb tab_id=\u00bb1747816930553-4-6&#8243;][vc_column_text css=\u00bb.vc_custom_1758132345619{margin-bottom: 0px !important;}\u00bb]Recrutamento de Contabilista S\u00e9nior para integrar o Departamento de Planeamento e Estrat\u00e9gia, com responsabilidades ao n\u00edvel da Gest\u00e3o de carteira de Clientes.<\/p>\n<p><strong>Fun\u00e7\u00f5es Principais<\/strong><\/p>\n<ul>\n<li>Controlo e an\u00e1lise financeira, oferecendo uma vis\u00e3o clara sobre a situa\u00e7\u00e3o financeira de cada Cliente;<\/li>\n<li>Aconselhamento de Contabil\u00edstico e Fiscal, identificando pontos de melhoria e apresenta\u00e7\u00e3o de solu\u00e7\u00f5es eficazes que assegurem uma gest\u00e3o mais eficiente e rent\u00e1vel;<\/li>\n<li>Apoiar cada Cliente nas atividades decorrentes de decis\u00f5es tomadas em cada Reuni\u00e3o de Gest\u00e3o.<\/li>\n<\/ul>\n<p><strong>Perfil<\/strong><\/p>\n<ul>\n<li>Licenciatura em Contabilidade, Gest\u00e3o, Economia ou Finan\u00e7as;<\/li>\n<li>Mestrado em Finan\u00e7as, Auditoria, Gest\u00e3o Empresarial ou MBA (condi\u00e7\u00e3o preferencial);<\/li>\n<li>Mais de 5 anos de experi\u00eancia no desempenho das fun\u00e7\u00f5es, preferencialmente enquanto Auditor Financeiro, Contabilista, Controller ou Consultor.<\/li>\n<\/ul>\n[\/vc_column_text][\/vc_tab][\/vc_tabs][\/vc_column][\/vc_row][vc_row css=\u00bb.vc_custom_1588758125536{background-color: #ffffff !important;}\u00bb][vc_column][mk_custom_box bg_color=\u00bb#e2e2e2&#8243; border_color_style=\u00bbsingle_color\u00bb border_color=\u00bb#878787&#8243;][vc_column_text margin_bottom=\u00bb10&#8243; css=\u00bb.vc_custom_1564448064420{margin-bottom: 10px !important;}\u00bb]Envie-nos a sua candidatura atrav\u00e9s do seguinte formul\u00e1rio.[\/vc_column_text][vc_raw_html]JTNDZGl2JTIwZGF0YS10Zi13aWRnZXQlM0QlMjJob2NMeEslMjIlMjBkYXRhLXRmLWlmcmFtZS1wcm9wcyUzRCUyMnRpdGxlJTNERVdQJTIwQ29uc3VsdGluZyUyMCU3QyUyMEZvcm11bCVDMyVBMXJpbyUyMGRlJTIwQ2FuZGlkYXR1cmElMjIlMjBkYXRhLXRmLW1lZGl1bSUzRCUyMnNuaXBwZXQlMjIlMjBzdHlsZSUzRCUyMndpZHRoJTNBMTAwJTI1JTNCaGVpZ2h0JTNBNDAwcHglM0IlMjIlM0UlM0MlMkZkaXYlM0UlM0NzY3JpcHQlMjBzcmMlM0QlMjIlMkYlMkZlbWJlZC50eXBlZm9ybS5jb20lMkZuZXh0JTJGZW1iZWQuanMlMjIlM0UlM0MlMkZzY3JpcHQlM0U=[\/vc_raw_html][mk_padding_divider][\/mk_custom_box][\/vc_column][\/vc_row]\n","protected":false},"excerpt":{"rendered":"<p>[vc_row fullwidth=\u00bbtrue\u00bb fullwidth_content=\u00bbfalse\u00bb css=\u00bb.vc_custom_1736357212352{margin-bottom: 50px !important;padding-top: 100px !important;padding-right: 15px !important;padding-bottom: 100px !important;padding-left: 15px !important;background-image: url(https:\/\/ewp-portugal.com\/wp-content\/uploads\/2025\/01\/pag-carreiras-ewp-1.jpg?id=19289) !important;background-position: center !important;background-repeat: no-repeat !important;background-size: cover !important;}\u00bb][vc_column][mk_padding_divider size=\u00bb100&#8243; visibility=\u00bbhidden-sm\u00bb][mk_fancy_title strip_tags=\u00bbtrue\u00bb tag_name=\u00bbh4&#8243; color=\u00bb#ffffff\u00bb size=\u00bb32&#8243; force_font_size=\u00bbtrue\u00bb size_phone=\u00bb30&#8243; font_weight=\u00bbbold\u00bb margin_bottom=\u00bb0&#8243; font_family=\u00bbnone\u00bb align=\u00bbright\u00bb] Carreiras [\/mk_fancy_title][\/vc_column][\/vc_row][vc_row css=\u00bb.vc_custom_1559225497708{padding-bottom: 25px !important;}\u00bb][vc_column][vc_column_text css=\u00bb.vc_custom_1734111256223{margin-bottom: 0px !important;}\u00bb]As pessoas s\u00e3o a chave do nosso neg\u00f3cio e dos neg\u00f3cios dos nossos Clientes. [&hellip;]<\/p>\n","protected":false},"author":1,"featured_media":0,"parent":0,"menu_order":0,"comment_status":"closed","ping_status":"closed","template":"","meta":{"_monsterinsights_skip_tracking":false,"_monsterinsights_sitenote_active":false,"_monsterinsights_sitenote_note":"","_monsterinsights_sitenote_category":0,"footnotes":""},"class_list":["post-328","page","type-page","status-publish","hentry"],"_links":{"self":[{"href":"https:\/\/ewp-portugal.com\/es\/wp-json\/wp\/v2\/pages\/328","targetHints":{"allow":["GET"]}}],"collection":[{"href":"https:\/\/ewp-portugal.com\/es\/wp-json\/wp\/v2\/pages"}],"about":[{"href":"https:\/\/ewp-portugal.com\/es\/wp-json\/wp\/v2\/types\/page"}],"author":[{"embeddable":true,"href":"https:\/\/ewp-portugal.com\/es\/wp-json\/wp\/v2\/users\/1"}],"replies":[{"embeddable":true,"href":"https:\/\/ewp-portugal.com\/es\/wp-json\/wp\/v2\/comments?post=328"}],"version-history":[{"count":10,"href":"https:\/\/ewp-portugal.com\/es\/wp-json\/wp\/v2\/pages\/328\/revisions"}],"predecessor-version":[{"id":21083,"href":"https:\/\/ewp-portugal.com\/es\/wp-json\/wp\/v2\/pages\/328\/revisions\/21083"}],"wp:attachment":[{"href":"https:\/\/ewp-portugal.com\/es\/wp-json\/wp\/v2\/media?parent=328"}],"curies":[{"name":"wp","href":"https:\/\/api.w.org\/{rel}","templated":true}]}}