{"id":317,"date":"2019-05-08T16:00:32","date_gmt":"2019-05-08T16:00:32","guid":{"rendered":"https:\/\/ewp-portugal.com\/selecao-e-recrutamento-2\/"},"modified":"2021-08-27T10:24:53","modified_gmt":"2021-08-27T09:24:53","slug":"recrutamento","status":"publish","type":"page","link":"https:\/\/ewp-portugal.com\/es\/recrutamento\/","title":{"rendered":"Sele\u00e7\u00e3o e Recrutamento"},"content":{"rendered":"[vc_row fullwidth=\u00bbtrue\u00bb fullwidth_content=\u00bbfalse\u00bb css=\u00bb.vc_custom_1564582855339{padding-top: 100px !important;padding-right: 15px !important;padding-bottom: 100px !important;padding-left: 15px !important;background-image: url(https:\/\/ewp-portugal.com\/wp-content\/uploads\/2019\/07\/design-sem-nome-3.png?id=1915) !important;background-position: center !important;background-repeat: no-repeat !important;background-size: cover !important;}\u00bb][vc_column][mk_padding_divider size=\u00bb100&#8243; visibility=\u00bbhidden-sm\u00bb][mk_fancy_title strip_tags=\u00bbtrue\u00bb tag_name=\u00bbh4&#8243; color=\u00bb#ffffff\u00bb size=\u00bb32&#8243; force_font_size=\u00bbtrue\u00bb size_phone=\u00bb30&#8243; font_weight=\u00bbbold\u00bb margin_bottom=\u00bb0&#8243; font_family=\u00bbnone\u00bb align=\u00bbright\u00bb]Recrutamento e Sele\u00e7\u00e3o de Pessoas[\/mk_fancy_title][\/vc_column][\/vc_row][vc_row animation=\u00bbscale-up\u00bb css=\u00bb.vc_custom_1564737441439{padding-top: 50px !important;padding-bottom: 100px !important;}\u00bb id=\u00bbmudancas\u00bb][vc_column][mk_padding_divider size=\u00bb47&#8243;][mk_fancy_title strip_tags=\u00bbtrue\u00bb color=\u00bb#555555&#8243; size=\u00bb32&#8243; force_font_size=\u00bbtrue\u00bb size_phone=\u00bb26&#8243; font_weight=\u00bbbold\u00bb margin_bottom=\u00bb0&#8243; font_family=\u00bbnone\u00bb align=\u00bbcenter\u00bb]Recrutamento de Pessoas | O que vai mudar ao escolher a EWP?[\/mk_fancy_title][mk_divider style=\u00bbthin_solid\u00bb divider_width=\u00bbcustom_width\u00bb custom_width=\u00bb50&#8243; thin_single_color=\u00bb#bf1c20&#8243; thickness=\u00bb2&#8243; margin_top=\u00bb0&#8243; margin_bottom=\u00bb50&#8243;][vc_row_inner][vc_column_inner offset=\u00bbvc_col-lg-3 vc_col-md-12&#8243;][mk_icon_box icon=\u00bbmk-icon-users\u00bb title=\u00bbRefor\u00e7o\u00bb text_size=\u00bb20&#8243; font_weight=\u00bbbold\u00bb style=\u00bbboxed\u00bb icon_location=\u00bbtop\u00bb icon_color=\u00bb#bf1c20&#8243; icon_circle_color=\u00bb#ffffff\u00bb icon_circle_border_color=\u00bb#ffffff\u00bb title_color=\u00bb#bf1c20&#8243; txt_color=\u00bb#555555&#8243; txt_link_color=\u00bb#555555&#8243; margin=\u00bb0&#8243;]Da capacidade competitiva da equipa.[\/mk_icon_box][mk_padding_divider size=\u00bb35&#8243; visibility=\u00bbhidden-dt\u00bb][\/vc_column_inner][vc_column_inner offset=\u00bbvc_col-lg-3 vc_col-md-12&#8243;][mk_icon_box icon=\u00bbmk-icon-user\u00bb title=\u00bbSele\u00e7\u00e3o\u00bb text_size=\u00bb20&#8243; font_weight=\u00bbbold\u00bb style=\u00bbboxed\u00bb icon_location=\u00bbtop\u00bb icon_color=\u00bb#bf1c20&#8243; icon_circle_color=\u00bb#ffffff\u00bb icon_circle_border_color=\u00bb#ffffff\u00bb title_color=\u00bb#bf1c20&#8243; txt_color=\u00bb#555555&#8243; txt_link_color=\u00bb#555555&#8243; margin=\u00bb0&#8243;]De candidatos alinhada com a cultura da empresa.[\/mk_icon_box][mk_padding_divider size=\u00bb35&#8243; visibility=\u00bbhidden-dt\u00bb][\/vc_column_inner][vc_column_inner offset=\u00bbvc_col-lg-3 vc_col-md-12&#8243;][mk_icon_box icon=\u00bbmk-icon-check\u00bb title=\u00bbLiberta\u00e7\u00e3o\u00bb text_size=\u00bb20&#8243; font_weight=\u00bbbold\u00bb style=\u00bbboxed\u00bb icon_location=\u00bbtop\u00bb icon_color=\u00bb#bf1c20&#8243; icon_circle_color=\u00bb#ffffff\u00bb icon_circle_border_color=\u00bb#ffffff\u00bb title_color=\u00bb#bf1c20&#8243; txt_color=\u00bb#555555&#8243; txt_link_color=\u00bb#555555&#8243; margin=\u00bb0&#8243;]Das tarefas intr\u00ednsecas a um processo de sele\u00e7\u00e3o e recrutamento.[\/mk_icon_box][mk_padding_divider size=\u00bb35&#8243; visibility=\u00bbhidden-dt\u00bb][\/vc_column_inner][vc_column_inner offset=\u00bbvc_col-lg-3 vc_col-md-12&#8243;][mk_icon_box icon=\u00bbmk-icon-gear\u00bb title=\u00bbProcesso\u00bb text_size=\u00bb20&#8243; font_weight=\u00bbbold\u00bb style=\u00bbboxed\u00bb icon_location=\u00bbtop\u00bb icon_color=\u00bb#bf1c20&#8243; icon_circle_color=\u00bb#ffffff\u00bb icon_circle_border_color=\u00bb#ffffff\u00bb title_color=\u00bb#bf1c20&#8243; txt_color=\u00bb#555555&#8243; txt_link_color=\u00bb#555555&#8243; margin=\u00bb0&#8243;]De recrutamento assente numa pol\u00edtica de sigilo.[\/mk_icon_box][\/vc_column_inner][\/vc_row_inner][\/vc_column][\/vc_row][mk_page_section layout_structure=\u00bbhalf_left\u00bb bg_image=\u00bbhttps:\/\/ewp-portugal.com\/wp-content\/uploads\/2019\/06\/ewp-seleo-e-recrutamento.png\u00bb bg_color=\u00bb#bf1c20&#8243; min_height=\u00bb500&#8243; padding_top=\u00bb50&#8243; padding_bottom=\u00bb50&#8243; animation=\u00bbscale-up\u00bb][vc_column][mk_padding_divider size=\u00bb20&#8243; visibility=\u00bbvisible-sm\u00bb][mk_fancy_title strip_tags=\u00bbtrue\u00bb tag_name=\u00bbh1&#8243; color=\u00bb#ffffff\u00bb size=\u00bb32&#8243; font_weight=\u00bbbold\u00bb margin_bottom=\u00bb0&#8243; font_family=\u00bbnone\u00bb responsive_align=\u00bbleft\u00bb]Selecionamos e Recrutamos pelas Atitudes[\/mk_fancy_title][mk_divider style=\u00bbthin_solid\u00bb divider_width=\u00bbcustom_width\u00bb custom_width=\u00bb50&#8243; align=\u00bbleft\u00bb thin_single_color=\u00bb#ffffff\u00bb thickness=\u00bb2&#8243; margin_top=\u00bb0&#8243; margin_bottom=\u00bb50&#8243;][vc_column_text disable_pattern=\u00bbfalse\u00bb margin_bottom=\u00bb30&#8243; css=\u00bb.vc_custom_1629820754433{margin-bottom: 0px !important;}\u00bb]<span style=\"color: #ffffff;\">As pessoas <strong>adequadas<\/strong> revelam-se um dos\u00a0<strong>fatores<\/strong>\u00a0<strong>cr\u00edticos<\/strong>\u00a0para o sucesso de qualquer neg\u00f3cio.<\/span><\/p>\n<p><span style=\"color: #ffffff;\">Vivemos numa altura onde\u00a0<strong>n\u00e3o h\u00e1 margem para erros<\/strong>\u00a0e, por isso, as empresas devem dedicar cada vez mais\u00a0<strong>aten\u00e7\u00e3o<\/strong>\u00a0\u00e0s op\u00e7\u00f5es que fazem nesta \u00e1rea.<\/span><\/p>\n<p><span style=\"color: #ffffff;\">O servi\u00e7o de Recrutamento pretende potenciar a sele\u00e7\u00e3o dos melhores candidatos para cada vaga e apresentar sempre ao Cliente a solu\u00e7\u00e3o mais adequada.<\/span><\/p>\n<p><span style=\"color: #ffffff;\"><strong>Assumimos o compromisso da procura da solu\u00e7\u00e3o mais adequada \u00e0 realidade de cada empresa.<\/strong><\/span>[\/vc_column_text][vc_row_inner attached=\u00bbtrue\u00bb is_fullwidth_content=\u00bbfalse\u00bb][vc_column_inner offset=\u00bbvc_col-lg-4 vc_col-md-6&#8243;][mk_button dimension=\u00bboutline\u00bb size=\u00bbmedium\u00bb url=\u00bb#processo\u00bb button_custom_width=\u00bb150&#8243; margin_bottom=\u00bb-30&#8243; margin_right=\u00bb0&#8243; outline_skin=\u00bblight\u00bb]PROCESSO[\/mk_button][mk_padding_divider size=\u00bb50&#8243; visibility=\u00bbhidden-dt\u00bb][\/vc_column_inner][vc_column_inner offset=\u00bbvc_col-lg-4 vc_col-md-6&#8243;][mk_button dimension=\u00bboutline\u00bb size=\u00bbmedium\u00bb button_custom_width=\u00bb150&#8243; margin_bottom=\u00bb-30&#8243; margin_right=\u00bb0&#8243; el_class=\u00bbcontactformpopup\u00bb outline_skin=\u00bblight\u00bb]CONTACTAR[\/mk_button][mk_padding_divider size=\u00bb20&#8243; visibility=\u00bbhidden-dt\u00bb][\/vc_column_inner][vc_column_inner width=\u00bb1\/3&#8243; offset=\u00bbvc_hidden-sm vc_hidden-xs\u00bb][\/vc_column_inner][\/vc_row_inner][\/vc_column][\/mk_page_section][vc_row animation=\u00bbscale-up\u00bb css=\u00bb.vc_custom_1565191983333{padding-top: 100px !important;padding-bottom: 50px !important;}\u00bb][vc_column][mk_fancy_title strip_tags=\u00bbtrue\u00bb color=\u00bb#555555&#8243; size=\u00bb32&#8243; force_font_size=\u00bbtrue\u00bb size_phone=\u00bb26&#8243; font_weight=\u00bbbold\u00bb margin_bottom=\u00bb0&#8243; font_family=\u00bbnone\u00bb align=\u00bbcenter\u00bb]Quais s\u00e3o as necessidades da sua empresa?[\/mk_fancy_title][mk_divider style=\u00bbthin_solid\u00bb divider_width=\u00bbcustom_width\u00bb custom_width=\u00bb50&#8243; thin_single_color=\u00bb#bf1c20&#8243; thickness=\u00bb2&#8243; margin_top=\u00bb0&#8243; margin_bottom=\u00bb50&#8243;][vc_row_inner][vc_column_inner offset=\u00bbvc_col-lg-4 vc_col-md-12&#8243;][mk_custom_box padding_vertical=\u00bb50&#8243; padding_horizental=\u00bb25&#8243; margin_bottom=\u00bb25&#8243; min_height=\u00bb340&#8243; border_color_style=\u00bbsingle_color\u00bb border_color=\u00bb#f0f0f0&#8243; bg_stretch=\u00bbfalse\u00bb][mk_font_icons icon=\u00bbmk-icon-exclamation-circle\u00bb color=\u00bb#bf1c20&#8243; size=\u00bblarge\u00bb margin_horizental=\u00bb0&#8243; margin_vertical=\u00bb0&#8243; align=\u00bbcenter\u00bb][vc_column_text disable_pattern=\u00bbfalse\u00bb css=\u00bb.vc_custom_1565706743782{margin-top: 20px !important;margin-bottom: 0px !important;padding-right: 20px !important;}\u00bb]\n<ul>\n<li>Empresas concorrentes praticam\u00a0pre\u00e7os elevados\u00a0e apresentam dificuldades em responder de forma\u00a0ajustada\/personalizada<\/li>\n<\/ul>\n[\/vc_column_text][\/mk_custom_box][mk_padding_divider size=\u00bb32&#8243; visibility=\u00bbvisible-sm\u00bb][\/vc_column_inner][vc_column_inner offset=\u00bbvc_col-lg-4 vc_col-md-12&#8243;][mk_custom_box padding_vertical=\u00bb50&#8243; padding_horizental=\u00bb25&#8243; margin_bottom=\u00bb25&#8243; min_height=\u00bb340&#8243; border_color_style=\u00bbsingle_color\u00bb border_color=\u00bb#f0f0f0&#8243; bg_stretch=\u00bbfalse\u00bb][mk_font_icons icon=\u00bbmk-icon-users\u00bb color=\u00bb#bf1c20&#8243; size=\u00bblarge\u00bb margin_horizental=\u00bb0&#8243; margin_vertical=\u00bb0&#8243; align=\u00bbcenter\u00bb][vc_column_text disable_pattern=\u00bbfalse\u00bb css=\u00bb.vc_custom_1565706747841{margin-top: 20px !important;margin-bottom: 0px !important;padding-right: 20px !important;}\u00bb]\n<ul>\n<li>Dificuldades crescentes de recrutamento<\/li>\n<li>Garantir a inexist\u00eancia de desemprego<\/li>\n<\/ul>\n[\/vc_column_text][\/mk_custom_box][mk_padding_divider size=\u00bb32&#8243; visibility=\u00bbvisible-sm\u00bb][\/vc_column_inner][vc_column_inner offset=\u00bbvc_col-lg-4 vc_col-md-12&#8243;][mk_custom_box padding_vertical=\u00bb50&#8243; padding_horizental=\u00bb25&#8243; margin_bottom=\u00bb25&#8243; min_height=\u00bb340&#8243; background_hov_color_style=\u00bbimage\u00bb border_color_style=\u00bbsingle_color\u00bb border_color=\u00bb#f0f0f0&#8243; bg_stretch=\u00bbfalse\u00bb][mk_font_icons icon=\u00bbmk-icon-user\u00bb color=\u00bb#bf1c20&#8243; size=\u00bblarge\u00bb margin_horizental=\u00bb0&#8243; margin_vertical=\u00bb0&#8243; align=\u00bbcenter\u00bb][vc_column_text disable_pattern=\u00bbfalse\u00bb css=\u00bb.vc_custom_1565706751140{margin-top: 20px !important;margin-bottom: 0px !important;padding-right: 20px !important;}\u00bb]\n<ul>\n<li>Perfil do candidato desajustado \u00e0s necessidades e exig\u00eancias da empresa<\/li>\n<\/ul>\n[\/vc_column_text][\/mk_custom_box][\/vc_column_inner][\/vc_row_inner][\/vc_column][\/vc_row][vc_row animation=\u00bbscale-up\u00bb css=\u00bb.vc_custom_1564737446264{padding-top: 100px !important;padding-bottom: 50px !important;}\u00bb id=\u00bbprocesso\u00bb][vc_column][mk_fancy_title strip_tags=\u00bbtrue\u00bb color=\u00bb#555555&#8243; size=\u00bb32&#8243; force_font_size=\u00bbtrue\u00bb size_phone=\u00bb26&#8243; font_weight=\u00bbbold\u00bb margin_bottom=\u00bb0&#8243; font_family=\u00bbnone\u00bb align=\u00bbcenter\u00bb animation=\u00bbscale-up\u00bb]O nosso processo[\/mk_fancy_title][mk_divider style=\u00bbthin_solid\u00bb divider_width=\u00bbcustom_width\u00bb custom_width=\u00bb50&#8243; thin_single_color=\u00bb#bf1c20&#8243; thickness=\u00bb2&#8243; margin_top=\u00bb0&#8243; margin_bottom=\u00bb50&#8243;][vc_column_text disable_pattern=\u00bbfalse\u00bb align=\u00bbcenter\u00bb margin_bottom=\u00bb50&#8243; css=\u00bb.vc_custom_1565191539140{margin-bottom: 0px !important;}\u00bb]Desde a\u00a0<strong>an\u00e1lise<\/strong>\u00a0de curr\u00edculos \u00e0\u00a0<strong>sele\u00e7\u00e3o<\/strong>\u00a0e entrevista dos candidatos,\u00a0 asseguramos todo o processo. No fim, a \u00faltima\u00a0<strong>palavra<\/strong>\u00a0\u00e9 sempre\u00a0<strong>Sua<\/strong>![\/vc_column_text][mk_steps step=\u00bb3&#8243; hover_color=\u00bb#8b1d1a\u00bb icon_1=\u00bbmk-icon-users\u00bb title_1=\u00bbComunica\u00e7\u00e3o com o Mercado\u00bb icon_2=\u00bbmk-icon-user\u00bb title_2=\u00bbAn\u00e1lise e Sele\u00e7\u00e3o\u00bb icon_3=\u00bbmk-moon-file-check\u00bb title_3=\u00bbAvalia\u00e7\u00e3o e Contrata\u00e7\u00e3o\u00bb][\/vc_column][\/vc_row][vc_row css=\u00bb.vc_custom_1630056290003{padding-top: 100px !important;padding-bottom: 100px !important;}\u00bb][vc_column][mk_fancy_title strip_tags=\u00bbtrue\u00bb color=\u00bb#555555&#8243; size=\u00bb32&#8243; force_font_size=\u00bbtrue\u00bb size_phone=\u00bb26&#8243; font_weight=\u00bbbold\u00bb margin_bottom=\u00bb0&#8243; font_family=\u00bbnone\u00bb align=\u00bbcenter\u00bb]Os nossos conte\u00fados[\/mk_fancy_title][mk_divider style=\u00bbthin_solid\u00bb divider_width=\u00bbcustom_width\u00bb custom_width=\u00bb50&#8243; thin_single_color=\u00bb#bf1c20&#8243; thickness=\u00bb2&#8243; margin_top=\u00bb0&#8243; margin_bottom=\u00bb50&#8243;][mk_blog_carousel count=\u00bb5&#8243; cat=\u00bb178&#8243;][\/vc_column][\/vc_row][mk_page_section bg_image=\u00bbhttps:\/\/ewp-portugal.com\/wp-content\/uploads\/2019\/08\/altitude_2.jpg\u00bb bg_position=\u00bbcenter center\u00bb bg_repeat=\u00bbno-repeat\u00bb bg_stretch=\u00bbtrue\u00bb enable_3d=\u00bbtrue\u00bb min_height=\u00bb150&#8243; padding_top=\u00bb100&#8243; padding_bottom=\u00bb80&#8243; sidebar=\u00bbsidebar-1&#8243;][vc_column][mk_padding_divider size=\u00bb120&#8243; visibility=\u00bbhidden-sm\u00bb][mk_fancy_title strip_tags=\u00bbtrue\u00bb color=\u00bb#ffffff\u00bb size=\u00bb32&#8243; force_font_size=\u00bbtrue\u00bb size_phone=\u00bb26&#8243; font_weight=\u00bbbold\u00bb txt_transform=\u00bbcapitalize\u00bb margin_bottom=\u00bb0&#8243; font_family=\u00bbnone\u00bb align=\u00bbcenter\u00bb]\n<h2><span style=\"color: #333333;\">A opini\u00e3o dos nossos Clientes<\/span><\/h2>\n[\/mk_fancy_title][mk_divider style=\u00bbthin_solid\u00bb divider_width=\u00bbcustom_width\u00bb custom_width=\u00bb50&#8243; thin_single_color=\u00bb#f0f0f0&#8243; thickness=\u00bb2&#8243; margin_top=\u00bb0&#8243; margin_bottom=\u00bb50&#8243;][mk_testimonials skin=\u00bblight\u00bb count=\u00bb3&#8243; text_color=\u00bb#555555&#8243; author_color=\u00bb\u00bb skill_color=\u00bb#ffffff\u00bb font_size=\u00bb20&#8243; testimonials=\u00bb4728, 4730&#8243;][mk_padding_divider size=\u00bb100&#8243; visibility=\u00bbhidden-sm\u00bb][\/vc_column][\/mk_page_section]\n","protected":false},"excerpt":{"rendered":"<p>[vc_row fullwidth=\u00bbtrue\u00bb fullwidth_content=\u00bbfalse\u00bb css=\u00bb.vc_custom_1564582855339{padding-top: 100px !important;padding-right: 15px !important;padding-bottom: 100px !important;padding-left: 15px !important;background-image: url(https:\/\/ewp-portugal.com\/wp-content\/uploads\/2019\/07\/design-sem-nome-3.png?id=1915) !important;background-position: center !important;background-repeat: no-repeat !important;background-size: cover !important;}\u00bb][vc_column][mk_padding_divider size=\u00bb100&#8243; visibility=\u00bbhidden-sm\u00bb][mk_fancy_title strip_tags=\u00bbtrue\u00bb tag_name=\u00bbh4&#8243; color=\u00bb#ffffff\u00bb size=\u00bb32&#8243; force_font_size=\u00bbtrue\u00bb size_phone=\u00bb30&#8243; font_weight=\u00bbbold\u00bb margin_bottom=\u00bb0&#8243; font_family=\u00bbnone\u00bb align=\u00bbright\u00bb]Recrutamento e Sele\u00e7\u00e3o de Pessoas[\/mk_fancy_title][\/vc_column][\/vc_row][vc_row animation=\u00bbscale-up\u00bb css=\u00bb.vc_custom_1564737441439{padding-top: 50px !important;padding-bottom: 100px !important;}\u00bb id=\u00bbmudancas\u00bb][vc_column][mk_padding_divider size=\u00bb47&#8243;][mk_fancy_title strip_tags=\u00bbtrue\u00bb color=\u00bb#555555&#8243; size=\u00bb32&#8243; force_font_size=\u00bbtrue\u00bb size_phone=\u00bb26&#8243; font_weight=\u00bbbold\u00bb margin_bottom=\u00bb0&#8243; font_family=\u00bbnone\u00bb align=\u00bbcenter\u00bb]Recrutamento de Pessoas [&hellip;]<\/p>\n","protected":false},"author":1,"featured_media":0,"parent":0,"menu_order":0,"comment_status":"closed","ping_status":"closed","template":"","meta":{"_monsterinsights_skip_tracking":false,"_monsterinsights_sitenote_active":false,"_monsterinsights_sitenote_note":"","_monsterinsights_sitenote_category":0,"footnotes":""},"class_list":["post-317","page","type-page","status-publish","hentry"],"_links":{"self":[{"href":"https:\/\/ewp-portugal.com\/es\/wp-json\/wp\/v2\/pages\/317","targetHints":{"allow":["GET"]}}],"collection":[{"href":"https:\/\/ewp-portugal.com\/es\/wp-json\/wp\/v2\/pages"}],"about":[{"href":"https:\/\/ewp-portugal.com\/es\/wp-json\/wp\/v2\/types\/page"}],"author":[{"embeddable":true,"href":"https:\/\/ewp-portugal.com\/es\/wp-json\/wp\/v2\/users\/1"}],"replies":[{"embeddable":true,"href":"https:\/\/ewp-portugal.com\/es\/wp-json\/wp\/v2\/comments?post=317"}],"version-history":[{"count":5,"href":"https:\/\/ewp-portugal.com\/es\/wp-json\/wp\/v2\/pages\/317\/revisions"}],"predecessor-version":[{"id":10069,"href":"https:\/\/ewp-portugal.com\/es\/wp-json\/wp\/v2\/pages\/317\/revisions\/10069"}],"wp:attachment":[{"href":"https:\/\/ewp-portugal.com\/es\/wp-json\/wp\/v2\/media?parent=317"}],"curies":[{"name":"wp","href":"https:\/\/api.w.org\/{rel}","templated":true}]}}