{"id":289,"date":"2019-05-08T16:00:32","date_gmt":"2019-05-08T16:00:32","guid":{"rendered":"https:\/\/ewp-portugal.com\/apoio-ao-investimento\/apoio-ao-investimento\/"},"modified":"2024-11-06T18:42:37","modified_gmt":"2024-11-06T17:42:37","slug":"linhas-de-apoio-ao-investimento","status":"publish","type":"page","link":"https:\/\/ewp-portugal.com\/es\/linhas-de-apoio-ao-investimento\/","title":{"rendered":"Programas de Apoio ao Investimento"},"content":{"rendered":"[vc_row fullwidth=\u00bbtrue\u00bb fullwidth_content=\u00bbfalse\u00bb disable_element=\u00bbyes\u00bb css=\u00bb.vc_custom_1719505607007{padding-top: 100px !important;padding-right: 15px !important;padding-bottom: 100px !important;padding-left: 15px !important;background-image: url(https:\/\/ewp-portugal.com\/wp-content\/uploads\/2021\/06\/design-sem-nome-18.jpg?id=9431) !important;background-position: center !important;background-repeat: no-repeat !important;background-size: cover !important;}\u00bb][vc_column][mk_padding_divider size=\u00bb100&#8243; visibility=\u00bbhidden-sm\u00bb][mk_fancy_title strip_tags=\u00bbtrue\u00bb tag_name=\u00bbh4&#8243; color=\u00bb#ffffff\u00bb size=\u00bb32&#8243; force_font_size=\u00bbtrue\u00bb size_phone=\u00bb30&#8243; font_weight=\u00bbbold\u00bb margin_bottom=\u00bb0&#8243; font_family=\u00bbnone\u00bb align=\u00bbright\u00bb]\n<h1>Linhas de Apoio ao Investimento<\/h1>\n[\/mk_fancy_title][\/vc_column][\/vc_row][vc_row animation=\u00bbscale-up\u00bb disable_element=\u00bbyes\u00bb css=\u00bb.vc_custom_1719505611885{padding-top: 100px !important;padding-bottom: 50px !important;}\u00bb][vc_column][mk_fancy_title strip_tags=\u00bbtrue\u00bb color=\u00bb#555555&#8243; size=\u00bb32&#8243; force_font_size=\u00bbtrue\u00bb size_phone=\u00bb26&#8243; font_weight=\u00bbbold\u00bb margin_bottom=\u00bb0&#8243; font_family=\u00bbnone\u00bb align=\u00bbcenter\u00bb]Linhas de Apoio ao Investimento | Quais s\u00e3o as prioridades da sua empresa?[\/mk_fancy_title][mk_divider style=\u00bbthin_solid\u00bb divider_width=\u00bbcustom_width\u00bb custom_width=\u00bb50&#8243; thin_single_color=\u00bb#bf1c20&#8243; thickness=\u00bb2&#8243; margin_top=\u00bb0&#8243; margin_bottom=\u00bb50&#8243;][vc_row_inner][vc_column_inner offset=\u00bbvc_col-lg-3 vc_col-md-12&#8243;][mk_custom_box padding_vertical=\u00bb50&#8243; padding_horizental=\u00bb25&#8243; margin_bottom=\u00bb25&#8243; min_height=\u00bb300&#8243; border_color_style=\u00bbsingle_color\u00bb border_color=\u00bb#f0f0f0&#8243; bg_stretch=\u00bbfalse\u00bb][mk_font_icons icon=\u00bbmk-icon-globe\u00bb color=\u00bb#bf1c20&#8243; size=\u00bblarge\u00bb margin_horizental=\u00bb0&#8243; margin_vertical=\u00bb0&#8243; align=\u00bbcenter\u00bb][vc_column_text disable_pattern=\u00bbfalse\u00bb css=\u00bb.vc_custom_1568389482395{margin-bottom: 0px !important;padding-right: 20px !important;}\u00bb]\n<ul>\n<li>Competitividade e Internacionaliza\u00e7\u00e3o<\/li>\n<\/ul>\n[\/vc_column_text][\/mk_custom_box][mk_padding_divider size=\u00bb32&#8243; visibility=\u00bbvisible-sm\u00bb][\/vc_column_inner][vc_column_inner offset=\u00bbvc_col-lg-3 vc_col-md-12&#8243;][mk_custom_box padding_vertical=\u00bb50&#8243; padding_horizental=\u00bb25&#8243; margin_bottom=\u00bb25&#8243; min_height=\u00bb300&#8243; border_color_style=\u00bbsingle_color\u00bb border_color=\u00bb#f0f0f0&#8243; bg_stretch=\u00bbfalse\u00bb][mk_font_icons icon=\u00bbmk-icon-briefcase\u00bb color=\u00bb#bf1c20&#8243; size=\u00bblarge\u00bb margin_horizental=\u00bb0&#8243; margin_vertical=\u00bb0&#8243; align=\u00bbcenter\u00bb][vc_column_text disable_pattern=\u00bbfalse\u00bb css=\u00bb.vc_custom_1568389507943{margin-bottom: 0px !important;padding-right: 20px !important;}\u00bb]\n<ul>\n<li>Inclus\u00e3o Social e Emprego<\/li>\n<\/ul>\n[\/vc_column_text][\/mk_custom_box][mk_padding_divider size=\u00bb32&#8243; visibility=\u00bbvisible-sm\u00bb][\/vc_column_inner][vc_column_inner offset=\u00bbvc_col-lg-3 vc_col-md-12&#8243;][mk_custom_box padding_vertical=\u00bb50&#8243; padding_horizental=\u00bb25&#8243; margin_bottom=\u00bb25&#8243; min_height=\u00bb300&#8243; background_hov_color_style=\u00bbimage\u00bb border_color_style=\u00bbsingle_color\u00bb border_color=\u00bb#f0f0f0&#8243; bg_stretch=\u00bbfalse\u00bb][mk_font_icons icon=\u00bbmk-icon-male\u00bb color=\u00bb#bf1c20&#8243; size=\u00bblarge\u00bb margin_horizental=\u00bb0&#8243; margin_vertical=\u00bb0&#8243; align=\u00bbcenter\u00bb][vc_column_text disable_pattern=\u00bbfalse\u00bb css=\u00bb.vc_custom_1568389534493{margin-bottom: 0px !important;padding-right: 20px !important;}\u00bb]\n<ul>\n<li>Capital Humano<\/li>\n<\/ul>\n[\/vc_column_text][\/mk_custom_box][mk_padding_divider size=\u00bb32&#8243; visibility=\u00bbvisible-sm\u00bb][\/vc_column_inner][vc_column_inner offset=\u00bbvc_col-lg-3 vc_col-md-12&#8243;][mk_custom_box padding_vertical=\u00bb50&#8243; padding_horizental=\u00bb25&#8243; margin_bottom=\u00bb25&#8243; min_height=\u00bb300&#8243; border_color_style=\u00bbsingle_color\u00bb border_color=\u00bb#f0f0f0&#8243; bg_stretch=\u00bbfalse\u00bb][mk_font_icons icon=\u00bbmk-icon-recycle\u00bb color=\u00bb#bf1c20&#8243; size=\u00bblarge\u00bb margin_horizental=\u00bb0&#8243; margin_vertical=\u00bb0&#8243; align=\u00bbcenter\u00bb][vc_column_text disable_pattern=\u00bbfalse\u00bb css=\u00bb.vc_custom_1568801424982{margin-bottom: 0px !important;padding-right: 20px !important;}\u00bb]\n<ul>\n<li>Sustentabilidade e Efici\u00eancia no Uso dos Recursos<\/li>\n<\/ul>\n[\/vc_column_text][\/mk_custom_box][mk_padding_divider size=\u00bb32&#8243; visibility=\u00bbvisible-sm\u00bb][\/vc_column_inner][\/vc_row_inner][\/vc_column][\/vc_row][vc_row animation=\u00bbscale-up\u00bb disable_element=\u00bbyes\u00bb css=\u00bb.vc_custom_1719505620653{padding-top: 100px !important;padding-bottom: 100px !important;}\u00bb id=\u00bbapoios\u00bb][vc_column][mk_fancy_title strip_tags=\u00bbtrue\u00bb color=\u00bb#555555&#8243; size=\u00bb32&#8243; force_font_size=\u00bbtrue\u00bb size_phone=\u00bb26&#8243; font_weight=\u00bbbold\u00bb margin_bottom=\u00bb0&#8243; font_family=\u00bbnone\u00bb align=\u00bbcenter\u00bb]Linha de Apoio ao Investimento[\/mk_fancy_title][mk_divider style=\u00bbthin_solid\u00bb divider_width=\u00bbcustom_width\u00bb custom_width=\u00bb50&#8243; thin_single_color=\u00bb#bf1c20&#8243; thickness=\u00bb2&#8243; margin_top=\u00bb0&#8243; margin_bottom=\u00bb50&#8243;][vc_column_text disable_pattern=\u00bbfalse\u00bb align=\u00bbcenter\u00bb margin_bottom=\u00bb50&#8243; css=\u00bb.vc_custom_1565197261682{margin-bottom: 0px !important;}\u00bb]Para aproveitar correctamente esta oportunidade as empresas t\u00eam que saber, antecipadamente, quais os investimentos a realizar e quando os realizar, integrando-os na sua vis\u00e3o de futuro e estrat\u00e9gia.<\/p>\n<p>Apoiamos as empresas neste processo desde o primeiro momento at\u00e9 \u00e0 fase de execu\u00e7\u00e3o do investimento.[\/vc_column_text][vc_row_inner is_fullwidth_content=\u00bbfalse\u00bb][vc_column_inner offset=\u00bbvc_col-lg-4 vc_col-md-12&#8243;][mk_button dimension=\u00bbflat\u00bb size=\u00bbxx-large\u00bb url=\u00bbhttps:\/\/ewp-portugal.com\/programas-de-apoio-ao-investimento\/prr\/\u00bb align=\u00bbcenter\u00bb fullwidth=\u00bbtrue\u00bb margin_bottom=\u00bb0&#8243; margin_right=\u00bb0&#8243; el_class=\u00bbapoiobutton5&#8243; bg_color=\u00bb#f0f0f0&#8243; btn_hover_bg=\u00bb#bf1c20&#8243; text_color=\u00bbdark\u00bb btn_hover_txt_color=\u00bb#ffffff\u00bb]PRR | Plano de Recupera\u00e7\u00e3o e Resili\u00eancia[\/mk_button][mk_padding_divider visibility=\u00bbhidden-dt\u00bb][\/vc_column_inner][vc_column_inner offset=\u00bbvc_col-lg-4 vc_col-md-12&#8243;][mk_button dimension=\u00bbflat\u00bb size=\u00bbxx-large\u00bb url=\u00bbhttps:\/\/ewp-portugal.com\/programas-de-apoio-ao-investimento\/sistema-de-incentivos-ao-empreendedorismo-qualificado-e-criativo\/\u00bb align=\u00bbcenter\u00bb fullwidth=\u00bbtrue\u00bb margin_bottom=\u00bb0&#8243; margin_right=\u00bb0&#8243; el_class=\u00bbapoiobutton6&#8243; bg_color=\u00bb#f0f0f0&#8243; btn_hover_bg=\u00bb#bf1c20&#8243; text_color=\u00bbdark\u00bb btn_hover_txt_color=\u00bb#ffffff\u00bb]Sistema de Incentivos \u00e0 Qualifica\u00e7\u00e3o[\/mk_button][mk_padding_divider visibility=\u00bbhidden-dt\u00bb][\/vc_column_inner][vc_column_inner offset=\u00bbvc_col-lg-4 vc_col-md-12&#8243;][mk_button dimension=\u00bbflat\u00bb size=\u00bbxx-large\u00bb url=\u00bbhttps:\/\/ewp-portugal.com\/programas-de-apoio-ao-investimento\/sistema-de-incentivos-a-internacionalizacao\/\u00bb align=\u00bbcenter\u00bb fullwidth=\u00bbtrue\u00bb margin_bottom=\u00bb0&#8243; margin_right=\u00bb0&#8243; el_class=\u00bbapoiobutton7&#8243; bg_color=\u00bb#f0f0f0&#8243; btn_hover_bg=\u00bb#bf1c20&#8243; text_color=\u00bbdark\u00bb btn_hover_txt_color=\u00bb#ffffff\u00bb]Sistema de Incentivos \u00e0 Internacionaliza\u00e7\u00e3o[\/mk_button][\/vc_column_inner][\/vc_row_inner][mk_padding_divider][vc_row_inner is_fullwidth_content=\u00bbfalse\u00bb][vc_column_inner offset=\u00bbvc_col-lg-4 vc_col-md-12&#8243;][mk_button dimension=\u00bbflat\u00bb size=\u00bbxx-large\u00bb url=\u00bbhttps:\/\/ewp-portugal.com\/programas-de-apoio-ao-investimento\/sistema-de-incentivos-a-inovacao\/\u00bb align=\u00bbcenter\u00bb fullwidth=\u00bbtrue\u00bb margin_bottom=\u00bb0&#8243; margin_right=\u00bb0&#8243; el_class=\u00bbapoiobutton5&#8243; bg_color=\u00bb#f0f0f0&#8243; btn_hover_bg=\u00bb#bf1c20&#8243; text_color=\u00bbdark\u00bb btn_hover_txt_color=\u00bb#ffffff\u00bb]Sistema de Incentivos \u00e0 Inova\u00e7\u00e3o[\/mk_button][mk_padding_divider visibility=\u00bbhidden-dt\u00bb][\/vc_column_inner][vc_column_inner offset=\u00bbvc_col-lg-4 vc_col-md-12&#8243;][mk_button dimension=\u00bbflat\u00bb size=\u00bbxx-large\u00bb url=\u00bbhttps:\/\/ewp-portugal.com\/programas-de-apoio-ao-investimento\/sistema-de-incentivos-ao-empreendedorismo-qualificado-e-criativo\/\u00bb align=\u00bbcenter\u00bb fullwidth=\u00bbtrue\u00bb margin_bottom=\u00bb0&#8243; margin_right=\u00bb0&#8243; el_class=\u00bbapoiobutton6&#8243; bg_color=\u00bb#f0f0f0&#8243; btn_hover_bg=\u00bb#bf1c20&#8243; text_color=\u00bbdark\u00bb btn_hover_txt_color=\u00bb#ffffff\u00bb]Sistema de Incentivos ao Empreendedorismo Qualificado e Criativo[\/mk_button][mk_padding_divider visibility=\u00bbhidden-dt\u00bb][\/vc_column_inner][vc_column_inner offset=\u00bbvc_col-lg-4 vc_col-md-12&#8243;][mk_button dimension=\u00bbflat\u00bb size=\u00bbxx-large\u00bb url=\u00bbhttps:\/\/ewp-portugal.com\/programas-de-apoio-ao-investimento\/ifrru-2020\/\u00bb align=\u00bbcenter\u00bb fullwidth=\u00bbtrue\u00bb margin_bottom=\u00bb0&#8243; margin_right=\u00bb0&#8243; el_class=\u00bbapoiobutton7&#8243; bg_color=\u00bb#f0f0f0&#8243; btn_hover_bg=\u00bb#bf1c20&#8243; text_color=\u00bbdark\u00bb btn_hover_txt_color=\u00bb#ffffff\u00bb]IFFRU 2020[\/mk_button][\/vc_column_inner][\/vc_row_inner][mk_padding_divider][vc_row_inner][vc_column_inner offset=\u00bbvc_col-lg-6 vc_col-md-12&#8243;][mk_button dimension=\u00bbflat\u00bb size=\u00bbxx-large\u00bb url=\u00bbhttps:\/\/ewp-portugal.com\/programas-de-apoio-ao-investimento\/projeto-vales-2018\/\u00bb align=\u00bbcenter\u00bb fullwidth=\u00bbtrue\u00bb margin_bottom=\u00bb0&#8243; margin_right=\u00bb0&#8243; el_class=\u00bbapoiobutton3&#8243; bg_color=\u00bb#f0f0f0&#8243; btn_hover_bg=\u00bb#bf1c20&#8243; btn_hover_txt_color=\u00bb#ffffff\u00bb]Projeto Vales 2019[\/mk_button][mk_padding_divider visibility=\u00bbhidden-dt\u00bb][\/vc_column_inner][vc_column_inner offset=\u00bbvc_col-lg-6 vc_col-md-12&#8243;][mk_button dimension=\u00bbflat\u00bb size=\u00bbxx-large\u00bb url=\u00bbhttps:\/\/ewp-portugal.com\/programas-de-apoio-ao-investimento\/si2e-sistema-de-incentivo-ao-empreendedorismo-e-emprego\/\u00bb align=\u00bbcenter\u00bb fullwidth=\u00bbtrue\u00bb margin_bottom=\u00bb0&#8243; margin_right=\u00bb0&#8243; el_class=\u00bbapoiobutton4&#8243; bg_color=\u00bb#f0f0f0&#8243; btn_hover_bg=\u00bb#bf1c20&#8243; text_color=\u00bbdark\u00bb btn_hover_txt_color=\u00bb#ffffff\u00bb]SI2E &#8211; Sistema de Incentivos ao Empreendedorismo e Emprego[\/mk_button][\/vc_column_inner][\/vc_row_inner][\/vc_column][\/vc_row][vc_row fullwidth=\u00bbtrue\u00bb fullwidth_content=\u00bbfalse\u00bb animation=\u00bbscale-up\u00bb disable_element=\u00bbyes\u00bb css=\u00bb.vc_custom_1719505630345{padding-top: 50px !important;padding-bottom: 25px !important;background: #222222 url(https:\/\/ewp-portugal.com\/wp-content\/uploads\/2021\/07\/apoio-a-gestao.jpg?id=9708) !important;background-position: center !important;background-repeat: no-repeat !important;background-size: cover !important;}\u00bb][vc_column][mk_fancy_title strip_tags=\u00bbtrue\u00bb color=\u00bb#ffffff\u00bb size=\u00bb32&#8243; font_weight=\u00bbbold\u00bb margin_bottom=\u00bb0&#8243; font_family=\u00bbnone\u00bb align=\u00bbcenter\u00bb]Os nossos clientes[\/mk_fancy_title][mk_divider style=\u00bbthin_solid\u00bb divider_width=\u00bbcustom_width\u00bb custom_width=\u00bb50&#8243; thin_single_color=\u00bb#ffffff\u00bb thickness=\u00bb2&#8243; margin_top=\u00bb0&#8243; margin_bottom=\u00bb50&#8243;][vc_row_inner][vc_column_inner width=\u00bb1\/3&#8243;][mk_milestone icon=\u00bbmk-moon-stats-up\u00bb icon_size=\u00bbmedium\u00bb align=\u00bbcenter\u00bb icon_color=\u00bb#ffffff\u00bb stop=\u00bb75&#8243; suffix=\u00bbM\u20ac\u00bb text=\u00bbVolume de Neg\u00f3cios\u00bb text_color=\u00bb#f7f7f7&#8243; font_family=\u00bbnone\u00bb][mk_padding_divider size=\u00bb32&#8243; visibility=\u00bbvisible-sm\u00bb][\/vc_column_inner][vc_column_inner width=\u00bb1\/3&#8243;][mk_milestone icon=\u00bbmk-icon-users\u00bb icon_size=\u00bbmedium\u00bb align=\u00bbcenter\u00bb icon_color=\u00bb#ffffff\u00bb stop=\u00bb850&#8243; text=\u00bbColaboradores\u00bb text_color=\u00bb#f7f7f7&#8243; font_family=\u00bbnone\u00bb][mk_padding_divider size=\u00bb32&#8243; visibility=\u00bbvisible-sm\u00bb][\/vc_column_inner][vc_column_inner width=\u00bb1\/3&#8243;][mk_milestone icon=\u00bbmk-icon-briefcase\u00bb icon_size=\u00bbmedium\u00bb align=\u00bbcenter\u00bb icon_color=\u00bb#ffffff\u00bb stop=\u00bb80&#8243; suffix=\u00bbM\u20ac\u00bb text=\u00bbTotal de Ativos\u00bb text_color=\u00bb#f7f7f7&#8243; font_family=\u00bbnone\u00bb][mk_padding_divider size=\u00bb32&#8243; visibility=\u00bbvisible-sm\u00bb][\/vc_column_inner][\/vc_row_inner][\/vc_column][\/vc_row][vc_row fullwidth=\u00bbtrue\u00bb fullwidth_content=\u00bbfalse\u00bb css=\u00bb.vc_custom_1565607270022{padding-top: 100px !important;padding-right: 15px !important;padding-bottom: 100px !important;padding-left: 15px !important;background-image: url(https:\/\/ewp-portugal.com\/wp-content\/uploads\/2019\/08\/design-sem-nome-20.jpg?id=2538) !important;background-position: center !important;background-repeat: no-repeat !important;background-size: cover !important;}\u00bb][vc_column][mk_padding_divider size=\u00bb100&#8243; visibility=\u00bbhidden-sm\u00bb][mk_fancy_title strip_tags=\u00bbtrue\u00bb tag_name=\u00bbh4&#8243; color=\u00bb#ffffff\u00bb size=\u00bb32&#8243; force_font_size=\u00bbtrue\u00bb size_phone=\u00bb30&#8243; font_weight=\u00bbbold\u00bb margin_bottom=\u00bb0&#8243; font_family=\u00bbnone\u00bb align=\u00bbright\u00bb][\/mk_fancy_title][\/vc_column][\/vc_row][vc_row][vc_column][mk_padding_divider size=\u00bb80&#8243;][\/vc_column][\/vc_row][vc_row css=\u00bb.vc_custom_1559225497708{padding-bottom: 25px !important;}\u00bb][vc_column][mk_fancy_title strip_tags=\u00bbtrue\u00bb color=\u00bb#0a0a0a\u00bb size=\u00bb40&#8243; font_weight=\u00bbbold\u00bb margin_bottom=\u00bb0&#8243; font_family=\u00bbnone\u00bb align=\u00bbcenter\u00bb]\n<h1><strong>Linhas de Apoio ao Investimento<\/strong><\/h1>\n[\/mk_fancy_title][mk_divider style=\u00bbthin_solid\u00bb divider_width=\u00bbcustom_width\u00bb custom_width=\u00bb50&#8243; thin_single_color=\u00bb#bf1c20&#8243; thickness=\u00bb2&#8243; margin_top=\u00bb0&#8243; margin_bottom=\u00bb50&#8243;][vc_column_text css=\u00bb.vc_custom_1730829473007{margin-bottom: 0px !important;}\u00bb]A procura de financiamento \u00e9 muitas vezes uma necessidade no ciclo de vida das empresas. Seja uma startup \u00e0 procura de investimento ou investidores para come\u00e7ar ou de uma empresa madura para fazer face a tesouraria, seja qual for as raz\u00f5es para ter uma estrat\u00e9gia de apoio ao financiamento que suporte o crescimento e desenvolvimento, deve ser algo presente na agenda de qualquer empres\u00e1rio.[\/vc_column_text][vc_column_text css=\u00bb.vc_custom_1730829548224{margin-bottom: 0px !important;}\u00bb]Existem financiamentos de v\u00e1rias naturezas e a nossa equipa de peritos presta todo o apoio para preparar a sua empresa para a obten\u00e7\u00e3o dos melhores resultados.<\/p>\n<p>&nbsp;[\/vc_column_text][mk_icon_box icon=\u00bbmk-icon-arrow-circle-right\u00bb title=\u00bbFinanciamento Banc\u00e1rio\u00bb text_size=\u00bb20&#8243; icon_size=\u00bbmedium\u00bb]Para tal vai precisar, n\u00e3o s\u00f3 de ter a sua contabilidade em dia mas, o banco poder\u00e1 solicitar outras dilig\u00eancias aos seus consultores, como estudos de viabilidade, ou plano de neg\u00f3cios. A nossa equipa dar\u00e1 todo o apoio na prepara\u00e7\u00e3o da documenta\u00e7\u00e3o necess\u00e1ria.[\/mk_icon_box][mk_icon_box icon=\u00bbmk-icon-arrow-circle-right\u00bb title=\u00bbIncentivos Comunit\u00e1rios\u00bb text_size=\u00bb20&#8243; icon_size=\u00bbmedium\u00bb]Os quadros comunit\u00e1rioss disp\u00f5em de v\u00e1rios programas que as empresas poderem concorrer. Esses processos s\u00e3o complexos e espec\u00edficos do programa em si, e do setor. Neste contexto a nossa equipa de peritos dar\u00e1 apoio na identifica\u00e7\u00e3o do sistema de incentivos que melhor se adequa \u00e0 realidade da empresa, na busca da maximiza\u00e7\u00e3o dos apoios financeiros.[\/mk_icon_box][mk_icon_box icon=\u00bbmk-icon-arrow-circle-right\u00bb title=\u00bbIncentivos Fiscais\u00bb text_size=\u00bb20&#8243; icon_size=\u00bbmedium\u00bb]Os benef\u00edcios e incentivos fiscais podem ser um importante motor de crescimento das empresas, por via do apoio \u00e0s suas iniciativas de inova\u00e7\u00e3o, investiga\u00e7\u00e3o e desenvolvimento. A nossa equipa vai ajuda-lo na identifica\u00e7\u00e3o e acesso aos incentivos fiscais dispon\u00edveis para a sua empresa.[\/mk_icon_box][mk_icon_box icon=\u00bbmk-icon-arrow-circle-right\u00bb title=\u00bbSubs\u00eddios e Apoio \u00e0 Contrata\u00e7\u00e3o e Capital Humano\u00bb text_size=\u00bb20&#8243; icon_size=\u00bbmedium\u00bb]Existem in\u00fameros apoios \u00e0 contrata\u00e7\u00e3o, tanto para promover a inckus\u00e3o e diversidade no ambiente de trabalho quanto para incentivar o desenvolvimento de novas compet\u00eancias. Esses incentivos facilitam a integra\u00e7\u00e3o de diferentes perfis de Colaboradores, contribuindo para um mercado de trabalho mais inclusivo e din\u00e2mico.[\/mk_icon_box][\/vc_column][\/vc_row][vc_row][vc_column][mk_padding_divider][vc_column_text css=\u00bb.vc_custom_1719506181528{margin-bottom: 0px !important;}\u00bb]\n<blockquote>\n<p style=\"text-align: center;\"><strong>Temos uma equipa multidisciplinar de consultores especializados que garantem todos os requisitos t\u00e9cnicos e de confidencialidade para ter o melhor enquadramento e servi\u00e7o.<\/strong><\/p>\n<\/blockquote>\n[\/vc_column_text][\/vc_column][\/vc_row][vc_row fullwidth=\u00bbtrue\u00bb fullwidth_content=\u00bbfalse\u00bb css=\u00bb.vc_custom_1718382386910{padding-top: 70px !important;background-color: #666666 !important;}\u00bb][vc_column][mk_fancy_title strip_tags=\u00bbtrue\u00bb color=\u00bb#ffffff\u00bb size=\u00bb40&#8243; font_weight=\u00bbbold\u00bb margin_bottom=\u00bb0&#8243; font_family=\u00bbnone\u00bb align=\u00bbcenter\u00bb]\n<h2 style=\"text-align: left;\">Contacte-nos<\/h2>\n[\/mk_fancy_title][\/vc_column][\/vc_row][vc_row fullwidth=\u00bbtrue\u00bb fullwidth_content=\u00bbfalse\u00bb css=\u00bb.vc_custom_1718382341007{padding-top: 20px !important;padding-bottom: 70px !important;background-color: #666666 !important;}\u00bb][vc_column width=\u00bb1\/2&#8243;][mk_button dimension=\u00bbflat\u00bb corner_style=\u00bbfull_rounded\u00bb size=\u00bbxx-large\u00bb icon_anim=\u00bbside\u00bb url=\u00bbhttps:\/\/ewp-portugal.com\/quero-ser-contactado\/\u00bb target=\u00bb_blank\u00bb align=\u00bbcenter\u00bb fullwidth=\u00bbtrue\u00bb el_class=\u00bbsercontactado\u00bb bg_color=\u00bb#bf1c20&#8243;]Quero ser contactado[\/mk_button][\/vc_column][vc_column width=\u00bb1\/2&#8243;][mk_button dimension=\u00bbflat\u00bb corner_style=\u00bbfull_rounded\u00bb size=\u00bbxx-large\u00bb icon_anim=\u00bbside\u00bb url=\u00bbhttps:\/\/ewp-portugal.com\/pedido-de-proposta\/\u00bb target=\u00bb_blank\u00bb align=\u00bbcenter\u00bb fullwidth=\u00bbtrue\u00bb el_class=\u00bbpedirproposta\u00bb bg_color=\u00bb#bf1c20&#8243;]Pedido de proposta[\/mk_button][\/vc_column][\/vc_row]\n","protected":false},"excerpt":{"rendered":"<p>[vc_row fullwidth=\u00bbtrue\u00bb fullwidth_content=\u00bbfalse\u00bb disable_element=\u00bbyes\u00bb css=\u00bb.vc_custom_1719505607007{padding-top: 100px !important;padding-right: 15px !important;padding-bottom: 100px !important;padding-left: 15px !important;background-image: url(https:\/\/ewp-portugal.com\/wp-content\/uploads\/2021\/06\/design-sem-nome-18.jpg?id=9431) !important;background-position: center !important;background-repeat: no-repeat !important;background-size: cover !important;}\u00bb][vc_column][mk_padding_divider size=\u00bb100&#8243; visibility=\u00bbhidden-sm\u00bb][mk_fancy_title strip_tags=\u00bbtrue\u00bb tag_name=\u00bbh4&#8243; color=\u00bb#ffffff\u00bb size=\u00bb32&#8243; force_font_size=\u00bbtrue\u00bb size_phone=\u00bb30&#8243; font_weight=\u00bbbold\u00bb margin_bottom=\u00bb0&#8243; font_family=\u00bbnone\u00bb align=\u00bbright\u00bb] Linhas de Apoio ao Investimento [\/mk_fancy_title][\/vc_column][\/vc_row][vc_row animation=\u00bbscale-up\u00bb disable_element=\u00bbyes\u00bb css=\u00bb.vc_custom_1719505611885{padding-top: 100px !important;padding-bottom: 50px !important;}\u00bb][vc_column][mk_fancy_title strip_tags=\u00bbtrue\u00bb color=\u00bb#555555&#8243; size=\u00bb32&#8243; force_font_size=\u00bbtrue\u00bb size_phone=\u00bb26&#8243; font_weight=\u00bbbold\u00bb margin_bottom=\u00bb0&#8243; font_family=\u00bbnone\u00bb align=\u00bbcenter\u00bb]Linhas [&hellip;]<\/p>\n","protected":false},"author":1,"featured_media":0,"parent":0,"menu_order":0,"comment_status":"closed","ping_status":"closed","template":"","meta":{"_monsterinsights_skip_tracking":false,"_monsterinsights_sitenote_active":false,"_monsterinsights_sitenote_note":"","_monsterinsights_sitenote_category":0,"footnotes":""},"class_list":["post-289","page","type-page","status-publish","hentry"],"_links":{"self":[{"href":"https:\/\/ewp-portugal.com\/es\/wp-json\/wp\/v2\/pages\/289","targetHints":{"allow":["GET"]}}],"collection":[{"href":"https:\/\/ewp-portugal.com\/es\/wp-json\/wp\/v2\/pages"}],"about":[{"href":"https:\/\/ewp-portugal.com\/es\/wp-json\/wp\/v2\/types\/page"}],"author":[{"embeddable":true,"href":"https:\/\/ewp-portugal.com\/es\/wp-json\/wp\/v2\/users\/1"}],"replies":[{"embeddable":true,"href":"https:\/\/ewp-portugal.com\/es\/wp-json\/wp\/v2\/comments?post=289"}],"version-history":[{"count":7,"href":"https:\/\/ewp-portugal.com\/es\/wp-json\/wp\/v2\/pages\/289\/revisions"}],"predecessor-version":[{"id":18742,"href":"https:\/\/ewp-portugal.com\/es\/wp-json\/wp\/v2\/pages\/289\/revisions\/18742"}],"wp:attachment":[{"href":"https:\/\/ewp-portugal.com\/es\/wp-json\/wp\/v2\/media?parent=289"}],"curies":[{"name":"wp","href":"https:\/\/api.w.org\/{rel}","templated":true}]}}