{"id":281,"date":"2019-05-08T16:00:59","date_gmt":"2019-05-08T16:00:59","guid":{"rendered":"https:\/\/ewp-portugal.com\/gestao-de-pmes\/contabilidade-e-apoio-a-gestao-2\/"},"modified":"2021-08-27T10:25:30","modified_gmt":"2021-08-27T09:25:30","slug":"recursos-humanos","status":"publish","type":"page","link":"https:\/\/ewp-portugal.com\/es\/recursos-humanos\/","title":{"rendered":"Gest\u00e3o de Pessoas"},"content":{"rendered":"[vc_row fullwidth=\u00bbtrue\u00bb fullwidth_content=\u00bbfalse\u00bb css=\u00bb.vc_custom_1564582855339{padding-top: 100px !important;padding-right: 15px !important;padding-bottom: 100px !important;padding-left: 15px !important;background-image: url(https:\/\/ewp-portugal.com\/wp-content\/uploads\/2019\/07\/design-sem-nome-3.png?id=1915) !important;background-position: center !important;background-repeat: no-repeat !important;background-size: cover !important;}\u00bb][vc_column][mk_padding_divider size=\u00bb100&#8243; visibility=\u00bbhidden-sm\u00bb][mk_fancy_title strip_tags=\u00bbtrue\u00bb tag_name=\u00bbh4&#8243; color=\u00bb#ffffff\u00bb size=\u00bb32&#8243; force_font_size=\u00bbtrue\u00bb size_phone=\u00bb30&#8243; font_weight=\u00bbbold\u00bb margin_bottom=\u00bb0&#8243; font_family=\u00bbnone\u00bb align=\u00bbright\u00bb]Recursos Humanos | Consultoria[\/mk_fancy_title][\/vc_column][\/vc_row][vc_row animation=\u00bbscale-up\u00bb css=\u00bb.vc_custom_1564737441439{padding-top: 50px !important;padding-bottom: 100px !important;}\u00bb id=\u00bbmudancas\u00bb][vc_column][mk_fancy_title strip_tags=\u00bbtrue\u00bb color=\u00bb#555555&#8243; size=\u00bb32&#8243; force_font_size=\u00bbtrue\u00bb size_phone=\u00bb26&#8243; font_weight=\u00bbbold\u00bb margin_bottom=\u00bb0&#8243; font_family=\u00bbnone\u00bb align=\u00bbcenter\u00bb animation=\u00bbscale-up\u00bb]O que vai mudar?[\/mk_fancy_title][mk_divider style=\u00bbthin_solid\u00bb divider_width=\u00bbcustom_width\u00bb custom_width=\u00bb50&#8243; thin_single_color=\u00bb#bf1c20&#8243; thickness=\u00bb2&#8243; margin_top=\u00bb0&#8243; margin_bottom=\u00bb50&#8243;][vc_row_inner][vc_column_inner offset=\u00bbvc_col-lg-4 vc_col-md-12&#8243;][mk_icon_box icon=\u00bbmk-icon-external-link-square\u00bb title=\u00bbEstrat\u00e9gia\u00bb text_size=\u00bb20&#8243; font_weight=\u00bbbold\u00bb style=\u00bbboxed\u00bb icon_location=\u00bbtop\u00bb icon_color=\u00bb#bf1c20&#8243; icon_circle_color=\u00bb#ffffff\u00bb icon_circle_border_color=\u00bb#ffffff\u00bb title_color=\u00bb#bf1c20&#8243; txt_color=\u00bb#555555&#8243; txt_link_color=\u00bb#555555&#8243; margin=\u00bb0&#8243;]Incrementar o n\u00edvel de capacita\u00e7\u00e3o\u00a0da Empresa para responder ao\u00a0mercadoe antecipar-se \u00e0\u00a0concorr\u00eancia.[\/mk_icon_box][mk_padding_divider size=\u00bb35&#8243; visibility=\u00bbhidden-dt\u00bb][\/vc_column_inner][vc_column_inner offset=\u00bbvc_col-lg-4 vc_col-md-12&#8243;][mk_icon_box icon=\u00bbmk-icon-gear\u00bb title=\u00bbProcesso\u00bb text_size=\u00bb20&#8243; font_weight=\u00bbbold\u00bb style=\u00bbboxed\u00bb icon_location=\u00bbtop\u00bb icon_color=\u00bb#bf1c20&#8243; icon_circle_color=\u00bb#ffffff\u00bb icon_circle_border_color=\u00bb#ffffff\u00bb title_color=\u00bb#bf1c20&#8243; txt_color=\u00bb#555555&#8243; txt_link_color=\u00bb#555555&#8243; margin=\u00bb0&#8243;]Apoiar <a href=\"https:\/\/ewp-portugal.com\/gestao-de-empresas\/\">decis\u00f5es\u00a0de\u00a0gest\u00e3o\u00a0<\/a>baseadas em factos e em\u00a0boas pr\u00e1ticas.[\/mk_icon_box][mk_padding_divider size=\u00bb35&#8243; visibility=\u00bbhidden-dt\u00bb][\/vc_column_inner][vc_column_inner offset=\u00bbvc_col-lg-4 vc_col-md-12&#8243;][mk_icon_box icon=\u00bbmk-moon-flag\u00bb title=\u00bbLideran\u00e7a\u00bb text_size=\u00bb20&#8243; font_weight=\u00bbbold\u00bb style=\u00bbboxed\u00bb icon_location=\u00bbtop\u00bb icon_color=\u00bb#bf1c20&#8243; icon_circle_color=\u00bb#ffffff\u00bb icon_circle_border_color=\u00bb#ffffff\u00bb title_color=\u00bb#bf1c20&#8243; txt_color=\u00bb#555555&#8243; txt_link_color=\u00bb#555555&#8243; margin=\u00bb0&#8243;]Refor\u00e7ar a\u00a0lideran\u00e7a como fator de crescimento da\u00a0Empresa\u00a0e dos\u00a0colaboradores.[\/mk_icon_box][mk_padding_divider size=\u00bb35&#8243; visibility=\u00bbhidden-dt\u00bb][\/vc_column_inner][\/vc_row_inner][mk_padding_divider size=\u00bb50&#8243; visibility=\u00bbvisible-dt\u00bb][vc_row_inner][vc_column_inner offset=\u00bbvc_col-lg-4 vc_col-md-12&#8243;][mk_icon_box icon=\u00bbmk-moon-lamp-3&#8243; title=\u00bbEfici\u00eancia\u00bb text_size=\u00bb20&#8243; font_weight=\u00bbbold\u00bb style=\u00bbboxed\u00bb icon_location=\u00bbtop\u00bb icon_color=\u00bb#bf1c20&#8243; icon_circle_color=\u00bb#ffffff\u00bb icon_circle_border_color=\u00bb#ffffff\u00bb title_color=\u00bb#bf1c20&#8243; txt_color=\u00bb#555555&#8243; txt_link_color=\u00bb#555555&#8243; margin=\u00bb0&#8243;]Aumentar o foco\u00a0no neg\u00f3cio atrav\u00e9s do\u00a0envolvimento,\u00a0comprometimento\u00a0e\u00a0reconhecimento dos colaboradores.[\/mk_icon_box][mk_padding_divider size=\u00bb35&#8243; visibility=\u00bbhidden-dt\u00bb][\/vc_column_inner][vc_column_inner offset=\u00bbvc_col-lg-4 vc_col-md-12&#8243;][mk_icon_box icon=\u00bbmk-icon-search\u00bb title=\u00bbControlo\u00bb text_size=\u00bb20&#8243; font_weight=\u00bbbold\u00bb style=\u00bbboxed\u00bb icon_location=\u00bbtop\u00bb icon_color=\u00bb#bf1c20&#8243; icon_circle_color=\u00bb#ffffff\u00bb icon_circle_border_color=\u00bb#ffffff\u00bb title_color=\u00bb#bf1c20&#8243; txt_color=\u00bb#555555&#8243; txt_link_color=\u00bb#555555&#8243; margin=\u00bb0&#8243;]Otimizar recursos, eliminar\u00a0redund\u00e2ncias e reduzir\u00a0custos.[\/mk_icon_box][mk_padding_divider size=\u00bb35&#8243; visibility=\u00bbhidden-dt\u00bb][\/vc_column_inner][vc_column_inner offset=\u00bbvc_col-lg-4 vc_col-md-12&#8243;][mk_icon_box icon=\u00bbmk-icon-user\u00bb title=\u00bbAconselhamento\u00bb text_size=\u00bb20&#8243; font_weight=\u00bbbold\u00bb style=\u00bbboxed\u00bb icon_location=\u00bbtop\u00bb icon_color=\u00bb#bf1c20&#8243; icon_circle_color=\u00bb#ffffff\u00bb icon_circle_border_color=\u00bb#ffffff\u00bb title_color=\u00bb#bf1c20&#8243; txt_color=\u00bb#555555&#8243; txt_link_color=\u00bb#555555&#8243; margin=\u00bb0&#8243;]Aceder a instrumentos\u00a0fi\u00e1veis, de f\u00e1cil utiliza\u00e7\u00e3o e\u00a0resultados reconhecidos.[\/mk_icon_box][\/vc_column_inner][\/vc_row_inner][\/vc_column][\/vc_row][mk_page_section layout_structure=\u00bbhalf_left\u00bb bg_image=\u00bbhttps:\/\/ewp-portugal.com\/wp-content\/uploads\/2019\/08\/design-sem-nome-34.jpg\u00bb bg_color=\u00bb#bf1c20&#8243; min_height=\u00bb550&#8243; padding_top=\u00bb50&#8243; padding_bottom=\u00bb50&#8243; animation=\u00bbscale-up\u00bb][vc_column][mk_padding_divider size=\u00bb20&#8243; visibility=\u00bbvisible-sm\u00bb][mk_fancy_title strip_tags=\u00bbtrue\u00bb tag_name=\u00bbh1&#8243; color=\u00bb#ffffff\u00bb size=\u00bb32&#8243; font_weight=\u00bbbold\u00bb margin_bottom=\u00bb0&#8243; font_family=\u00bbnone\u00bb responsive_align=\u00bbleft\u00bb]Reforce a Motiva\u00e7\u00e3o dos Seus Colaboradores[\/mk_fancy_title][mk_divider style=\u00bbthin_solid\u00bb divider_width=\u00bbcustom_width\u00bb custom_width=\u00bb50&#8243; align=\u00bbleft\u00bb thin_single_color=\u00bb#ffffff\u00bb thickness=\u00bb2&#8243; margin_top=\u00bb0&#8243; margin_bottom=\u00bb50&#8243;][vc_column_text disable_pattern=\u00bbfalse\u00bb margin_bottom=\u00bb30&#8243; css=\u00bb.vc_custom_1629212835271{margin-bottom: 0px !important;}\u00bb]<span style=\"color: #ffffff;\">Foi pensado para dotar as Pequenas e M\u00e9dias Empresas de colaboradores que influenciem a competitividade e a sustentabilidade, gerando uma organiza\u00e7\u00e3o coesa em torno do neg\u00f3cio.<\/span><\/p>\n<p><span style=\"color: #ffffff;\">Mobilizamos as nossas\u00a0<strong>compet\u00eancias<\/strong>,\u00a0<strong>experi\u00eancia<\/strong>\u00a0e\u00a0<strong>conhecimentos <\/strong>especializados em Recursos Humanos e em PME, suportados em modelos e ferramentas com resultados comprovados.<\/span><\/p>\n<p><span style=\"color: #ffffff;\">Este servi\u00e7o destina-se a empresas em fase de crescimento com necessidade de profissionaliza\u00e7\u00e3o da Gest\u00e3o de Recursos Humanos ou a \u00a0Empresas em processos de mudan\u00e7a espec\u00edficos decorrentes nomeadamente de fus\u00e3o, reestrutura\u00e7\u00e3o ou internacionaliza\u00e7\u00e3o.<\/span>[\/vc_column_text][vc_row_inner attached=\u00bbtrue\u00bb is_fullwidth_content=\u00bbfalse\u00bb][vc_column_inner offset=\u00bbvc_col-lg-4 vc_col-md-6&#8243;][mk_button dimension=\u00bboutline\u00bb size=\u00bbmedium\u00bb url=\u00bb#processo\u00bb button_custom_width=\u00bb150&#8243; margin_bottom=\u00bb-30&#8243; margin_right=\u00bb0&#8243; outline_skin=\u00bblight\u00bb]PROCESSO[\/mk_button][mk_padding_divider size=\u00bb50&#8243; visibility=\u00bbhidden-dt\u00bb][\/vc_column_inner][vc_column_inner offset=\u00bbvc_col-lg-4 vc_col-md-6&#8243;][mk_button dimension=\u00bboutline\u00bb size=\u00bbmedium\u00bb button_custom_width=\u00bb150&#8243; margin_bottom=\u00bb-30&#8243; margin_right=\u00bb0&#8243; el_class=\u00bbcontactformpopup\u00bb outline_skin=\u00bblight\u00bb]CONTACTAR[\/mk_button][mk_padding_divider size=\u00bb20&#8243; visibility=\u00bbhidden-dt\u00bb][\/vc_column_inner][vc_column_inner width=\u00bb1\/3&#8243; offset=\u00bbvc_hidden-sm vc_hidden-xs\u00bb][\/vc_column_inner][\/vc_row_inner][\/vc_column][\/mk_page_section][vc_row animation=\u00bbscale-up\u00bb css=\u00bb.vc_custom_1565191745990{padding-top: 100px !important;padding-bottom: 50px !important;}\u00bb][vc_column][mk_fancy_title strip_tags=\u00bbtrue\u00bb color=\u00bb#555555&#8243; size=\u00bb32&#8243; force_font_size=\u00bbtrue\u00bb size_phone=\u00bb26&#8243; font_weight=\u00bbbold\u00bb margin_bottom=\u00bb0&#8243; font_family=\u00bbnone\u00bb align=\u00bbcenter\u00bb]Quais s\u00e3o as necessidades da sua empresa?[\/mk_fancy_title][mk_divider style=\u00bbthin_solid\u00bb divider_width=\u00bbcustom_width\u00bb custom_width=\u00bb50&#8243; thin_single_color=\u00bb#bf1c20&#8243; thickness=\u00bb2&#8243; margin_top=\u00bb0&#8243; margin_bottom=\u00bb50&#8243;][vc_row_inner][vc_column_inner offset=\u00bbvc_col-lg-4 vc_col-md-12&#8243;][mk_custom_box padding_vertical=\u00bb50&#8243; padding_horizental=\u00bb25&#8243; margin_bottom=\u00bb25&#8243; min_height=\u00bb440&#8243; border_color_style=\u00bbsingle_color\u00bb border_color=\u00bb#f0f0f0&#8243; bg_stretch=\u00bbfalse\u00bb][mk_font_icons icon=\u00bbmk-moon-volume-high\u00bb color=\u00bb#bf1c20&#8243; size=\u00bblarge\u00bb margin_horizental=\u00bb0&#8243; margin_vertical=\u00bb0&#8243; align=\u00bbcenter\u00bb][vc_column_text disable_pattern=\u00bbfalse\u00bb css=\u00bb.vc_custom_1580379494560{margin-top: 20px !important;margin-bottom: 0px !important;padding-right: 20px !important;}\u00bb]\n<ul>\n<li>Adequar compet\u00eancias e n\u00edveis de desempenho visando a prossecu\u00e7\u00e3o dos objetivos<\/li>\n<li>Potenciar a comunica\u00e7\u00e3o interna como instrumento de gest\u00e3o<\/li>\n<\/ul>\n[\/vc_column_text][\/mk_custom_box][mk_padding_divider size=\u00bb32&#8243; visibility=\u00bbvisible-sm\u00bb][\/vc_column_inner][vc_column_inner offset=\u00bbvc_col-lg-4 vc_col-md-12&#8243;][mk_custom_box padding_vertical=\u00bb50&#8243; padding_horizental=\u00bb25&#8243; margin_bottom=\u00bb25&#8243; min_height=\u00bb440&#8243; border_color_style=\u00bbsingle_color\u00bb border_color=\u00bb#f0f0f0&#8243; bg_stretch=\u00bbfalse\u00bb][mk_font_icons icon=\u00bbmk-icon-users\u00bb color=\u00bb#bf1c20&#8243; size=\u00bblarge\u00bb margin_horizental=\u00bb0&#8243; margin_vertical=\u00bb0&#8243; align=\u00bbcenter\u00bb][vc_column_text disable_pattern=\u00bbfalse\u00bb css=\u00bb.vc_custom_1580379520099{margin-top: 20px !important;margin-bottom: 0px !important;padding-right: 20px !important;}\u00bb]\n<ul>\n<li>Racionalizar a estrutura e as fun\u00e7\u00f5es na organiza\u00e7\u00e3o<\/li>\n<li>Facilitar a exist\u00eancia de um bom clima interno<\/li>\n<li>Trabalhar a cultura da empresa<\/li>\n<\/ul>\n[\/vc_column_text][\/mk_custom_box][mk_padding_divider size=\u00bb32&#8243; visibility=\u00bbvisible-sm\u00bb][\/vc_column_inner][vc_column_inner offset=\u00bbvc_col-lg-4 vc_col-md-12&#8243;][mk_custom_box padding_vertical=\u00bb50&#8243; padding_horizental=\u00bb25&#8243; margin_bottom=\u00bb25&#8243; min_height=\u00bb440&#8243; background_hov_color_style=\u00bbimage\u00bb border_color_style=\u00bbsingle_color\u00bb border_color=\u00bb#f0f0f0&#8243; bg_stretch=\u00bbfalse\u00bb][mk_font_icons icon=\u00bbmk-icon-bullseye\u00bb color=\u00bb#bf1c20&#8243; size=\u00bblarge\u00bb margin_horizental=\u00bb0&#8243; margin_vertical=\u00bb0&#8243; align=\u00bbcenter\u00bb][vc_column_text disable_pattern=\u00bbfalse\u00bb css=\u00bb.vc_custom_1580379541470{margin-top: 20px !important;margin-bottom: 0px !important;padding-right: 20px !important;}\u00bb]\n<ul>\n<li>Aumentar a competitividade e a sustentabilidade da empresa por via das pessoas<\/li>\n<li>Implementar solu\u00e7\u00f5es de r\u00e1pido impacto nos colaboradores e em consequ\u00eancia noutros stakeholders (clientes e fornecedores)<\/li>\n<\/ul>\n[\/vc_column_text][\/mk_custom_box][\/vc_column_inner][\/vc_row_inner][\/vc_column][\/vc_row][vc_row animation=\u00bbscale-up\u00bb css=\u00bb.vc_custom_1564737446264{padding-top: 100px !important;padding-bottom: 50px !important;}\u00bb id=\u00bbprocesso\u00bb][vc_column][mk_fancy_title strip_tags=\u00bbtrue\u00bb color=\u00bb#555555&#8243; size=\u00bb32&#8243; force_font_size=\u00bbtrue\u00bb size_phone=\u00bb26&#8243; font_weight=\u00bbbold\u00bb margin_bottom=\u00bb0&#8243; font_family=\u00bbnone\u00bb align=\u00bbcenter\u00bb animation=\u00bbscale-up\u00bb]O nosso processo[\/mk_fancy_title][mk_divider style=\u00bbthin_solid\u00bb divider_width=\u00bbcustom_width\u00bb custom_width=\u00bb50&#8243; thin_single_color=\u00bb#bf1c20&#8243; thickness=\u00bb2&#8243; margin_top=\u00bb0&#8243; margin_bottom=\u00bb50&#8243;][vc_column_text disable_pattern=\u00bbfalse\u00bb align=\u00bbcenter\u00bb margin_bottom=\u00bb50&#8243; css=\u00bb.vc_custom_1580380163177{margin-bottom: 0px !important;}\u00bb]Desenvolvemos\u00a0<strong>iniciativas\u00a0adaptadas\u00a0<\/strong>a cada situa\u00e7\u00e3o e<strong>\u00a0apoiamos\u00a0a Empresa<\/strong> na elabora\u00e7\u00e3o e implementa\u00e7\u00e3o das\u00a0solu\u00e7\u00f5es.[\/vc_column_text][mk_steps hover_color=\u00bb#8b1d1a\u00bb icon_1=\u00bbmk-icon-users\u00bb title_1=\u00bbDiagn\u00f3stico dos Processos de Recursos Humanos\u00bb icon_2=\u00bbmk-icon-search\u00bb title_2=\u00bbIdentifica\u00e7\u00e3o dos Desafios e Prioridades\u00bb icon_3=\u00bbmk-icon-check\u00bb title_3=\u00bbDefini\u00e7\u00e3o das Medidas a Implementar\u00bb icon_4=\u00bbmk-icon-user\u00bb title_4=\u00bbApoio \u00e0 Implementa\u00e7\u00e3o e An\u00e1lise Sistem\u00e1tica\u00bb][\/vc_column][\/vc_row][vc_row css=\u00bb.vc_custom_1630055653047{padding-top: 100px !important;padding-bottom: 100px !important;}\u00bb][vc_column][mk_fancy_title strip_tags=\u00bbtrue\u00bb color=\u00bb#555555&#8243; size=\u00bb32&#8243; force_font_size=\u00bbtrue\u00bb size_phone=\u00bb26&#8243; font_weight=\u00bbbold\u00bb margin_bottom=\u00bb0&#8243; font_family=\u00bbnone\u00bb align=\u00bbcenter\u00bb animation=\u00bbscale-up\u00bb]Os nossos conte\u00fados[\/mk_fancy_title][mk_divider style=\u00bbthin_solid\u00bb divider_width=\u00bbcustom_width\u00bb custom_width=\u00bb50&#8243; thin_single_color=\u00bb#bf1c20&#8243; thickness=\u00bb2&#8243; margin_top=\u00bb0&#8243; margin_bottom=\u00bb50&#8243;][mk_blog_carousel count=\u00bb4&#8243; cat=\u00bb178&#8243;][\/vc_column][\/vc_row][vc_row fullwidth=\u00bbtrue\u00bb fullwidth_content=\u00bbfalse\u00bb animation=\u00bbscale-up\u00bb css=\u00bb.vc_custom_1629211324877{padding-top: 50px !important;padding-bottom: 25px !important;background: #222222 url(https:\/\/ewp-portugal.com\/wp-content\/uploads\/2021\/07\/apoio-a-gestao.jpg?id=9708) !important;background-position: center !important;background-repeat: no-repeat !important;background-size: cover !important;}\u00bb][vc_column][mk_fancy_title strip_tags=\u00bbtrue\u00bb color=\u00bb#ffffff\u00bb size=\u00bb32&#8243; font_weight=\u00bbbold\u00bb margin_bottom=\u00bb0&#8243; font_family=\u00bbnone\u00bb align=\u00bbcenter\u00bb]Os nossos clientes[\/mk_fancy_title][mk_divider style=\u00bbthin_solid\u00bb divider_width=\u00bbcustom_width\u00bb custom_width=\u00bb50&#8243; thin_single_color=\u00bb#ffffff\u00bb thickness=\u00bb2&#8243; margin_top=\u00bb0&#8243; margin_bottom=\u00bb50&#8243;][vc_row_inner][vc_column_inner width=\u00bb1\/3&#8243;][mk_milestone icon=\u00bbmk-moon-stats-up\u00bb icon_size=\u00bbmedium\u00bb align=\u00bbcenter\u00bb icon_color=\u00bb#ffffff\u00bb stop=\u00bb75&#8243; suffix=\u00bbM\u20ac\u00bb text=\u00bbVolume de Neg\u00f3cios\u00bb text_color=\u00bb#f7f7f7&#8243; font_family=\u00bbnone\u00bb][mk_padding_divider size=\u00bb32&#8243; visibility=\u00bbvisible-sm\u00bb][\/vc_column_inner][vc_column_inner width=\u00bb1\/3&#8243;][mk_milestone icon=\u00bbmk-icon-users\u00bb icon_size=\u00bbmedium\u00bb align=\u00bbcenter\u00bb icon_color=\u00bb#ffffff\u00bb stop=\u00bb850&#8243; text=\u00bbColaboradores\u00bb text_color=\u00bb#f7f7f7&#8243; font_family=\u00bbnone\u00bb][mk_padding_divider size=\u00bb32&#8243; visibility=\u00bbvisible-sm\u00bb][\/vc_column_inner][vc_column_inner width=\u00bb1\/3&#8243;][mk_milestone icon=\u00bbmk-icon-briefcase\u00bb icon_size=\u00bbmedium\u00bb align=\u00bbcenter\u00bb icon_color=\u00bb#ffffff\u00bb stop=\u00bb80&#8243; suffix=\u00bbM\u20ac\u00bb text=\u00bbTotal de Ativos\u00bb text_color=\u00bb#f7f7f7&#8243; font_family=\u00bbnone\u00bb][mk_padding_divider size=\u00bb32&#8243; visibility=\u00bbvisible-sm\u00bb][\/vc_column_inner][\/vc_row_inner][\/vc_column][\/vc_row]\n","protected":false},"excerpt":{"rendered":"<p>[vc_row fullwidth=\u00bbtrue\u00bb fullwidth_content=\u00bbfalse\u00bb css=\u00bb.vc_custom_1564582855339{padding-top: 100px !important;padding-right: 15px !important;padding-bottom: 100px !important;padding-left: 15px !important;background-image: url(https:\/\/ewp-portugal.com\/wp-content\/uploads\/2019\/07\/design-sem-nome-3.png?id=1915) !important;background-position: center !important;background-repeat: no-repeat !important;background-size: cover !important;}\u00bb][vc_column][mk_padding_divider size=\u00bb100&#8243; visibility=\u00bbhidden-sm\u00bb][mk_fancy_title strip_tags=\u00bbtrue\u00bb tag_name=\u00bbh4&#8243; color=\u00bb#ffffff\u00bb size=\u00bb32&#8243; force_font_size=\u00bbtrue\u00bb size_phone=\u00bb30&#8243; font_weight=\u00bbbold\u00bb margin_bottom=\u00bb0&#8243; font_family=\u00bbnone\u00bb align=\u00bbright\u00bb]Recursos Humanos | Consultoria[\/mk_fancy_title][\/vc_column][\/vc_row][vc_row animation=\u00bbscale-up\u00bb css=\u00bb.vc_custom_1564737441439{padding-top: 50px !important;padding-bottom: 100px !important;}\u00bb id=\u00bbmudancas\u00bb][vc_column][mk_fancy_title strip_tags=\u00bbtrue\u00bb color=\u00bb#555555&#8243; size=\u00bb32&#8243; force_font_size=\u00bbtrue\u00bb size_phone=\u00bb26&#8243; font_weight=\u00bbbold\u00bb margin_bottom=\u00bb0&#8243; font_family=\u00bbnone\u00bb align=\u00bbcenter\u00bb animation=\u00bbscale-up\u00bb]O que vai mudar?[\/mk_fancy_title][mk_divider [&hellip;]<\/p>\n","protected":false},"author":1,"featured_media":0,"parent":0,"menu_order":0,"comment_status":"closed","ping_status":"closed","template":"","meta":{"_monsterinsights_skip_tracking":false,"_monsterinsights_sitenote_active":false,"_monsterinsights_sitenote_note":"","_monsterinsights_sitenote_category":0,"footnotes":""},"class_list":["post-281","page","type-page","status-publish","hentry"],"_links":{"self":[{"href":"https:\/\/ewp-portugal.com\/es\/wp-json\/wp\/v2\/pages\/281","targetHints":{"allow":["GET"]}}],"collection":[{"href":"https:\/\/ewp-portugal.com\/es\/wp-json\/wp\/v2\/pages"}],"about":[{"href":"https:\/\/ewp-portugal.com\/es\/wp-json\/wp\/v2\/types\/page"}],"author":[{"embeddable":true,"href":"https:\/\/ewp-portugal.com\/es\/wp-json\/wp\/v2\/users\/1"}],"replies":[{"embeddable":true,"href":"https:\/\/ewp-portugal.com\/es\/wp-json\/wp\/v2\/comments?post=281"}],"version-history":[{"count":5,"href":"https:\/\/ewp-portugal.com\/es\/wp-json\/wp\/v2\/pages\/281\/revisions"}],"predecessor-version":[{"id":3554,"href":"https:\/\/ewp-portugal.com\/es\/wp-json\/wp\/v2\/pages\/281\/revisions\/3554"}],"wp:attachment":[{"href":"https:\/\/ewp-portugal.com\/es\/wp-json\/wp\/v2\/media?parent=281"}],"curies":[{"name":"wp","href":"https:\/\/api.w.org\/{rel}","templated":true}]}}