{"id":22948,"date":"2026-02-17T19:49:03","date_gmt":"2026-02-17T18:49:03","guid":{"rendered":"https:\/\/ewp-portugal.com\/?page_id=22948"},"modified":"2026-02-18T10:33:08","modified_gmt":"2026-02-18T09:33:08","slug":"valoracion-de-empresas","status":"publish","type":"page","link":"https:\/\/ewp-portugal.com\/es\/valoracion-de-empresas\/","title":{"rendered":"Valoraci\u00f3n de Empresas"},"content":{"rendered":"[vc_row fullwidth=\u00bbtrue\u00bb fullwidth_content=\u00bbfalse\u00bb css=\u00bb.vc_custom_1738335951500{padding-top: 100px !important;padding-right: 15px !important;padding-bottom: 100px !important;padding-left: 15px !important;background-image: url(https:\/\/ewp-portugal.com\/wp-content\/uploads\/2025\/01\/quem-somos-ewp-3.jpg?id=19679) !important;background-position: center !important;background-repeat: no-repeat !important;background-size: cover !important;}\u00bb][vc_column][mk_padding_divider size=\u00bb100&#8243; visibility=\u00bbhidden-sm\u00bb][mk_fancy_title strip_tags=\u00bbtrue\u00bb tag_name=\u00bbh4&#8243; color=\u00bb#ffffff\u00bb size=\u00bb32&#8243; force_font_size=\u00bbtrue\u00bb size_phone=\u00bb30&#8243; font_weight=\u00bbbold\u00bb margin_bottom=\u00bb0&#8243; font_family=\u00bbnone\u00bb align=\u00bbright\u00bb]\n<h2 id=\"fancy-title-54\" class=\"mk-fancy-title simple-style jupiter-donut- color-single\">Valoraci\u00f3n<\/h2>\n[\/mk_fancy_title][\/vc_column][\/vc_row][vc_row][vc_column][mk_padding_divider size=\u00bb80&#8243;][\/vc_column][\/vc_row][vc_row css=\u00bb.vc_custom_1559225497708{padding-bottom: 25px !important;}\u00bb][vc_column][mk_fancy_title strip_tags=\u00bbtrue\u00bb color=\u00bb#0a0a0a\u00bb size=\u00bb40&#8243; font_weight=\u00bbbold\u00bb margin_bottom=\u00bb0&#8243; font_family=\u00bbnone\u00bb align=\u00bbcenter\u00bb]\n<h1 style=\"text-align: left;\">Valoraci\u00f3n de empresas. El conocimiento es poder.<\/h1>\n[\/mk_fancy_title][mk_divider style=\u00bbthin_solid\u00bb divider_width=\u00bbcustom_width\u00bb custom_width=\u00bb50&#8243; thin_single_color=\u00bb#bf1c20&#8243; thickness=\u00bb2&#8243; margin_top=\u00bb0&#8243; margin_bottom=\u00bb50&#8243;][vc_column_text css=\u00bb.vc_custom_1771354265056{margin-bottom: 0px !important;}\u00bb]El proceso de valoraci\u00f3n de una empresa puede responder a distintos objetivos, como la compra, la venta, la fusi\u00f3n o el cierre del negocio.<\/p>\n<p>Cada una de estas situaciones implica decisiones estrat\u00e9gicas de gran relevancia, determinantes para el futuro de la empresa.<\/p>\n<p>Por ello, en EWP CONSULTING el proceso de valoraci\u00f3n tiene como objetivo identificar las fuentes de valor de la empresa, teniendo en cuenta tres factores esenciales: el conocimiento de sus caracter\u00edsticas espec\u00edficas, el sector en el que opera y los elementos que la diferencian.[\/vc_column_text][\/vc_column][\/vc_row][vc_row][vc_column][mk_fancy_title strip_tags=\u00bbtrue\u00bb color=\u00bb#0a0a0a\u00bb size=\u00bb40&#8243; font_weight=\u00bbbold\u00bb margin_bottom=\u00bb0&#8243; font_family=\u00bbnone\u00bb align=\u00bbcenter\u00bb]\n<h2>Nuestra Metodolog\u00eda<\/h2>\n[\/mk_fancy_title][mk_divider style=\u00bbthin_solid\u00bb divider_width=\u00bbcustom_width\u00bb custom_width=\u00bb50&#8243; thin_single_color=\u00bb#bf1c20&#8243; thickness=\u00bb2&#8243; margin_top=\u00bb0&#8243; margin_bottom=\u00bb50&#8243;][vc_column_text css=\u00bb.vc_custom_1771354296496{margin-bottom: 0px !important;}\u00bb]Todo el proceso de valoraci\u00f3n es coordinado por un Consultor Senior, que se encarga de comprender en profundidad el objetivo de la valoraci\u00f3n y de garantizar:[\/vc_column_text][mk_icon_box icon=\u00bbmk-icon-arrow-circle-right\u00bb title=\u00bbFase I \u2013 Recopilaci\u00f3n, An\u00e1lisis y Tratamiento de la Informaci\u00f3n Financiera y Operativa\u00bb text_size=\u00bb20&#8243; icon_size=\u00bbmedium\u00bb][\/mk_icon_box][mk_icon_box icon=\u00bbmk-icon-arrow-circle-right\u00bb title=\u00bbFase II \u2013 Selecci\u00f3n del M\u00e9todo de Valoraci\u00f3n y Preparaci\u00f3n del Modelo\u00bb text_size=\u00bb20&#8243; icon_size=\u00bbmedium\u00bb][\/mk_icon_box][mk_icon_box icon=\u00bbmk-icon-arrow-circle-right\u00bb title=\u00bbFase III \u2013 Realizaci\u00f3n de la Valoraci\u00f3n, con el objetivo de destacar la existencia de activos estrat\u00e9gicos\u00bb text_size=\u00bb20&#8243; icon_size=\u00bbmedium\u00bb][\/mk_icon_box][mk_icon_box icon=\u00bbmk-icon-arrow-circle-right\u00bb title=\u00bbFase IV \u2013 Preparaci\u00f3n y Presentaci\u00f3n del Informe de Valoraci\u00f3n\u00bb text_size=\u00bb20&#8243; icon_size=\u00bbmedium\u00bb][\/mk_icon_box][mk_padding_divider][vc_column_text css=\u00bb.vc_custom_1771354355896{margin-bottom: 0px !important;}\u00bb]\n<blockquote>\n<p style=\"text-align: center;\"><strong>Nuestro equipo de Valoraci\u00f3n de Empresas apoya a los clientes en la obtenci\u00f3n de un informe de valoraci\u00f3n completo, proporcionando informaci\u00f3n clave para la toma de decisiones y la maximizaci\u00f3n del valor de los activos.<\/strong><\/p>\n<\/blockquote>\n[\/vc_column_text][\/vc_column][\/vc_row][vc_row fullwidth=\u00bbtrue\u00bb fullwidth_content=\u00bbfalse\u00bb css=\u00bb.vc_custom_1718382386910{padding-top: 70px !important;background-color: #666666 !important;}\u00bb][vc_column][mk_fancy_title strip_tags=\u00bbtrue\u00bb color=\u00bb#ffffff\u00bb size=\u00bb40&#8243; font_weight=\u00bbbold\u00bb margin_bottom=\u00bb0&#8243; font_family=\u00bbnone\u00bb align=\u00bbcenter\u00bb]\n<h2>Cont\u00e1ctenos<\/h2>\n[\/mk_fancy_title][\/vc_column][\/vc_row][vc_row fullwidth=\u00bbtrue\u00bb fullwidth_content=\u00bbfalse\u00bb css=\u00bb.vc_custom_1718382341007{padding-top: 20px !important;padding-bottom: 70px !important;background-color: #666666 !important;}\u00bb][vc_column width=\u00bb1\/2&#8243;][mk_button dimension=\u00bbflat\u00bb corner_style=\u00bbfull_rounded\u00bb size=\u00bbxx-large\u00bb icon_anim=\u00bbside\u00bb url=\u00bbhttps:\/\/ewp-portugal.com\/es\/concertar-una-reunion\/\u00bb target=\u00bb_blank\u00bb align=\u00bbcenter\u00bb fullwidth=\u00bbtrue\u00bb el_class=\u00bb`{`wpforms id=\u00ab17667\u00ab`}`\u00bb bg_color=\u00bb#bf1c20&#8243;]Concertar una Reuni\u00f3n[\/mk_button][\/vc_column][vc_column width=\u00bb1\/2&#8243;][mk_button dimension=\u00bbflat\u00bb corner_style=\u00bbfull_rounded\u00bb size=\u00bbxx-large\u00bb icon_anim=\u00bbside\u00bb url=\u00bbhttps:\/\/ewp-portugal.com\/es\/solicitar-mas-informacion\/\u00bb target=\u00bb_blank\u00bb align=\u00bbcenter\u00bb fullwidth=\u00bbtrue\u00bb el_class=\u00bbpedirproposta\u00bb bg_color=\u00bb#bf1c20&#8243;]Solicitar M\u00e1s Informaci\u00f3n[\/mk_button][\/vc_column][\/vc_row]\n","protected":false},"excerpt":{"rendered":"<p>[vc_row fullwidth=\u00bbtrue\u00bb fullwidth_content=\u00bbfalse\u00bb css=\u00bb.vc_custom_1738335951500{padding-top: 100px !important;padding-right: 15px !important;padding-bottom: 100px !important;padding-left: 15px !important;background-image: url(https:\/\/ewp-portugal.com\/wp-content\/uploads\/2025\/01\/quem-somos-ewp-3.jpg?id=19679) !important;background-position: center !important;background-repeat: no-repeat !important;background-size: cover !important;}\u00bb][vc_column][mk_padding_divider size=\u00bb100&#8243; visibility=\u00bbhidden-sm\u00bb][mk_fancy_title strip_tags=\u00bbtrue\u00bb tag_name=\u00bbh4&#8243; color=\u00bb#ffffff\u00bb size=\u00bb32&#8243; force_font_size=\u00bbtrue\u00bb size_phone=\u00bb30&#8243; font_weight=\u00bbbold\u00bb margin_bottom=\u00bb0&#8243; font_family=\u00bbnone\u00bb align=\u00bbright\u00bb] Valoraci\u00f3n [\/mk_fancy_title][\/vc_column][\/vc_row][vc_row][vc_column][mk_padding_divider size=\u00bb80&#8243;][\/vc_column][\/vc_row][vc_row css=\u00bb.vc_custom_1559225497708{padding-bottom: 25px !important;}\u00bb][vc_column][mk_fancy_title strip_tags=\u00bbtrue\u00bb color=\u00bb#0a0a0a\u00bb size=\u00bb40&#8243; font_weight=\u00bbbold\u00bb margin_bottom=\u00bb0&#8243; font_family=\u00bbnone\u00bb align=\u00bbcenter\u00bb] Valoraci\u00f3n de empresas. El conocimiento es poder. [\/mk_fancy_title][mk_divider style=\u00bbthin_solid\u00bb divider_width=\u00bbcustom_width\u00bb [&hellip;]<\/p>\n","protected":false},"author":5,"featured_media":0,"parent":0,"menu_order":0,"comment_status":"closed","ping_status":"closed","template":"","meta":{"_monsterinsights_skip_tracking":false,"_monsterinsights_sitenote_active":false,"_monsterinsights_sitenote_note":"","_monsterinsights_sitenote_category":0,"footnotes":""},"class_list":["post-22948","page","type-page","status-publish","hentry"],"_links":{"self":[{"href":"https:\/\/ewp-portugal.com\/es\/wp-json\/wp\/v2\/pages\/22948","targetHints":{"allow":["GET"]}}],"collection":[{"href":"https:\/\/ewp-portugal.com\/es\/wp-json\/wp\/v2\/pages"}],"about":[{"href":"https:\/\/ewp-portugal.com\/es\/wp-json\/wp\/v2\/types\/page"}],"author":[{"embeddable":true,"href":"https:\/\/ewp-portugal.com\/es\/wp-json\/wp\/v2\/users\/5"}],"replies":[{"embeddable":true,"href":"https:\/\/ewp-portugal.com\/es\/wp-json\/wp\/v2\/comments?post=22948"}],"version-history":[{"count":5,"href":"https:\/\/ewp-portugal.com\/es\/wp-json\/wp\/v2\/pages\/22948\/revisions"}],"predecessor-version":[{"id":22984,"href":"https:\/\/ewp-portugal.com\/es\/wp-json\/wp\/v2\/pages\/22948\/revisions\/22984"}],"wp:attachment":[{"href":"https:\/\/ewp-portugal.com\/es\/wp-json\/wp\/v2\/media?parent=22948"}],"curies":[{"name":"wp","href":"https:\/\/api.w.org\/{rel}","templated":true}]}}