{"id":22943,"date":"2026-02-17T19:42:01","date_gmt":"2026-02-17T18:42:01","guid":{"rendered":"https:\/\/ewp-portugal.com\/?page_id=22943"},"modified":"2026-02-18T10:29:54","modified_gmt":"2026-02-18T09:29:54","slug":"compra-de-empresas","status":"publish","type":"page","link":"https:\/\/ewp-portugal.com\/es\/compra-de-empresas\/","title":{"rendered":"Compra de Empresas"},"content":{"rendered":"[vc_row fullwidth=\u00bbtrue\u00bb fullwidth_content=\u00bbfalse\u00bb css=\u00bb.vc_custom_1731956037971{padding-top: 100px !important;padding-right: 15px !important;padding-bottom: 100px !important;padding-left: 15px !important;background-image: url(https:\/\/ewp-portugal.com\/wp-content\/uploads\/2024\/11\/pag-servicos_compra-de-empresas-1.jpg?id=18894) !important;background-position: center !important;background-repeat: no-repeat !important;background-size: cover !important;}\u00bb][vc_column][mk_padding_divider size=\u00bb100&#8243; visibility=\u00bbhidden-sm\u00bb][mk_fancy_title strip_tags=\u00bbtrue\u00bb tag_name=\u00bbh4&#8243; color=\u00bb#ffffff\u00bb size=\u00bb32&#8243; force_font_size=\u00bbtrue\u00bb size_phone=\u00bb30&#8243; font_weight=\u00bbbold\u00bb margin_bottom=\u00bb0&#8243; font_family=\u00bbnone\u00bb align=\u00bbright\u00bb]\n<h2 id=\"fancy-title-54\" class=\"mk-fancy-title simple-style jupiter-donut- color-single\">Compra<\/h2>\n[\/mk_fancy_title][\/vc_column][\/vc_row][vc_row][vc_column][mk_padding_divider size=\u00bb80&#8243;][\/vc_column][\/vc_row][vc_row css=\u00bb.vc_custom_1559225497708{padding-bottom: 25px !important;}\u00bb][vc_column][mk_fancy_title strip_tags=\u00bbtrue\u00bb color=\u00bb#0a0a0a\u00bb size=\u00bb40&#8243; font_weight=\u00bbbold\u00bb margin_bottom=\u00bb0&#8243; font_family=\u00bbnone\u00bb align=\u00bbcenter\u00bb]\n<h1>Invertir en la Adquisici\u00f3n de una Empresa<\/h1>\n[\/mk_fancy_title][mk_divider style=\u00bbthin_solid\u00bb divider_width=\u00bbcustom_width\u00bb custom_width=\u00bb50&#8243; thin_single_color=\u00bb#bf1c20&#8243; thickness=\u00bb2&#8243; margin_top=\u00bb0&#8243; margin_bottom=\u00bb50&#8243;][vc_column_text css=\u00bb.vc_custom_1771353818905{margin-bottom: 0px !important;}\u00bb]La adquisici\u00f3n de una empresa requiere una estrategia de inversi\u00f3n clara y el apoyo de un equipo experimentado de asesor\u00eda en M&amp;A.<\/p>\n<p>EWP CONSULTING ofrece un acompa\u00f1amiento integral a lo largo de todo el proceso de identificaci\u00f3n, evaluaci\u00f3n y adquisici\u00f3n de empresas objetivo.<\/p>\n<p>Gracias a un profundo conocimiento del mercado y a una amplia red de partners, identificamos oportunidades de inversi\u00f3n atractivas en m\u00faltiples sectores.<\/p>\n<p>El crecimiento a trav\u00e9s de adquisiciones es una estrategia de inversi\u00f3n consolidada, que permite acelerar los ingresos, expandir mercados y crear valor a largo plazo.[\/vc_column_text][\/vc_column][\/vc_row][vc_row][vc_column][mk_fancy_title strip_tags=\u00bbtrue\u00bb color=\u00bb#0a0a0a\u00bb size=\u00bb40&#8243; font_weight=\u00bbbold\u00bb margin_bottom=\u00bb0&#8243; font_family=\u00bbnone\u00bb align=\u00bbcenter\u00bb]\n<h2>C\u00f3mo podemos ayudar:<\/h2>\n<h2>el enfoque EWP CONSULTING en 5 pasos<\/h2>\n[\/mk_fancy_title][mk_divider style=\u00bbthin_solid\u00bb divider_width=\u00bbcustom_width\u00bb custom_width=\u00bb50&#8243; thin_single_color=\u00bb#bf1c20&#8243; thickness=\u00bb2&#8243; margin_top=\u00bb0&#8243; margin_bottom=\u00bb50&#8243;][mk_icon_box icon=\u00bbmk-icon-arrow-circle-right\u00bb title=\u00bbPaso I \u2013 Caracterizaci\u00f3n de la Empresa Objetivo a Adquirir\u00bb text_size=\u00bb20&#8243; icon_size=\u00bbmedium\u00bb][\/mk_icon_box][mk_icon_box icon=\u00bbmk-icon-arrow-circle-right\u00bb title=\u00bbPaso II \u2013 Prospecci\u00f3n y Contacto con Potenciales Vendedores\u00bb text_size=\u00bb20&#8243; icon_size=\u00bbmedium\u00bb][\/mk_icon_box][mk_icon_box icon=\u00bbmk-icon-arrow-circle-right\u00bb title=\u00bbEtapa III &#8211; Valoriza\u00e7\u00e3o e Apresenta\u00e7\u00e3o proposta de Compra\u00bb text_size=\u00bb20&#8243; icon_size=\u00bbmedium\u00bb][\/mk_icon_box][mk_icon_box icon=\u00bbmk-icon-arrow-circle-right\u00bb title=\u00bbPaso IV \u2013 Due Diligence y Negociaci\u00f3n\u00bb text_size=\u00bb20&#8243; icon_size=\u00bbmedium\u00bb][\/mk_icon_box][mk_icon_box icon=\u00bbmk-icon-arrow-circle-right\u00bb title=\u00bbPaso V \u2013 Formalizaci\u00f3n y Cierre de la Transacci\u00f3n\u00bb text_size=\u00bb20&#8243; icon_size=\u00bbmedium\u00bb][\/mk_icon_box][mk_padding_divider][\/vc_column][\/vc_row][vc_row][vc_column][vc_column_text css=\u00bb.vc_custom_1771353943361{margin-bottom: 0px !important;}\u00bb]\n<blockquote>\n<p style=\"text-align: center;\"><strong>Existen muchas empresas, pero no todas representan buenas oportunidades de inversi\u00f3n. Cont\u00e1ctenos y descubra c\u00f3mo podemos ayudarle a encontrar la opci\u00f3n adecuada.<\/strong><\/p>\n<\/blockquote>\n[\/vc_column_text][\/vc_column][\/vc_row][vc_row fullwidth=\u00bbtrue\u00bb fullwidth_content=\u00bbfalse\u00bb css=\u00bb.vc_custom_1718382386910{padding-top: 70px !important;background-color: #666666 !important;}\u00bb][vc_column][mk_fancy_title strip_tags=\u00bbtrue\u00bb color=\u00bb#ffffff\u00bb size=\u00bb40&#8243; font_weight=\u00bbbold\u00bb margin_bottom=\u00bb0&#8243; font_family=\u00bbnone\u00bb align=\u00bbcenter\u00bb]\n<h1>Cont\u00e1ctenos<\/h1>\n[\/mk_fancy_title][\/vc_column][\/vc_row][vc_row fullwidth=\u00bbtrue\u00bb fullwidth_content=\u00bbfalse\u00bb css=\u00bb.vc_custom_1718382341007{padding-top: 20px !important;padding-bottom: 70px !important;background-color: #666666 !important;}\u00bb][vc_column width=\u00bb1\/2&#8243;][mk_button dimension=\u00bbflat\u00bb corner_style=\u00bbfull_rounded\u00bb size=\u00bbxx-large\u00bb icon_anim=\u00bbside\u00bb url=\u00bbhttps:\/\/ewp-portugal.com\/es\/concertar-una-reunion\/\u00bb target=\u00bb_blank\u00bb align=\u00bbcenter\u00bb fullwidth=\u00bbtrue\u00bb el_class=\u00bbsercontactado\u00bb bg_color=\u00bb#bf1c20&#8243;]Concertar una Reuni\u00f3n[\/mk_button][\/vc_column][vc_column width=\u00bb1\/2&#8243;][mk_button dimension=\u00bbflat\u00bb corner_style=\u00bbfull_rounded\u00bb size=\u00bbxx-large\u00bb icon_anim=\u00bbside\u00bb url=\u00bbhttps:\/\/ewp-portugal.com\/es\/solicitar-mas-informacion\/\u00bb target=\u00bb_blank\u00bb align=\u00bbcenter\u00bb fullwidth=\u00bbtrue\u00bb el_class=\u00bbpedirproposta\u00bb bg_color=\u00bb#bf1c20&#8243;]Solicitar M\u00e1s Informaci\u00f3n[\/mk_button][\/vc_column][\/vc_row]\n","protected":false},"excerpt":{"rendered":"<p>[vc_row fullwidth=\u00bbtrue\u00bb fullwidth_content=\u00bbfalse\u00bb css=\u00bb.vc_custom_1731956037971{padding-top: 100px !important;padding-right: 15px !important;padding-bottom: 100px !important;padding-left: 15px !important;background-image: url(https:\/\/ewp-portugal.com\/wp-content\/uploads\/2024\/11\/pag-servicos_compra-de-empresas-1.jpg?id=18894) !important;background-position: center !important;background-repeat: no-repeat !important;background-size: cover !important;}\u00bb][vc_column][mk_padding_divider size=\u00bb100&#8243; visibility=\u00bbhidden-sm\u00bb][mk_fancy_title strip_tags=\u00bbtrue\u00bb tag_name=\u00bbh4&#8243; color=\u00bb#ffffff\u00bb size=\u00bb32&#8243; force_font_size=\u00bbtrue\u00bb size_phone=\u00bb30&#8243; font_weight=\u00bbbold\u00bb margin_bottom=\u00bb0&#8243; font_family=\u00bbnone\u00bb align=\u00bbright\u00bb] Compra [\/mk_fancy_title][\/vc_column][\/vc_row][vc_row][vc_column][mk_padding_divider size=\u00bb80&#8243;][\/vc_column][\/vc_row][vc_row css=\u00bb.vc_custom_1559225497708{padding-bottom: 25px !important;}\u00bb][vc_column][mk_fancy_title strip_tags=\u00bbtrue\u00bb color=\u00bb#0a0a0a\u00bb size=\u00bb40&#8243; font_weight=\u00bbbold\u00bb margin_bottom=\u00bb0&#8243; font_family=\u00bbnone\u00bb align=\u00bbcenter\u00bb] Invertir en la Adquisici\u00f3n de una Empresa [\/mk_fancy_title][mk_divider style=\u00bbthin_solid\u00bb divider_width=\u00bbcustom_width\u00bb [&hellip;]<\/p>\n","protected":false},"author":5,"featured_media":0,"parent":0,"menu_order":0,"comment_status":"closed","ping_status":"closed","template":"","meta":{"_monsterinsights_skip_tracking":false,"_monsterinsights_sitenote_active":false,"_monsterinsights_sitenote_note":"","_monsterinsights_sitenote_category":0,"footnotes":""},"class_list":["post-22943","page","type-page","status-publish","hentry"],"_links":{"self":[{"href":"https:\/\/ewp-portugal.com\/es\/wp-json\/wp\/v2\/pages\/22943","targetHints":{"allow":["GET"]}}],"collection":[{"href":"https:\/\/ewp-portugal.com\/es\/wp-json\/wp\/v2\/pages"}],"about":[{"href":"https:\/\/ewp-portugal.com\/es\/wp-json\/wp\/v2\/types\/page"}],"author":[{"embeddable":true,"href":"https:\/\/ewp-portugal.com\/es\/wp-json\/wp\/v2\/users\/5"}],"replies":[{"embeddable":true,"href":"https:\/\/ewp-portugal.com\/es\/wp-json\/wp\/v2\/comments?post=22943"}],"version-history":[{"count":5,"href":"https:\/\/ewp-portugal.com\/es\/wp-json\/wp\/v2\/pages\/22943\/revisions"}],"predecessor-version":[{"id":22981,"href":"https:\/\/ewp-portugal.com\/es\/wp-json\/wp\/v2\/pages\/22943\/revisions\/22981"}],"wp:attachment":[{"href":"https:\/\/ewp-portugal.com\/es\/wp-json\/wp\/v2\/media?parent=22943"}],"curies":[{"name":"wp","href":"https:\/\/api.w.org\/{rel}","templated":true}]}}