{"id":22935,"date":"2026-02-17T19:32:52","date_gmt":"2026-02-17T18:32:52","guid":{"rendered":"https:\/\/ewp-portugal.com\/?page_id=22935"},"modified":"2026-02-18T10:31:06","modified_gmt":"2026-02-18T09:31:06","slug":"venta-de-empresas","status":"publish","type":"page","link":"https:\/\/ewp-portugal.com\/es\/venta-de-empresas\/","title":{"rendered":"Venta de Empresas"},"content":{"rendered":"[vc_row fullwidth=\u00bbtrue\u00bb fullwidth_content=\u00bbfalse\u00bb css=\u00bb.vc_custom_1732556413978{padding-top: 100px !important;padding-right: 15px !important;padding-bottom: 100px !important;padding-left: 15px !important;background-image: url(https:\/\/ewp-portugal.com\/wp-content\/uploads\/2024\/11\/pag-servicos_venda-de-empresas-4.jpg?id=18891) !important;background-position: center !important;background-repeat: no-repeat !important;background-size: cover !important;}\u00bb][vc_column][mk_padding_divider size=\u00bb100&#8243; visibility=\u00bbhidden-sm\u00bb][mk_fancy_title strip_tags=\u00bbtrue\u00bb tag_name=\u00bbh4&#8243; color=\u00bb#ffffff\u00bb size=\u00bb32&#8243; force_font_size=\u00bbtrue\u00bb size_phone=\u00bb30&#8243; font_weight=\u00bbbold\u00bb margin_bottom=\u00bb0&#8243; font_family=\u00bbnone\u00bb align=\u00bbright\u00bb]\n<h2 id=\"fancy-title-54\" class=\"mk-fancy-title simple-style jupiter-donut- color-single\">Venta<\/h2>\n[\/mk_fancy_title][\/vc_column][\/vc_row][vc_row][vc_column][mk_padding_divider size=\u00bb80&#8243;][\/vc_column][\/vc_row][vc_row css=\u00bb.vc_custom_1559225497708{padding-bottom: 25px !important;}\u00bb][vc_column][mk_fancy_title strip_tags=\u00bbtrue\u00bb color=\u00bb#0a0a0a\u00bb size=\u00bb40&#8243; font_weight=\u00bbbold\u00bb margin_bottom=\u00bb0&#8243; font_family=\u00bbnone\u00bb align=\u00bbcenter\u00bb]\n<h1>Vender una empresa. Transforme los retos en oportunidades<\/h1>\n[\/mk_fancy_title][mk_divider style=\u00bbthin_solid\u00bb divider_width=\u00bbcustom_width\u00bb custom_width=\u00bb50&#8243; thin_single_color=\u00bb#bf1c20&#8243; thickness=\u00bb2&#8243; margin_top=\u00bb0&#8243; margin_bottom=\u00bb50&#8243;][vc_column_text css=\u00bb.vc_custom_1771353344505{margin-bottom: 0px !important;}\u00bb]La venta de una empresa es un proceso delicado que requiere orientaci\u00f3n estrat\u00e9gica y el apoyo de un equipo especializado en asesor\u00eda de M&amp;A.<\/p>\n<p>Es fundamental garantizar acompa\u00f1amiento y seguimiento en cada etapa del proceso, con el m\u00e1ximo nivel de profesionalismo, compromiso y absoluta confidencialidad.<\/p>\n<p>Para atraer el inter\u00e9s de un potencial inversor, la venta de una empresa exige la definici\u00f3n de una estrategia adaptada a las particularidades de cada compa\u00f1\u00eda y de su mercado.[\/vc_column_text][\/vc_column][\/vc_row][vc_row][vc_column][mk_fancy_title strip_tags=\u00bbtrue\u00bb color=\u00bb#0a0a0a\u00bb size=\u00bb40&#8243; font_weight=\u00bbbold\u00bb margin_bottom=\u00bb0&#8243; font_family=\u00bbnone\u00bb align=\u00bbcenter\u00bb]\n<h2>C\u00f3mo trabajamos en EWP CONSULTING para apoyar a cada cliente. Proceso de venta en 5 etapas<\/h2>\n[\/mk_fancy_title][mk_divider style=\u00bbthin_solid\u00bb divider_width=\u00bbcustom_width\u00bb custom_width=\u00bb50&#8243; thin_single_color=\u00bb#bf1c20&#8243; thickness=\u00bb2&#8243; margin_top=\u00bb0&#8243; margin_bottom=\u00bb50&#8243;][mk_icon_box icon=\u00bbmk-icon-arrow-circle-right\u00bb title=\u00bbPaso I \u2013 An\u00e1lisis de la Empresa y del Mercado. Definici\u00f3n de la Estrategia de Venta\u00bb text_size=\u00bb20&#8243; icon_size=\u00bbmedium\u00bb][\/mk_icon_box][mk_icon_box icon=\u00bbmk-icon-arrow-circle-right\u00bb title=\u00bbEtapa II &#8211; Prospe\u00e7\u00e3o e contacto com Potenciais Investidores\u00bb text_size=\u00bb20&#8243; icon_size=\u00bbmedium\u00bb][\/mk_icon_box][mk_icon_box icon=\u00bbmk-icon-arrow-circle-right\u00bb title=\u00bbPaso III \u2013 Obtenci\u00f3n de una Oferta de Compra No Vinculante\u00bb text_size=\u00bb20&#8243; icon_size=\u00bbmedium\u00bb][\/mk_icon_box][mk_icon_box icon=\u00bbmk-icon-arrow-circle-right\u00bb title=\u00bbEtapa IV \u2013 Negocia\u00e7\u00e3o e Apoio Auditoria realizada pelo Investidor\u00bb text_size=\u00bb20&#8243; icon_size=\u00bbmedium\u00bb][\/mk_icon_box][mk_icon_box icon=\u00bbmk-icon-arrow-circle-right\u00bb title=\u00bbPaso V \u2013 Contrataci\u00f3n y Cierre de la Transacci\u00f3n\u00bb text_size=\u00bb20&#8243; icon_size=\u00bbmedium\u00bb][\/mk_icon_box][vc_column_text css=\u00bb.vc_custom_1771353474642{margin-bottom: 0px !important;}\u00bb]A lo largo de todo el proceso, establecemos contacto con empresas que operan en el mismo mercado o en mercados complementarios, as\u00ed como con Fondos de Inversi\u00f3n y Family Offices.<\/p>\n<p>En funci\u00f3n del tama\u00f1o de la empresa, adoptamos un enfoque nacional e internacional. EWP CONSULTING forma parte de IR Global, una red multidisciplinar de servicios profesionales financieros y legales a nivel mundial, que nos permite acceder a una red de aproximadamente 1.500 firmas en m\u00e1s de 100 pa\u00edses.[\/vc_column_text][mk_padding_divider][\/vc_column][\/vc_row][vc_row][vc_column][vc_column_text css=\u00bb.vc_custom_1771353493761{margin-bottom: 0px !important;}\u00bb]\n<blockquote>\n<p style=\"text-align: center;\"><strong>Encontrar el inversor adecuado para cada empresa requiere el compromiso, la experiencia y el profesionalismo que aportamos en cada etapa del proceso. Cont\u00e1ctenos para conocer m\u00e1s sobre nuestra metodolog\u00eda.<\/strong><\/p>\n<\/blockquote>\n[\/vc_column_text][\/vc_column][\/vc_row][vc_row fullwidth=\u00bbtrue\u00bb fullwidth_content=\u00bbfalse\u00bb css=\u00bb.vc_custom_1718382386910{padding-top: 70px !important;background-color: #666666 !important;}\u00bb][vc_column][mk_fancy_title strip_tags=\u00bbtrue\u00bb color=\u00bb#ffffff\u00bb size=\u00bb40&#8243; font_weight=\u00bbbold\u00bb margin_bottom=\u00bb0&#8243; font_family=\u00bbnone\u00bb align=\u00bbcenter\u00bb]\n<h2 style=\"text-align: left;\">Cont\u00e1ctenos<\/h2>\n[\/mk_fancy_title][\/vc_column][\/vc_row][vc_row fullwidth=\u00bbtrue\u00bb fullwidth_content=\u00bbfalse\u00bb css=\u00bb.vc_custom_1718382341007{padding-top: 20px !important;padding-bottom: 70px !important;background-color: #666666 !important;}\u00bb][vc_column width=\u00bb1\/2&#8243;][mk_button dimension=\u00bbflat\u00bb corner_style=\u00bbfull_rounded\u00bb size=\u00bbxx-large\u00bb icon_anim=\u00bbside\u00bb url=\u00bbhttps:\/\/ewp-portugal.com\/es\/concertar-una-reunion\/\u00bb target=\u00bb_blank\u00bb align=\u00bbcenter\u00bb fullwidth=\u00bbtrue\u00bb el_class=\u00bbsercontactado\u00bb bg_color=\u00bb#bf1c20&#8243;]Concertar una Reuni\u00f3n[\/mk_button][\/vc_column][vc_column width=\u00bb1\/2&#8243;][mk_button dimension=\u00bbflat\u00bb corner_style=\u00bbfull_rounded\u00bb size=\u00bbxx-large\u00bb icon_anim=\u00bbside\u00bb url=\u00bbhttps:\/\/ewp-portugal.com\/es\/solicitar-mas-informacion\/\u00bb target=\u00bb_blank\u00bb align=\u00bbcenter\u00bb fullwidth=\u00bbtrue\u00bb el_class=\u00bbpedirproposta\u00bb bg_color=\u00bb#bf1c20&#8243;]Solicitar M\u00e1s Informaci\u00f3n[\/mk_button][\/vc_column][\/vc_row]\n","protected":false},"excerpt":{"rendered":"<p>[vc_row fullwidth=\u00bbtrue\u00bb fullwidth_content=\u00bbfalse\u00bb css=\u00bb.vc_custom_1732556413978{padding-top: 100px !important;padding-right: 15px !important;padding-bottom: 100px !important;padding-left: 15px !important;background-image: url(https:\/\/ewp-portugal.com\/wp-content\/uploads\/2024\/11\/pag-servicos_venda-de-empresas-4.jpg?id=18891) !important;background-position: center !important;background-repeat: no-repeat !important;background-size: cover !important;}\u00bb][vc_column][mk_padding_divider size=\u00bb100&#8243; visibility=\u00bbhidden-sm\u00bb][mk_fancy_title strip_tags=\u00bbtrue\u00bb tag_name=\u00bbh4&#8243; color=\u00bb#ffffff\u00bb size=\u00bb32&#8243; force_font_size=\u00bbtrue\u00bb size_phone=\u00bb30&#8243; font_weight=\u00bbbold\u00bb margin_bottom=\u00bb0&#8243; font_family=\u00bbnone\u00bb align=\u00bbright\u00bb] Venta [\/mk_fancy_title][\/vc_column][\/vc_row][vc_row][vc_column][mk_padding_divider size=\u00bb80&#8243;][\/vc_column][\/vc_row][vc_row css=\u00bb.vc_custom_1559225497708{padding-bottom: 25px !important;}\u00bb][vc_column][mk_fancy_title strip_tags=\u00bbtrue\u00bb color=\u00bb#0a0a0a\u00bb size=\u00bb40&#8243; font_weight=\u00bbbold\u00bb margin_bottom=\u00bb0&#8243; font_family=\u00bbnone\u00bb align=\u00bbcenter\u00bb] Vender una empresa. Transforme los retos en oportunidades [\/mk_fancy_title][mk_divider style=\u00bbthin_solid\u00bb [&hellip;]<\/p>\n","protected":false},"author":5,"featured_media":0,"parent":0,"menu_order":0,"comment_status":"closed","ping_status":"closed","template":"","meta":{"_monsterinsights_skip_tracking":false,"_monsterinsights_sitenote_active":false,"_monsterinsights_sitenote_note":"","_monsterinsights_sitenote_category":0,"footnotes":""},"class_list":["post-22935","page","type-page","status-publish","hentry"],"_links":{"self":[{"href":"https:\/\/ewp-portugal.com\/es\/wp-json\/wp\/v2\/pages\/22935","targetHints":{"allow":["GET"]}}],"collection":[{"href":"https:\/\/ewp-portugal.com\/es\/wp-json\/wp\/v2\/pages"}],"about":[{"href":"https:\/\/ewp-portugal.com\/es\/wp-json\/wp\/v2\/types\/page"}],"author":[{"embeddable":true,"href":"https:\/\/ewp-portugal.com\/es\/wp-json\/wp\/v2\/users\/5"}],"replies":[{"embeddable":true,"href":"https:\/\/ewp-portugal.com\/es\/wp-json\/wp\/v2\/comments?post=22935"}],"version-history":[{"count":6,"href":"https:\/\/ewp-portugal.com\/es\/wp-json\/wp\/v2\/pages\/22935\/revisions"}],"predecessor-version":[{"id":22982,"href":"https:\/\/ewp-portugal.com\/es\/wp-json\/wp\/v2\/pages\/22935\/revisions\/22982"}],"wp:attachment":[{"href":"https:\/\/ewp-portugal.com\/es\/wp-json\/wp\/v2\/media?parent=22935"}],"curies":[{"name":"wp","href":"https:\/\/api.w.org\/{rel}","templated":true}]}}