{"id":22924,"date":"2026-02-17T19:11:52","date_gmt":"2026-02-17T18:11:52","guid":{"rendered":"https:\/\/ewp-portugal.com\/?page_id=22924"},"modified":"2026-02-18T10:25:42","modified_gmt":"2026-02-18T09:25:42","slug":"startups","status":"publish","type":"page","link":"https:\/\/ewp-portugal.com\/es\/startups\/","title":{"rendered":"Startups"},"content":{"rendered":"[vc_row fullwidth=\u00bbtrue\u00bb fullwidth_content=\u00bbfalse\u00bb css=\u00bb.vc_custom_1758648672178{padding-top: 100px !important;padding-right: 15px !important;padding-bottom: 100px !important;padding-left: 15px !important;background-image: url(https:\/\/ewp-portugal.com\/wp-content\/uploads\/2025\/09\/pag-servicos-startups.jpg?id=21097) !important;background-position: center !important;background-repeat: no-repeat !important;background-size: cover !important;}\u00bb][vc_column][mk_padding_divider size=\u00bb100&#8243; visibility=\u00bbhidden-sm\u00bb][mk_fancy_title strip_tags=\u00bbtrue\u00bb tag_name=\u00bbh4&#8243; color=\u00bb#ffffff\u00bb size=\u00bb32&#8243; force_font_size=\u00bbtrue\u00bb size_phone=\u00bb30&#8243; font_weight=\u00bbbold\u00bb margin_bottom=\u00bb0&#8243; font_family=\u00bbnone\u00bb align=\u00bbright\u00bb]\n<h2 id=\"fancy-title-54\" class=\"mk-fancy-title simple-style jupiter-donut- color-single\">Startups<\/h2>\n[\/mk_fancy_title][\/vc_column][\/vc_row][vc_row][vc_column][mk_padding_divider size=\u00bb80&#8243;][\/vc_column][\/vc_row][vc_row css=\u00bb.vc_custom_1559225497708{padding-bottom: 25px !important;}\u00bb][vc_column][mk_fancy_title strip_tags=\u00bbtrue\u00bb color=\u00bb#0a0a0a\u00bb size=\u00bb40&#8243; font_weight=\u00bbbold\u00bb margin_bottom=\u00bb0&#8243; font_family=\u00bbnone\u00bb align=\u00bbcenter\u00bb]\n<h1><strong>EWP CONSULTING apoya el Emprendimiento<\/strong><\/h1>\n[\/mk_fancy_title][mk_divider style=\u00bbthin_solid\u00bb divider_width=\u00bbcustom_width\u00bb custom_width=\u00bb50&#8243; thin_single_color=\u00bb#bf1c20&#8243; thickness=\u00bb2&#8243; margin_top=\u00bb0&#8243; margin_bottom=\u00bb50&#8243;][vc_column_text css=\u00bb.vc_custom_1771352449338{margin-bottom: 0px !important;}\u00bb]EWP CONSULTING presta servicios de generaci\u00f3n de ventaja competitiva para apoyar el emprendimiento, centr\u00e1ndose en los fundadores de startups para que puedan concentrarse en el desarrollo de su producto o servicio tecnol\u00f3gico.<\/p>\n<p>Esto incluye empresas SaaS, Marketing Digital, Dise\u00f1o Web, Inteligencia Artificial (IA) y Startups de Blockchain.<\/p>\n<p>EWP CONSULTING tambi\u00e9n apoya la Transformaci\u00f3n Digital del gobierno corporativo de startups, alineada con estrategias de crecimiento definidas.<\/p>\n<p>Le orientamos en funci\u00f3n de sus objetivos y le acompa\u00f1amos a lo largo de su recorrido en distintas \u00e1reas de especializaci\u00f3n.[\/vc_column_text][\/vc_column][\/vc_row][vc_row][vc_column][mk_padding_divider][mk_fancy_title strip_tags=\u00bbtrue\u00bb color=\u00bb#0a0a0a\u00bb size=\u00bb40&#8243; font_weight=\u00bbbold\u00bb margin_bottom=\u00bb0&#8243; font_family=\u00bbnone\u00bb align=\u00bbcenter\u00bb]\n<h1><strong>Servicios para Startups<\/strong><\/h1>\n[\/mk_fancy_title][mk_divider style=\u00bbthin_solid\u00bb divider_width=\u00bbcustom_width\u00bb custom_width=\u00bb50&#8243; thin_single_color=\u00bb#bf1c20&#8243; thickness=\u00bb2&#8243; margin_top=\u00bb0&#8243; margin_bottom=\u00bb50&#8243;][vc_column_text margin_bottom=\u00bb30&#8243; css=\u00bb.vc_custom_1771352458597{margin-bottom: 0px !important;}\u00bb]\n<h3 style=\"text-align: left;\"><strong>EWP CONSULTING ofrece apoyo en las siguientes \u00e1reas:<\/strong><\/h3>\n[\/vc_column_text][mk_custom_list style=\u00bbmk-icon-caret-right\u00bb]<strong>Plan de Negocio para Startups<\/strong><\/p>\n<p>&gt; El servicio de Desarrollo, Planificaci\u00f3n, Implementaci\u00f3n, Seguimiento y Control del Plan de Negocio de EWP CCONSULTING tiene como objetivo apoyar las decisiones de gesti\u00f3n adoptadas en diversas \u00e1reas, en particular:[\/mk_custom_list][mk_icon_box icon=\u00bbmk-icon-arrow-circle-right\u00bb title=\u00bbCreaci\u00f3n de empresas\u00bb text_size=\u00bb20&#8243; icon_size=\u00bbmedium\u00bb title_color=\u00bb#545454&#8243; txt_color=\u00bb#545454&#8243; margin=\u00bb20&#8243;][\/mk_icon_box][mk_icon_box icon=\u00bbmk-icon-arrow-circle-right\u00bb title=\u00bbLanzamiento de productos o \u00e1reas de negocio\u00bb text_size=\u00bb20&#8243; icon_size=\u00bbmedium\u00bb title_color=\u00bb#545454&#8243; txt_color=\u00bb#545454&#8243; margin=\u00bb20&#8243;][\/mk_icon_box][mk_icon_box icon=\u00bbmk-icon-arrow-circle-right\u00bb title=\u00bbCambios en la estrategia empresarial\u00bb text_size=\u00bb20&#8243; icon_size=\u00bbmedium\u00bb title_color=\u00bb#545454&#8243; txt_color=\u00bb#545454&#8243; margin=\u00bb20&#8243;][\/mk_icon_box][mk_icon_box icon=\u00bbmk-icon-arrow-circle-right\u00bb title=\u00bbCambios en la estructura corporativa\u00bb text_size=\u00bb20&#8243; icon_size=\u00bbmedium\u00bb title_color=\u00bb#545454&#8243; txt_color=\u00bb#545454&#8243; margin=\u00bb20&#8243;][\/mk_icon_box][mk_icon_box icon=\u00bbmk-icon-arrow-circle-right\u00bb title=\u00bbSolicitud de incentivos a la inversi\u00f3n\u00bb text_size=\u00bb20&#8243; icon_size=\u00bbmedium\u00bb title_color=\u00bb#545454&#8243; txt_color=\u00bb#545454&#8243; margin=\u00bb20&#8243;][\/mk_icon_box][mk_icon_box icon=\u00bbmk-icon-arrow-circle-right\u00bb title=\u00bbSolicitudes de financiaci\u00f3n\u00bb text_size=\u00bb20&#8243; icon_size=\u00bbmedium\u00bb title_color=\u00bb#545454&#8243; txt_color=\u00bb#545454&#8243; margin=\u00bb20&#8243;][\/mk_icon_box][mk_icon_box icon=\u00bbmk-icon-arrow-circle-right\u00bb title=\u00bbReestructuraci\u00f3n de deuda bancaria\u00bb text_size=\u00bb20&#8243; icon_size=\u00bbmedium\u00bb title_color=\u00bb#545454&#8243; txt_color=\u00bb#545454&#8243; margin=\u00bb50&#8243;][\/mk_icon_box][mk_custom_list style=\u00bbmk-icon-caret-right\u00bb]<strong>Servicio Integrado de Contabilidad y Apoyo a la Gesti\u00f3n para Startups<\/strong><\/p>\n<p>&gt; El Servicio Integrado prestado por EWP CONSULTING apoya, en particular, las siguientes \u00e1reas:<\/p>\n<ul>\n<li style=\"list-style-type: none;\"><\/li>\n<\/ul>\n[\/mk_custom_list][mk_icon_box icon=\u00bbmk-icon-arrow-circle-right\u00bb title=\u00bbContabilidad\u00bb text_size=\u00bb20&#8243; icon_size=\u00bbmedium\u00bb title_color=\u00bb#545454&#8243; txt_color=\u00bb#545454&#8243; margin=\u00bb20&#8243;][\/mk_icon_box][mk_icon_box icon=\u00bbmk-icon-arrow-circle-right\u00bb title=\u00bbPlanificaci\u00f3n Fiscal\u00bb text_size=\u00bb20&#8243; icon_size=\u00bbmedium\u00bb title_color=\u00bb#545454&#8243; txt_color=\u00bb#545454&#8243; margin=\u00bb20&#8243;][\/mk_icon_box][mk_icon_box icon=\u00bbmk-icon-arrow-circle-right\u00bb title=\u00bbControl de Gesti\u00f3n\u00bb text_size=\u00bb20&#8243; icon_size=\u00bbmedium\u00bb title_color=\u00bb#545454&#8243; txt_color=\u00bb#545454&#8243; margin=\u00bb20&#8243;][\/mk_icon_box][mk_icon_box icon=\u00bbmk-icon-arrow-circle-right\u00bb title=\u00bbApoyo a la Gesti\u00f3n\u00bb text_size=\u00bb20&#8243; read_more_txt=\u00bbSaber m\u00e1s\u00bb read_more_url=\u00bbhttps:\/\/ewp-portugal.com\/es\/consultoria-de-gestion\/\u00bb icon_size=\u00bbmedium\u00bb title_color=\u00bb#545454&#8243; txt_color=\u00bb#545454&#8243;][\/mk_icon_box][mk_custom_list style=\u00bb\u00bb]<strong>Proyecto de Inversi\u00f3n para Startups<\/strong><\/p>\n<p>&gt; El servicio de Proyecto de Inversi\u00f3n prestado por EWP CONSULTING apoya, en particular, las siguientes \u00e1reas:[\/mk_custom_list][mk_icon_box icon=\u00bbmk-icon-arrow-circle-right\u00bb title=\u00bbFinanciaci\u00f3n \u2013 Apoyo en solicitudes de financiaci\u00f3n bancaria y asistencia en los procesos de negociaci\u00f3n con entidades financieras\u00bb text_size=\u00bb20&#8243; icon_size=\u00bbmedium\u00bb title_color=\u00bb#545454&#8243; txt_color=\u00bb#545454&#8243; margin=\u00bb20&#8243;][\/mk_icon_box][mk_icon_box icon=\u00bbmk-icon-arrow-circle-right\u00bb title=\u00bbEstrategia \u2013 Evaluaci\u00f3n y\/o revisi\u00f3n del concepto de negocio y definici\u00f3n de la estrategia a seguir\u00bb text_size=\u00bb20&#8243; icon_size=\u00bbmedium\u00bb title_color=\u00bb#545454&#8243; txt_color=\u00bb#545454&#8243; margin=\u00bb20&#8243;][\/mk_icon_box][mk_icon_box icon=\u00bbmk-icon-arrow-circle-right\u00bb title=\u00bbInversi\u00f3n \u2013 Identificaci\u00f3n de la viabilidad econ\u00f3mica y financiera de una nueva empresa o inversi\u00f3n a realizar y preparaci\u00f3n de la documentaci\u00f3n a presentar a inversores\u00bb text_size=\u00bb20&#8243; icon_size=\u00bbmedium\u00bb title_color=\u00bb#545454&#8243; txt_color=\u00bb#545454&#8243; margin=\u00bb20&#8243;][\/mk_icon_box][mk_icon_box icon=\u00bbmk-icon-arrow-circle-right\u00bb title=\u00bbApoyo \u2013 Acceso a un conjunto de oportunidades de apoyo a la inversi\u00f3n disponibles en Portugal\u00bb text_size=\u00bb20&#8243; icon_size=\u00bbmedium\u00bb title_color=\u00bb#545454&#8243; txt_color=\u00bb#545454&#8243; margin=\u00bb20&#8243;][\/mk_icon_box][mk_icon_box icon=\u00bbmk-icon-arrow-circle-right\u00bb title=\u00bbApoios &#8211; Fornecer um conjunto de oportunidades de apoio ao investimento existentes em Portugal\u00bb text_size=\u00bb20&#8243; icon_size=\u00bbmedium\u00bb title_color=\u00bb#545454&#8243; txt_color=\u00bb#545454&#8243; margin=\u00bb50&#8243;][\/mk_icon_box][mk_fancy_title strip_tags=\u00bbtrue\u00bb color=\u00bb#0a0a0a\u00bb size=\u00bb40&#8243; font_weight=\u00bbbold\u00bb margin_bottom=\u00bb0&#8243; font_family=\u00bbnone\u00bb align=\u00bbcenter\u00bb]\n<h2>Metodologia<\/h2>\n[\/mk_fancy_title][mk_divider style=\u00bbthin_solid\u00bb divider_width=\u00bbcustom_width\u00bb custom_width=\u00bb50&#8243; thin_single_color=\u00bb#bf1c20&#8243; thickness=\u00bb2&#8243; margin_top=\u00bb0&#8243; margin_bottom=\u00bb50&#8243;][mk_custom_list style=\u00bbmk-icon-caret-right\u00bb]La metodolog\u00eda utilizada para cada uno de los servicios de apoyo prestados es la siguiente:[\/mk_custom_list][mk_icon_box icon=\u00bbmk-icon-arrow-circle-right\u00bb title=\u00bbPlan de Negocio\u00bb text_size=\u00bb20&#8243; read_more_txt=\u00bbSaber m\u00e1s\u00bb read_more_url=\u00bbhttps:\/\/ewp-portugal.com\/plano-de-negocios\/\u00bb icon_size=\u00bbmedium\u00bb title_color=\u00bb#545454&#8243; txt_color=\u00bb#545454&#8243; margin=\u00bb0&#8243;][\/mk_icon_box][mk_icon_box icon=\u00bbmk-icon-arrow-circle-right\u00bb title=\u00bbServicio Integrado de Contabilidad y Apoyo a la Gesti\u00f3n\u00bb text_size=\u00bb20&#8243; read_more_txt=\u00bbSaber m\u00e1s\u00bb read_more_url=\u00bbhttps:\/\/ewp-portugal.com\/contabilidade-e-apoio-a-gestao\/\u00bb icon_size=\u00bbmedium\u00bb title_color=\u00bb#545454&#8243; txt_color=\u00bb#545454&#8243; margin=\u00bb0&#8243;][\/mk_icon_box][mk_icon_box icon=\u00bbmk-icon-arrow-circle-right\u00bb title=\u00bbProyecto de Inversi\u00f3n\u00bb text_size=\u00bb20&#8243; read_more_txt=\u00bbSaber m\u00e1s\u00bb read_more_url=\u00bbhttps:\/\/ewp-portugal.com\/projeto-de-investimento\/\u00bb icon_size=\u00bbmedium\u00bb title_color=\u00bb#545454&#8243; txt_color=\u00bb#545454&#8243; margin=\u00bb0&#8243;][\/mk_icon_box][\/vc_column][\/vc_row][vc_row][vc_column][mk_padding_divider size=\u00bb80&#8243;][\/vc_column][\/vc_row][vc_row][vc_column][vc_column_text css=\u00bb.vc_custom_1771352716898{margin-bottom: 0px !important;}\u00bb]\n<blockquote>\n<p style=\"text-align: center;\"><strong>Nuestro equipo multidisciplinar garantiza calidad t\u00e9cnica y confidencialidad para ofrecer el mejor apoyo.<\/strong><\/p>\n<\/blockquote>\n[\/vc_column_text][\/vc_column][\/vc_row][vc_row fullwidth=\u00bbtrue\u00bb fullwidth_content=\u00bbfalse\u00bb css=\u00bb.vc_custom_1718382386910{padding-top: 70px !important;background-color: #666666 !important;}\u00bb][vc_column][mk_fancy_title strip_tags=\u00bbtrue\u00bb color=\u00bb#ffffff\u00bb size=\u00bb40&#8243; font_weight=\u00bbbold\u00bb margin_bottom=\u00bb0&#8243; font_family=\u00bbnone\u00bb align=\u00bbcenter\u00bb]\n<h2 style=\"text-align: left;\">Cont\u00e1ctenos<\/h2>\n[\/mk_fancy_title][\/vc_column][\/vc_row][vc_row fullwidth=\u00bbtrue\u00bb fullwidth_content=\u00bbfalse\u00bb css=\u00bb.vc_custom_1718382341007{padding-top: 20px !important;padding-bottom: 70px !important;background-color: #666666 !important;}\u00bb][vc_column width=\u00bb1\/2&#8243;][mk_button dimension=\u00bbflat\u00bb corner_style=\u00bbfull_rounded\u00bb size=\u00bbxx-large\u00bb icon_anim=\u00bbside\u00bb url=\u00bbhttps:\/\/ewp-portugal.com\/es\/concertar-una-reunion\/\u00bb target=\u00bb_blank\u00bb align=\u00bbcenter\u00bb fullwidth=\u00bbtrue\u00bb el_class=\u00bbsercontactado\u00bb bg_color=\u00bb#bf1c20&#8243;]Concertar una Reuni\u00f3n[\/mk_button][\/vc_column][vc_column width=\u00bb1\/2&#8243;][mk_button dimension=\u00bbflat\u00bb corner_style=\u00bbfull_rounded\u00bb size=\u00bbxx-large\u00bb icon_anim=\u00bbside\u00bb url=\u00bbhttps:\/\/ewp-portugal.com\/es\/solicitar-mas-informacion\/\u00bb target=\u00bb_blank\u00bb align=\u00bbcenter\u00bb fullwidth=\u00bbtrue\u00bb el_class=\u00bbpedirproposta\u00bb bg_color=\u00bb#bf1c20&#8243;]Solicitar M\u00e1s Informaci\u00f3n[\/mk_button][\/vc_column][\/vc_row]\n","protected":false},"excerpt":{"rendered":"<p>[vc_row fullwidth=\u00bbtrue\u00bb fullwidth_content=\u00bbfalse\u00bb css=\u00bb.vc_custom_1758648672178{padding-top: 100px !important;padding-right: 15px !important;padding-bottom: 100px !important;padding-left: 15px !important;background-image: url(https:\/\/ewp-portugal.com\/wp-content\/uploads\/2025\/09\/pag-servicos-startups.jpg?id=21097) !important;background-position: center !important;background-repeat: no-repeat !important;background-size: cover !important;}\u00bb][vc_column][mk_padding_divider size=\u00bb100&#8243; visibility=\u00bbhidden-sm\u00bb][mk_fancy_title strip_tags=\u00bbtrue\u00bb tag_name=\u00bbh4&#8243; color=\u00bb#ffffff\u00bb size=\u00bb32&#8243; force_font_size=\u00bbtrue\u00bb size_phone=\u00bb30&#8243; font_weight=\u00bbbold\u00bb margin_bottom=\u00bb0&#8243; font_family=\u00bbnone\u00bb align=\u00bbright\u00bb] Startups [\/mk_fancy_title][\/vc_column][\/vc_row][vc_row][vc_column][mk_padding_divider size=\u00bb80&#8243;][\/vc_column][\/vc_row][vc_row css=\u00bb.vc_custom_1559225497708{padding-bottom: 25px !important;}\u00bb][vc_column][mk_fancy_title strip_tags=\u00bbtrue\u00bb color=\u00bb#0a0a0a\u00bb size=\u00bb40&#8243; font_weight=\u00bbbold\u00bb margin_bottom=\u00bb0&#8243; font_family=\u00bbnone\u00bb align=\u00bbcenter\u00bb] EWP CONSULTING apoya el Emprendimiento [\/mk_fancy_title][mk_divider style=\u00bbthin_solid\u00bb divider_width=\u00bbcustom_width\u00bb custom_width=\u00bb50&#8243; thin_single_color=\u00bb#bf1c20&#8243; [&hellip;]<\/p>\n","protected":false},"author":5,"featured_media":0,"parent":0,"menu_order":0,"comment_status":"closed","ping_status":"closed","template":"","meta":{"_monsterinsights_skip_tracking":false,"_monsterinsights_sitenote_active":false,"_monsterinsights_sitenote_note":"","_monsterinsights_sitenote_category":0,"footnotes":""},"class_list":["post-22924","page","type-page","status-publish","hentry"],"_links":{"self":[{"href":"https:\/\/ewp-portugal.com\/es\/wp-json\/wp\/v2\/pages\/22924","targetHints":{"allow":["GET"]}}],"collection":[{"href":"https:\/\/ewp-portugal.com\/es\/wp-json\/wp\/v2\/pages"}],"about":[{"href":"https:\/\/ewp-portugal.com\/es\/wp-json\/wp\/v2\/types\/page"}],"author":[{"embeddable":true,"href":"https:\/\/ewp-portugal.com\/es\/wp-json\/wp\/v2\/users\/5"}],"replies":[{"embeddable":true,"href":"https:\/\/ewp-portugal.com\/es\/wp-json\/wp\/v2\/comments?post=22924"}],"version-history":[{"count":5,"href":"https:\/\/ewp-portugal.com\/es\/wp-json\/wp\/v2\/pages\/22924\/revisions"}],"predecessor-version":[{"id":22979,"href":"https:\/\/ewp-portugal.com\/es\/wp-json\/wp\/v2\/pages\/22924\/revisions\/22979"}],"wp:attachment":[{"href":"https:\/\/ewp-portugal.com\/es\/wp-json\/wp\/v2\/media?parent=22924"}],"curies":[{"name":"wp","href":"https:\/\/api.w.org\/{rel}","templated":true}]}}