{"id":22915,"date":"2026-02-17T19:01:09","date_gmt":"2026-02-17T18:01:09","guid":{"rendered":"https:\/\/ewp-portugal.com\/?page_id=22915"},"modified":"2026-02-18T10:18:13","modified_gmt":"2026-02-18T09:18:13","slug":"plan-de-negocio","status":"publish","type":"page","link":"https:\/\/ewp-portugal.com\/es\/plan-de-negocio\/","title":{"rendered":"Plan de Negocio"},"content":{"rendered":"[vc_row fullwidth=\u00bbtrue\u00bb fullwidth_content=\u00bbfalse\u00bb css=\u00bb.vc_custom_1737030971373{padding-top: 100px !important;padding-right: 15px !important;padding-bottom: 100px !important;padding-left: 15px !important;background-image: url(https:\/\/ewp-portugal.com\/wp-content\/uploads\/2025\/01\/pag-plano-negocios-ewp.jpg?id=19386) !important;background-position: center !important;background-repeat: no-repeat !important;background-size: cover !important;}\u00bb][vc_column][mk_padding_divider size=\u00bb100&#8243; visibility=\u00bbhidden-sm\u00bb][mk_fancy_title strip_tags=\u00bbtrue\u00bb tag_name=\u00bbh4&#8243; color=\u00bb#ffffff\u00bb size=\u00bb32&#8243; force_font_size=\u00bbtrue\u00bb size_phone=\u00bb30&#8243; font_weight=\u00bbbold\u00bb margin_bottom=\u00bb0&#8243; font_family=\u00bbnone\u00bb align=\u00bbright\u00bb]\n<h2 id=\"fancy-title-54\" class=\"mk-fancy-title simple-style jupiter-donut- color-single\"><strong>Plan de Negocio<\/strong><\/h2>\n[\/mk_fancy_title][\/vc_column][\/vc_row][vc_row][vc_column][mk_padding_divider size=\u00bb80&#8243;][\/vc_column][\/vc_row][vc_row css=\u00bb.vc_custom_1559225497708{padding-bottom: 25px !important;}\u00bb][vc_column][mk_fancy_title strip_tags=\u00bbtrue\u00bb color=\u00bb#0a0a0a\u00bb size=\u00bb40&#8243; font_weight=\u00bbbold\u00bb margin_bottom=\u00bb0&#8243; font_family=\u00bbnone\u00bb align=\u00bbcenter\u00bb]\n<h1><strong>Plan de Negocio. Desarrollo. Planificaci\u00f3n. Implementaci\u00f3n. Seguimiento.<\/strong><\/h1>\n[\/mk_fancy_title][mk_divider style=\u00bbthin_solid\u00bb divider_width=\u00bbcustom_width\u00bb custom_width=\u00bb50&#8243; thin_single_color=\u00bb#bf1c20&#8243; thickness=\u00bb2&#8243; margin_top=\u00bb0&#8243; margin_bottom=\u00bb50&#8243;][vc_column_text css=\u00bb.vc_custom_1771406268828{margin-bottom: 0px !important;}\u00bb]Un Plan de Negocio tiene como objetivo transformar ideas en realidad, evaluar la viabilidad de proyectos y medir el impacto financiero de las estrategias, bas\u00e1ndose en los principales motores del negocio y del mercado.<\/p>\n<p>Los consultores de EWP CONSULTING apoyan el dise\u00f1o del Plan de Negocio, convirti\u00e9ndolo en una herramienta clave para la visi\u00f3n empresarial y la toma de decisiones.<\/p>\n<p>Una vez elaborado el Plan de Negocio, EWP CONSULTING presta servicios de planificaci\u00f3n, implementaci\u00f3n, seguimiento y control del mismo.[\/vc_column_text][\/vc_column][\/vc_row][vc_row][vc_column][mk_fancy_title strip_tags=\u00bbtrue\u00bb color=\u00bb#0a0a0a\u00bb size=\u00bb40&#8243; font_weight=\u00bbbold\u00bb margin_bottom=\u00bb0&#8243; font_family=\u00bbnone\u00bb align=\u00bbcenter\u00bb]\n<h2>Plan de Negocio<\/h2>\n[\/mk_fancy_title][mk_divider style=\u00bbthin_solid\u00bb divider_width=\u00bbcustom_width\u00bb custom_width=\u00bb50&#8243; thin_single_color=\u00bb#bf1c20&#8243; thickness=\u00bb2&#8243; margin_top=\u00bb0&#8243; margin_bottom=\u00bb50&#8243;][vc_column_text css=\u00bb.vc_custom_1771406281615{margin-bottom: 0px !important;}\u00bb]La elaboraci\u00f3n, planificaci\u00f3n, implementaci\u00f3n, seguimiento y control del Plan de Negocio de EWP CONSULTING tiene como objetivo apoyar las decisiones de gesti\u00f3n adoptadas en diversas \u00e1reas, en particular:[\/vc_column_text][mk_icon_box icon=\u00bbmk-icon-arrow-circle-right\u00bb title=\u00bbCreaci\u00f3n de empresas\u00bb text_size=\u00bb20&#8243; icon_size=\u00bbmedium\u00bb margin=\u00bb10&#8243;][\/mk_icon_box][mk_icon_box icon=\u00bbmk-icon-arrow-circle-right\u00bb title=\u00bbLanzamiento de productos o unidades de negocio\u00bb text_size=\u00bb20&#8243; icon_size=\u00bbmedium\u00bb margin=\u00bb10&#8243;][\/mk_icon_box][mk_icon_box icon=\u00bbmk-icon-arrow-circle-right\u00bb title=\u00bbCambios en la estrategia empresarial\u00bb text_size=\u00bb20&#8243; icon_size=\u00bbmedium\u00bb margin=\u00bb10&#8243;][\/mk_icon_box][mk_icon_box icon=\u00bbmk-icon-arrow-circle-right\u00bb title=\u00bbCambios en la estructura corporativa\u00bb text_size=\u00bb20&#8243; icon_size=\u00bbmedium\u00bb margin=\u00bb10&#8243;][\/mk_icon_box][mk_icon_box icon=\u00bbmk-icon-arrow-circle-right\u00bb title=\u00bbPreparaci\u00f3n de la sucesi\u00f3n empresarial\u00bb text_size=\u00bb20&#8243; icon_size=\u00bbmedium\u00bb margin=\u00bb10&#8243;][\/mk_icon_box][mk_icon_box icon=\u00bbmk-icon-arrow-circle-right\u00bb title=\u00bbSolicitud de incentivos a la inversi\u00f3n\u00bb text_size=\u00bb20&#8243; icon_size=\u00bbmedium\u00bb margin=\u00bb10&#8243;][\/mk_icon_box][mk_icon_box icon=\u00bbmk-icon-arrow-circle-right\u00bb title=\u00bbSolicitudes de financiaci\u00f3n\u00bb text_size=\u00bb20&#8243; icon_size=\u00bbmedium\u00bb margin=\u00bb10&#8243;][\/mk_icon_box][mk_icon_box icon=\u00bbmk-icon-arrow-circle-right\u00bb title=\u00bbReestructuraci\u00f3n de deuda bancaria\u00bb text_size=\u00bb20&#8243; icon_size=\u00bbmedium\u00bb margin=\u00bb10&#8243;][\/mk_icon_box][\/vc_column][\/vc_row][vc_row][vc_column][mk_padding_divider size=\u00bb80&#8243;][\/vc_column][\/vc_row][vc_row][vc_column][mk_fancy_title strip_tags=\u00bbtrue\u00bb color=\u00bb#0a0a0a\u00bb size=\u00bb40&#8243; font_weight=\u00bbbold\u00bb margin_bottom=\u00bb0&#8243; font_family=\u00bbnone\u00bb align=\u00bbcenter\u00bb]\n<h2><strong>Metodolog\u00eda del Plan de Negocio<\/strong><\/h2>\n[\/mk_fancy_title][mk_divider style=\u00bbthin_solid\u00bb divider_width=\u00bbcustom_width\u00bb custom_width=\u00bb50&#8243; thin_single_color=\u00bb#bf1c20&#8243; thickness=\u00bb2&#8243; margin_top=\u00bb0&#8243; margin_bottom=\u00bb50&#8243;][mk_icon_box icon=\u00bbmk-icon-arrow-circle-right\u00bb title=\u00bbDiagn\u00f3stico realizado mediante el an\u00e1lisis del mercado y de la competencia\u00bb text_size=\u00bb20&#8243; icon_size=\u00bbmedium\u00bb margin=\u00bb10&#8243;][\/mk_icon_box][mk_icon_box icon=\u00bbmk-icon-arrow-circle-right\u00bb title=\u00bbElaboraci\u00f3n del Plan de Negocio, en el que se definen el modelo y el negocio de acuerdo con las necesidades identificadas\u00bb text_size=\u00bb20&#8243; icon_size=\u00bbmedium\u00bb margin=\u00bb10&#8243;][\/mk_icon_box][mk_icon_box icon=\u00bbmk-icon-arrow-circle-right\u00bb title=\u00bbPlanificaci\u00f3n del Plan de Negocio a trav\u00e9s de un cronograma que refleja la estructura y el calendario de las actividades necesarias para su implementaci\u00f3n\u00bb text_size=\u00bb20&#8243; icon_size=\u00bbmedium\u00bb margin=\u00bb10&#8243;][\/mk_icon_box][mk_icon_box icon=\u00bbmk-icon-arrow-circle-right\u00bb title=\u00bbImplementaci\u00f3n del Plan de Negocio conforme al cronograma definido\u00bb text_size=\u00bb20&#8243; icon_size=\u00bbmedium\u00bb margin=\u00bb10&#8243;][\/mk_icon_box][mk_icon_box icon=\u00bbmk-icon-arrow-circle-right\u00bb title=\u00bbSeguimiento del Plan de Negocio mediante la gesti\u00f3n sistem\u00e1tica y la ejecuci\u00f3n de actividades\u00bb text_size=\u00bb20&#8243; icon_size=\u00bbmedium\u00bb margin=\u00bb10&#8243;][\/mk_icon_box][mk_icon_box icon=\u00bbmk-icon-arrow-circle-right\u00bb title=\u00bbControl del Plan de Negocio mediante la medici\u00f3n y supervisi\u00f3n de indicadores financieros, estrat\u00e9gicos y operativos (KPIs)\u00bb text_size=\u00bb20&#8243; icon_size=\u00bbmedium\u00bb margin=\u00bb10&#8243;][\/mk_icon_box][mk_padding_divider][mk_padding_divider][vc_column_text css=\u00bb.vc_custom_1771351824520{margin-bottom: 0px !important;}\u00bb]\n<blockquote>\n<p style=\"text-align: center;\"><strong>Contamos con un equipo multidisciplinar de consultores especializados que garantizan el cumplimiento de todos los requisitos t\u00e9cnicos y de confidencialidad para ofrecer el mejor marco y servicio.<\/strong><\/p>\n<\/blockquote>\n[\/vc_column_text][\/vc_column][\/vc_row][vc_row fullwidth=\u00bbtrue\u00bb fullwidth_content=\u00bbfalse\u00bb css=\u00bb.vc_custom_1718382386910{padding-top: 70px !important;background-color: #666666 !important;}\u00bb][vc_column][mk_fancy_title strip_tags=\u00bbtrue\u00bb color=\u00bb#ffffff\u00bb size=\u00bb40&#8243; font_weight=\u00bbbold\u00bb margin_bottom=\u00bb0&#8243; font_family=\u00bbnone\u00bb align=\u00bbcenter\u00bb]\n<h2 style=\"text-align: left;\">Cont\u00e1ctenos<\/h2>\n[\/mk_fancy_title][\/vc_column][\/vc_row][vc_row fullwidth=\u00bbtrue\u00bb fullwidth_content=\u00bbfalse\u00bb css=\u00bb.vc_custom_1718382341007{padding-top: 20px !important;padding-bottom: 70px !important;background-color: #666666 !important;}\u00bb][vc_column width=\u00bb1\/2&#8243;][mk_button dimension=\u00bbflat\u00bb corner_style=\u00bbfull_rounded\u00bb size=\u00bbxx-large\u00bb icon_anim=\u00bbside\u00bb url=\u00bbhttps:\/\/ewp-portugal.com\/es\/concertar-una-reunion\/\u00bb target=\u00bb_blank\u00bb align=\u00bbcenter\u00bb fullwidth=\u00bbtrue\u00bb el_class=\u00bbsercontactado\u00bb bg_color=\u00bb#bf1c20&#8243;]Concertar una Reuni\u00f3n[\/mk_button][\/vc_column][vc_column width=\u00bb1\/2&#8243;][mk_button dimension=\u00bbflat\u00bb corner_style=\u00bbfull_rounded\u00bb size=\u00bbxx-large\u00bb icon_anim=\u00bbside\u00bb url=\u00bbhttps:\/\/ewp-portugal.com\/es\/solicitar-mas-informacion\/\u00bb target=\u00bb_blank\u00bb align=\u00bbcenter\u00bb fullwidth=\u00bbtrue\u00bb el_class=\u00bbpedirproposta\u00bb bg_color=\u00bb#bf1c20&#8243;]Solicitar M\u00e1s Informaci\u00f3n[\/mk_button][\/vc_column][\/vc_row]\n","protected":false},"excerpt":{"rendered":"<p>[vc_row fullwidth=\u00bbtrue\u00bb fullwidth_content=\u00bbfalse\u00bb css=\u00bb.vc_custom_1737030971373{padding-top: 100px !important;padding-right: 15px !important;padding-bottom: 100px !important;padding-left: 15px !important;background-image: url(https:\/\/ewp-portugal.com\/wp-content\/uploads\/2025\/01\/pag-plano-negocios-ewp.jpg?id=19386) !important;background-position: center !important;background-repeat: no-repeat !important;background-size: cover !important;}\u00bb][vc_column][mk_padding_divider size=\u00bb100&#8243; visibility=\u00bbhidden-sm\u00bb][mk_fancy_title strip_tags=\u00bbtrue\u00bb tag_name=\u00bbh4&#8243; color=\u00bb#ffffff\u00bb size=\u00bb32&#8243; force_font_size=\u00bbtrue\u00bb size_phone=\u00bb30&#8243; font_weight=\u00bbbold\u00bb margin_bottom=\u00bb0&#8243; font_family=\u00bbnone\u00bb align=\u00bbright\u00bb] Plan de Negocio [\/mk_fancy_title][\/vc_column][\/vc_row][vc_row][vc_column][mk_padding_divider size=\u00bb80&#8243;][\/vc_column][\/vc_row][vc_row css=\u00bb.vc_custom_1559225497708{padding-bottom: 25px !important;}\u00bb][vc_column][mk_fancy_title strip_tags=\u00bbtrue\u00bb color=\u00bb#0a0a0a\u00bb size=\u00bb40&#8243; font_weight=\u00bbbold\u00bb margin_bottom=\u00bb0&#8243; font_family=\u00bbnone\u00bb align=\u00bbcenter\u00bb] Plan de Negocio. Desarrollo. Planificaci\u00f3n. Implementaci\u00f3n. Seguimiento. [\/mk_fancy_title][mk_divider [&hellip;]<\/p>\n","protected":false},"author":5,"featured_media":0,"parent":0,"menu_order":0,"comment_status":"closed","ping_status":"closed","template":"","meta":{"_monsterinsights_skip_tracking":false,"_monsterinsights_sitenote_active":false,"_monsterinsights_sitenote_note":"","_monsterinsights_sitenote_category":0,"footnotes":""},"class_list":["post-22915","page","type-page","status-publish","hentry"],"_links":{"self":[{"href":"https:\/\/ewp-portugal.com\/es\/wp-json\/wp\/v2\/pages\/22915","targetHints":{"allow":["GET"]}}],"collection":[{"href":"https:\/\/ewp-portugal.com\/es\/wp-json\/wp\/v2\/pages"}],"about":[{"href":"https:\/\/ewp-portugal.com\/es\/wp-json\/wp\/v2\/types\/page"}],"author":[{"embeddable":true,"href":"https:\/\/ewp-portugal.com\/es\/wp-json\/wp\/v2\/users\/5"}],"replies":[{"embeddable":true,"href":"https:\/\/ewp-portugal.com\/es\/wp-json\/wp\/v2\/comments?post=22915"}],"version-history":[{"count":6,"href":"https:\/\/ewp-portugal.com\/es\/wp-json\/wp\/v2\/pages\/22915\/revisions"}],"predecessor-version":[{"id":22975,"href":"https:\/\/ewp-portugal.com\/es\/wp-json\/wp\/v2\/pages\/22915\/revisions\/22975"}],"wp:attachment":[{"href":"https:\/\/ewp-portugal.com\/es\/wp-json\/wp\/v2\/media?parent=22915"}],"curies":[{"name":"wp","href":"https:\/\/api.w.org\/{rel}","templated":true}]}}