{"id":22897,"date":"2026-02-17T18:13:24","date_gmt":"2026-02-17T17:13:24","guid":{"rendered":"https:\/\/ewp-portugal.com\/?page_id=22897"},"modified":"2026-02-18T10:17:05","modified_gmt":"2026-02-18T09:17:05","slug":"contabilidad-y-apoyo-a-la-gestion","status":"publish","type":"page","link":"https:\/\/ewp-portugal.com\/es\/contabilidad-y-apoyo-a-la-gestion\/","title":{"rendered":"Contabilidad y Apoyo a la Gesti\u00f3n"},"content":{"rendered":"[vc_row fullwidth=\u00bbtrue\u00bb fullwidth_content=\u00bbfalse\u00bb css=\u00bb.vc_custom_1732210720826{padding-top: 100px !important;padding-right: 15px !important;padding-bottom: 100px !important;padding-left: 15px !important;background-image: url(https:\/\/ewp-portugal.com\/wp-content\/uploads\/2024\/11\/pag-servicos_contabilidade-e-apoio-a-gestao-5.jpg?id=18962) !important;background-position: center !important;background-repeat: no-repeat !important;background-size: cover !important;}\u00bb][vc_column][mk_padding_divider size=\u00bb100&#8243; visibility=\u00bbhidden-sm\u00bb][mk_fancy_title strip_tags=\u00bbtrue\u00bb tag_name=\u00bbh4&#8243; color=\u00bb#ffffff\u00bb size=\u00bb32&#8243; force_font_size=\u00bbtrue\u00bb size_phone=\u00bb30&#8243; font_weight=\u00bbbold\u00bb margin_bottom=\u00bb0&#8243; font_family=\u00bbnone\u00bb align=\u00bbright\u00bb]\n<h2 id=\"fancy-title-54\" class=\"mk-fancy-title simple-style jupiter-donut- color-single\">Contabilidad y Apoyo a la Gesti\u00f3n<\/h2>\n[\/mk_fancy_title][\/vc_column][\/vc_row][vc_row][vc_column][mk_padding_divider size=\u00bb80&#8243;][\/vc_column][\/vc_row][vc_row css=\u00bb.vc_custom_1559225497708{padding-bottom: 25px !important;}\u00bb][vc_column][mk_fancy_title strip_tags=\u00bbtrue\u00bb color=\u00bb#0a0a0a\u00bb size=\u00bb40&#8243; font_weight=\u00bbbold\u00bb margin_bottom=\u00bb0&#8243; font_family=\u00bbnone\u00bb align=\u00bbcenter\u00bb]<strong>Servicio Integrado de Contabilidad y Apoyo a la Gesti\u00f3n. Mayor capacidad de gesti\u00f3n. Empresas m\u00e1s competitivas y sostenibles.<\/strong>[\/mk_fancy_title][mk_divider style=\u00bbthin_solid\u00bb divider_width=\u00bbcustom_width\u00bb custom_width=\u00bb50&#8243; thin_single_color=\u00bb#bf1c20&#8243; thickness=\u00bb2&#8243; margin_top=\u00bb0&#8243; margin_bottom=\u00bb50&#8243;][vc_column_text css=\u00bb.vc_custom_1771406195104{margin-bottom: 0px !important;}\u00bb]Con EWP CONSULTING, la contabilidad se convierte en una herramienta esencial para la gesti\u00f3n de su empresa. Acceda a informaci\u00f3n actualizada sobre el rendimiento de su negocio y a un asesoramiento continuo para tomar mejores decisiones.<\/p>\n<p>Su empresa necesita mucho m\u00e1s que el mero cumplimiento de las obligaciones fiscales. El crecimiento de cualquier negocio requiere un sistema contable profesional, organizado y orientado a las necesidades de gesti\u00f3n de la empresa.<\/p>\n<p>Desde hace m\u00e1s de 20 a\u00f1os, hacemos que las PYMES sean m\u00e1s competitivas y sostenibles.[\/vc_column_text][\/vc_column][\/vc_row][vc_row][vc_column][mk_fancy_title strip_tags=\u00bbtrue\u00bb color=\u00bb#0a0a0a\u00bb size=\u00bb40&#8243; font_weight=\u00bbbold\u00bb margin_bottom=\u00bb0&#8243; font_family=\u00bbnone\u00bb align=\u00bbcenter\u00bb]<strong>Contabilidad, Fiscalidad, Recursos Humanos y Apoyo a la Gesti\u00f3n<\/strong><\/p>\n<p><strong>Contabilidad<\/strong>[\/mk_fancy_title][mk_divider style=\u00bbthin_solid\u00bb divider_width=\u00bbcustom_width\u00bb custom_width=\u00bb50&#8243; thin_single_color=\u00bb#bf1c20&#8243; thickness=\u00bb2&#8243; margin_top=\u00bb0&#8243; margin_bottom=\u00bb50&#8243;][vc_column_text css=\u00bb.vc_custom_1771348801842{margin-bottom: 0px !important;}\u00bb]Pensando en las necesidades de su empresa, EWP Consulting integra las siguientes \u00e1reas en un \u00fanico servicio:[\/vc_column_text][mk_icon_box icon=\u00bbmk-icon-arrow-circle-right\u00bb title=\u00bbContabilidad \u2013 garantizando el cierre mensual de cuentas y la fiabilidad de la informaci\u00f3n proporcionada\u00bb text_size=\u00bb20&#8243; icon_size=\u00bbmedium\u00bb margin=\u00bb10&#8243;][\/mk_icon_box][mk_icon_box icon=\u00bbmk-icon-arrow-circle-right\u00bb title=\u00bbFiscalidad \u2013 cumplimiento de las obligaciones fiscales y asesoramiento t\u00e9cnico especializado, combinado con una planificaci\u00f3n y optimizaci\u00f3n fiscal eficaces\u00bb text_size=\u00bb20&#8243; icon_size=\u00bbmedium\u00bb margin=\u00bb10&#8243;][\/mk_icon_box][mk_icon_box icon=\u00bbmk-icon-arrow-circle-right\u00bb title=\u00bbRecursos Humanos \u2013 asesoramiento laboral, apoyo en procesos de contrataci\u00f3n y desvinculaci\u00f3n, y gesti\u00f3n de n\u00f3minas\u00bb text_size=\u00bb20&#8243; icon_size=\u00bbmedium\u00bb margin=\u00bb10&#8243;][\/mk_icon_box][mk_icon_box icon=\u00bbmk-icon-arrow-circle-right\u00bb title=\u00bbApoyo a la Gesti\u00f3n \u2013 acceso a informaci\u00f3n de gesti\u00f3n, planificaci\u00f3n anual del negocio y reuniones peri\u00f3dicas de gesti\u00f3n\u00bb text_size=\u00bb20&#8243; icon_size=\u00bbmedium\u00bb][\/mk_icon_box][mk_fancy_title strip_tags=\u00bbtrue\u00bb color=\u00bb#0a0a0a\u00bb size=\u00bb40&#8243; font_weight=\u00bbbold\u00bb margin_bottom=\u00bb0&#8243; font_family=\u00bbnone\u00bb align=\u00bbcenter\u00bb]<strong>Nuestra Metodolog\u00eda de Contabilidad y Apoyo a la Gesti\u00f3n<\/strong>[\/mk_fancy_title][mk_divider style=\u00bbthin_solid\u00bb divider_width=\u00bbcustom_width\u00bb custom_width=\u00bb50&#8243; thin_single_color=\u00bb#bf1c20&#8243; thickness=\u00bb2&#8243; margin_top=\u00bb0&#8243; margin_bottom=\u00bb50&#8243;][mk_icon_box icon=\u00bbmk-icon-arrow-circle-right\u00bb title=\u00bbFase I \u2013 Cierre contable mensual\u00bb text_size=\u00bb20&#8243; icon_size=\u00bbmedium\u00bb][\/mk_icon_box][mk_icon_box icon=\u00bbmk-icon-arrow-circle-right\u00bb title=\u00bbFase II \u2013 Planificaci\u00f3n y optimizaci\u00f3n fiscal\u00bb text_size=\u00bb20&#8243; icon_size=\u00bbmedium\u00bb][\/mk_icon_box][mk_icon_box icon=\u00bbmk-icon-arrow-circle-right\u00bb title=\u00bbFase III \u2013 Planificaci\u00f3n y control de la gesti\u00f3n\u00bb text_size=\u00bb20&#8243; icon_size=\u00bbmedium\u00bb][\/mk_icon_box][vc_column_text css=\u00bb.vc_custom_1771406207970{margin-bottom: 0px !important;}\u00bb]Muchas empresas cuentan con un enorme potencial de crecimiento, pero necesitan mejorar la calidad de su informaci\u00f3n de gesti\u00f3n.<\/p>\n<p>EWP CONSULTING puede apoyar la gesti\u00f3n de su empresa transformando la contabilidad en una herramienta esencial para la toma de decisiones.<\/p>\n<p>Mejore la organizaci\u00f3n y el rendimiento de su empresa tomando decisiones m\u00e1s s\u00f3lidas y mejor fundamentadas.[\/vc_column_text][mk_padding_divider size=\u00bb20&#8243;][mk_padding_divider][vc_column_text css=\u00bb.vc_custom_1771348709070{margin-bottom: 0px !important;}\u00bb]\n<blockquote>\n<p style=\"text-align: center;\"><strong>Contamos con un equipo multidisciplinar de consultores especializados que garantizan el cumplimiento de todos los requisitos t\u00e9cnicos y de confidencialidad para ofrecer el mejor marco y servicio.<\/strong><\/p>\n<\/blockquote>\n[\/vc_column_text][\/vc_column][\/vc_row][vc_row fullwidth=\u00bbtrue\u00bb fullwidth_content=\u00bbfalse\u00bb css=\u00bb.vc_custom_1718382386910{padding-top: 70px !important;background-color: #666666 !important;}\u00bb][vc_column][mk_fancy_title strip_tags=\u00bbtrue\u00bb color=\u00bb#ffffff\u00bb size=\u00bb40&#8243; font_weight=\u00bbbold\u00bb margin_bottom=\u00bb0&#8243; font_family=\u00bbnone\u00bb align=\u00bbcenter\u00bb]\n<h2 style=\"text-align: left;\">Cont\u00e1ctenos<\/h2>\n[\/mk_fancy_title][\/vc_column][\/vc_row][vc_row fullwidth=\u00bbtrue\u00bb fullwidth_content=\u00bbfalse\u00bb css=\u00bb.vc_custom_1718382341007{padding-top: 20px !important;padding-bottom: 70px !important;background-color: #666666 !important;}\u00bb][vc_column width=\u00bb1\/2&#8243;][mk_button dimension=\u00bbflat\u00bb corner_style=\u00bbfull_rounded\u00bb size=\u00bbxx-large\u00bb icon_anim=\u00bbside\u00bb url=\u00bbhttps:\/\/ewp-portugal.com\/es\/concertar-una-reunion\/\u00bb target=\u00bb_blank\u00bb align=\u00bbcenter\u00bb fullwidth=\u00bbtrue\u00bb el_class=\u00bb`{`wpforms id=\u00ab17667\u00ab`}`\u00bb bg_color=\u00bb#bf1c20&#8243;]Concertar una Reuni\u00f3n[\/mk_button][\/vc_column][vc_column width=\u00bb1\/2&#8243;][mk_button dimension=\u00bbflat\u00bb corner_style=\u00bbfull_rounded\u00bb size=\u00bbxx-large\u00bb icon_anim=\u00bbside\u00bb url=\u00bbhttps:\/\/ewp-portugal.com\/es\/solicitar-mas-informacion\/\u00bb target=\u00bb_blank\u00bb align=\u00bbcenter\u00bb fullwidth=\u00bbtrue\u00bb el_class=\u00bbpedirproposta\u00bb bg_color=\u00bb#bf1c20&#8243;]Solicitar M\u00e1s Informaci\u00f3n[\/mk_button][\/vc_column][\/vc_row]\n","protected":false},"excerpt":{"rendered":"<p>[vc_row fullwidth=\u00bbtrue\u00bb fullwidth_content=\u00bbfalse\u00bb css=\u00bb.vc_custom_1732210720826{padding-top: 100px !important;padding-right: 15px !important;padding-bottom: 100px !important;padding-left: 15px !important;background-image: url(https:\/\/ewp-portugal.com\/wp-content\/uploads\/2024\/11\/pag-servicos_contabilidade-e-apoio-a-gestao-5.jpg?id=18962) !important;background-position: center !important;background-repeat: no-repeat !important;background-size: cover !important;}\u00bb][vc_column][mk_padding_divider size=\u00bb100&#8243; visibility=\u00bbhidden-sm\u00bb][mk_fancy_title strip_tags=\u00bbtrue\u00bb tag_name=\u00bbh4&#8243; color=\u00bb#ffffff\u00bb size=\u00bb32&#8243; force_font_size=\u00bbtrue\u00bb size_phone=\u00bb30&#8243; font_weight=\u00bbbold\u00bb margin_bottom=\u00bb0&#8243; font_family=\u00bbnone\u00bb align=\u00bbright\u00bb] Contabilidad y Apoyo a la Gesti\u00f3n [\/mk_fancy_title][\/vc_column][\/vc_row][vc_row][vc_column][mk_padding_divider size=\u00bb80&#8243;][\/vc_column][\/vc_row][vc_row css=\u00bb.vc_custom_1559225497708{padding-bottom: 25px !important;}\u00bb][vc_column][mk_fancy_title strip_tags=\u00bbtrue\u00bb color=\u00bb#0a0a0a\u00bb size=\u00bb40&#8243; font_weight=\u00bbbold\u00bb margin_bottom=\u00bb0&#8243; font_family=\u00bbnone\u00bb align=\u00bbcenter\u00bb]Servicio Integrado de Contabilidad y Apoyo [&hellip;]<\/p>\n","protected":false},"author":5,"featured_media":0,"parent":0,"menu_order":0,"comment_status":"closed","ping_status":"closed","template":"","meta":{"_monsterinsights_skip_tracking":false,"_monsterinsights_sitenote_active":false,"_monsterinsights_sitenote_note":"","_monsterinsights_sitenote_category":0,"footnotes":""},"class_list":["post-22897","page","type-page","status-publish","hentry"],"_links":{"self":[{"href":"https:\/\/ewp-portugal.com\/es\/wp-json\/wp\/v2\/pages\/22897","targetHints":{"allow":["GET"]}}],"collection":[{"href":"https:\/\/ewp-portugal.com\/es\/wp-json\/wp\/v2\/pages"}],"about":[{"href":"https:\/\/ewp-portugal.com\/es\/wp-json\/wp\/v2\/types\/page"}],"author":[{"embeddable":true,"href":"https:\/\/ewp-portugal.com\/es\/wp-json\/wp\/v2\/users\/5"}],"replies":[{"embeddable":true,"href":"https:\/\/ewp-portugal.com\/es\/wp-json\/wp\/v2\/comments?post=22897"}],"version-history":[{"count":5,"href":"https:\/\/ewp-portugal.com\/es\/wp-json\/wp\/v2\/pages\/22897\/revisions"}],"predecessor-version":[{"id":22974,"href":"https:\/\/ewp-portugal.com\/es\/wp-json\/wp\/v2\/pages\/22897\/revisions\/22974"}],"wp:attachment":[{"href":"https:\/\/ewp-portugal.com\/es\/wp-json\/wp\/v2\/media?parent=22897"}],"curies":[{"name":"wp","href":"https:\/\/api.w.org\/{rel}","templated":true}]}}