{"id":22890,"date":"2026-02-17T17:57:44","date_gmt":"2026-02-17T16:57:44","guid":{"rendered":"https:\/\/ewp-portugal.com\/?page_id=22890"},"modified":"2026-02-17T20:31:27","modified_gmt":"2026-02-17T19:31:27","slug":"consultoria-de-gestion","status":"publish","type":"page","link":"https:\/\/ewp-portugal.com\/es\/consultoria-de-gestion\/","title":{"rendered":"Consultor\u00eda de Gesti\u00f3n"},"content":{"rendered":"[vc_row fullwidth=\u00bbtrue\u00bb fullwidth_content=\u00bbfalse\u00bb css=\u00bb.vc_custom_1737480016346{padding-top: 100px !important;padding-right: 15px !important;padding-bottom: 100px !important;padding-left: 15px !important;background-image: url(https:\/\/ewp-portugal.com\/wp-content\/uploads\/2025\/01\/apoio-a-gestao-ewp-3.jpg?id=19479) !important;background-position: center !important;background-repeat: no-repeat !important;background-size: cover !important;}\u00bb][vc_column][mk_padding_divider size=\u00bb100&#8243; visibility=\u00bbhidden-sm\u00bb][mk_fancy_title strip_tags=\u00bbtrue\u00bb tag_name=\u00bbh1&#8243; color=\u00bb#ffffff\u00bb size=\u00bb31&#8243; force_font_size=\u00bbtrue\u00bb size_phone=\u00bb30&#8243; font_weight=\u00bbbold\u00bb margin_bottom=\u00bb0&#8243; font_family=\u00bbnone\u00bb align=\u00bbright\u00bb]\n<h1><strong>Consultor\u00eda de Gesti\u00f3n<\/strong><\/h1>\n[\/mk_fancy_title][\/vc_column][\/vc_row][vc_row css=\u00bb.vc_custom_1559225497708{padding-bottom: 25px !important;}\u00bb][vc_column][mk_padding_divider size=\u00bb80&#8243;][mk_fancy_title strip_tags=\u00bbtrue\u00bb color=\u00bb#0a0a0a\u00bb size=\u00bb40&#8243; font_weight=\u00bbbold\u00bb margin_bottom=\u00bb0&#8243; font_family=\u00bbnone\u00bb align=\u00bbcenter\u00bb]<strong>Aumente la Capacidad de Gesti\u00f3n de su Empresa<\/strong>[\/mk_fancy_title][mk_divider style=\u00bbthin_solid\u00bb divider_width=\u00bbcustom_width\u00bb custom_width=\u00bb50&#8243; thin_single_color=\u00bb#bf1c20&#8243; thickness=\u00bb2&#8243; margin_top=\u00bb0&#8243; margin_bottom=\u00bb50&#8243;][vc_column_text css=\u00bb.vc_custom_1771348017778{margin-bottom: 0px !important;}\u00bb]Apoyamos a los directivos empresariales en la gesti\u00f3n y el desarrollo de sus empresas, proporcionando a cada cliente soluciones adaptadas en las siguientes \u00e1reas:<\/p>\n<p><strong>Mayor Control y Visibilidad:<\/strong> Acceso a una plataforma exclusiva con informaci\u00f3n integral de gesti\u00f3n e indicadores de rendimiento, que permite una toma de decisiones basada en datos.<\/p>\n<p><strong>Planificaci\u00f3n Estrat\u00e9gica:<\/strong> Acompa\u00f1amiento para definir, clarificar e implementar la estrategia de crecimiento de su empresa.<\/p>\n<p><strong>Optimizaci\u00f3n Organizativa:<\/strong> Revisi\u00f3n y mejora de los procesos internos cr\u00edticos para el desarrollo del negocio y la eficiencia operativa.<\/p>\n<p><strong>Asesoramiento T\u00e9cnico Especializado:<\/strong> An\u00e1lisis y evaluaci\u00f3n de las principales decisiones de gesti\u00f3n para garantizar acciones informadas y eficaces.[\/vc_column_text][\/vc_column][\/vc_row][vc_row][vc_column][mk_fancy_title strip_tags=\u00bbtrue\u00bb color=\u00bb#0a0a0a\u00bb size=\u00bb40&#8243; font_weight=\u00bbbold\u00bb margin_bottom=\u00bb0&#8243; font_family=\u00bbnone\u00bb align=\u00bbcenter\u00bb]<strong>Control y Planificaci\u00f3n de la Gesti\u00f3n. Enfoque en la Rentabilidad y la Creaci\u00f3n de Valor.<\/strong>[\/mk_fancy_title][mk_divider style=\u00bbthin_solid\u00bb divider_width=\u00bbcustom_width\u00bb custom_width=\u00bb50&#8243; thin_single_color=\u00bb#bf1c20&#8243; thickness=\u00bb2&#8243; margin_top=\u00bb0&#8243; margin_bottom=\u00bb50&#8243;][vc_column_text css=\u00bb.vc_custom_1771348039642{margin-bottom: 0px !important;}\u00bb]Apoyamos a los directivos empresariales en la gesti\u00f3n y el desarrollo de sus empresas. Proporcionamos a cada Cliente:[\/vc_column_text][mk_icon_box icon=\u00bbmk-icon-arrow-circle-right\u00bb title=\u00bbMayor Capacidad de Control \u2013 facilitamos acceso a una plataforma exclusiva con informaci\u00f3n e indicadores de rendimiento de su empresa (soporte de anal\u00edtica de gesti\u00f3n)\u00bb text_size=\u00bb20&#8243; icon_size=\u00bbmedium\u00bb][\/mk_icon_box][mk_icon_box icon=\u00bbmk-icon-arrow-circle-right\u00bb title=\u00bbPlanificaci\u00f3n Estrat\u00e9gica \u2013 ayudamos a clarificar la estrategia de crecimiento de su empresa y a implementarla\u00bb text_size=\u00bb20&#8243; icon_size=\u00bbmedium\u00bb][\/mk_icon_box][mk_icon_box icon=\u00bbmk-icon-arrow-circle-right\u00bb title=\u00bbMejora Organizativa \u2013 trabajamos en la revisi\u00f3n y mejora de los procesos internos considerados cr\u00edticos para el desarrollo de la empresa\u00bb text_size=\u00bb20&#8243; icon_size=\u00bbmedium\u00bb][\/mk_icon_box][mk_icon_box icon=\u00bbmk-icon-arrow-circle-right\u00bb title=\u00bbAsesoramiento T\u00e9cnico Especializado \u2013 analizamos y evaluamos las decisiones de gesti\u00f3n que deben adoptarse\u00bb text_size=\u00bb20&#8243; icon_size=\u00bbmedium\u00bb][\/mk_icon_box][mk_fancy_title strip_tags=\u00bbtrue\u00bb color=\u00bb#0a0a0a\u00bb size=\u00bb40&#8243; font_weight=\u00bbbold\u00bb margin_bottom=\u00bb0&#8243; font_family=\u00bbnone\u00bb align=\u00bbcenter\u00bb]<strong>Nuestra Metodolog\u00eda<\/strong>[\/mk_fancy_title][mk_divider style=\u00bbthin_solid\u00bb divider_width=\u00bbcustom_width\u00bb custom_width=\u00bb50&#8243; thin_single_color=\u00bb#bf1c20&#8243; thickness=\u00bb2&#8243; margin_top=\u00bb0&#8243; margin_bottom=\u00bb50&#8243;][mk_icon_box icon=\u00bbmk-icon-arrow-circle-right\u00bb title=\u00bbFase I \u2013 Planificaci\u00f3n de la Gesti\u00f3n \u2013 Definimos los objetivos a alcanzar, delineamos el enfoque a seguir e identificamos los principales retos internos a superar.\u00bb text_size=\u00bb20&#8243; icon_size=\u00bbmedium\u00bb][\/mk_icon_box][mk_icon_box icon=\u00bbmk-icon-arrow-circle-right\u00bb title=\u00bbFase II \u2013 Control de la Gesti\u00f3n \u2013 Establecemos procedimientos de seguimiento para todas las m\u00e9tricas y procesos clave considerados esenciales para la medici\u00f3n del rendimiento.\u00bb text_size=\u00bb20&#8243; icon_size=\u00bbmedium\u00bb][\/mk_icon_box][mk_icon_box icon=\u00bbmk-icon-arrow-circle-right\u00bb title=\u00bbFase III \u2013 An\u00e1lisis, Evaluaci\u00f3n y Toma de Decisiones \u2013 Garantizamos un alto nivel de implicaci\u00f3n, responsabilidad y disciplina en toda la organizaci\u00f3n para alcanzar los objetivos definidos.\u00bb text_size=\u00bb20&#8243; icon_size=\u00bbmedium\u00bb][\/mk_icon_box][mk_padding_divider][\/vc_column][\/vc_row][vc_row][vc_column][vc_column_text css=\u00bb.vc_custom_1771347636384{margin-bottom: 0px !important;}\u00bb]\n<blockquote>\n<p style=\"text-align: center;\"><strong>Nuestro Programa de Apoyo a la Gesti\u00f3n de PYMES permite a las empresas mejorar sus pr\u00e1cticas de gesti\u00f3n, implementar o perfeccionar metodolog\u00edas de planificaci\u00f3n y control empresarial, y proporcionar apoyo estrat\u00e9gico a la toma de decisiones en las principales \u00e1reas funcionales.<\/strong><\/p>\n<\/blockquote>\n[\/vc_column_text][\/vc_column][\/vc_row][vc_row fullwidth=\u00bbtrue\u00bb fullwidth_content=\u00bbfalse\u00bb css=\u00bb.vc_custom_1718382386910{padding-top: 70px !important;background-color: #666666 !important;}\u00bb][vc_column][mk_fancy_title strip_tags=\u00bbtrue\u00bb color=\u00bb#ffffff\u00bb size=\u00bb40&#8243; font_weight=\u00bbbold\u00bb margin_bottom=\u00bb0&#8243; font_family=\u00bbnone\u00bb align=\u00bbcenter\u00bb]\n<h2 style=\"text-align: left;\">Cont\u00e1ctenos<\/h2>\n[\/mk_fancy_title][\/vc_column][\/vc_row][vc_row fullwidth=\u00bbtrue\u00bb fullwidth_content=\u00bbfalse\u00bb css=\u00bb.vc_custom_1718382341007{padding-top: 20px !important;padding-bottom: 70px !important;background-color: #666666 !important;}\u00bb][vc_column width=\u00bb1\/2&#8243;][mk_button dimension=\u00bbflat\u00bb corner_style=\u00bbfull_rounded\u00bb size=\u00bbxx-large\u00bb icon_anim=\u00bbside\u00bb url=\u00bbhttps:\/\/ewp-portugal.com\/es\/concertar-una-reunion\/\u00bb target=\u00bb_blank\u00bb align=\u00bbcenter\u00bb fullwidth=\u00bbtrue\u00bb el_class=\u00bbsercontactado\u00bb bg_color=\u00bb#bf1c20&#8243;]Concertar una Reuni\u00f3n[\/mk_button][\/vc_column][vc_column width=\u00bb1\/2&#8243;][mk_button dimension=\u00bbflat\u00bb corner_style=\u00bbfull_rounded\u00bb size=\u00bbxx-large\u00bb icon_anim=\u00bbside\u00bb url=\u00bbhttps:\/\/ewp-portugal.com\/es\/solicitar-mas-informacion\/\u00bb target=\u00bb_blank\u00bb align=\u00bbcenter\u00bb fullwidth=\u00bbtrue\u00bb el_class=\u00bbpedirproposta\u00bb bg_color=\u00bb#bf1c20&#8243;]Solicitar M\u00e1s Informaci\u00f3n[\/mk_button][\/vc_column][\/vc_row]\n","protected":false},"excerpt":{"rendered":"<p>[vc_row fullwidth=\u00bbtrue\u00bb fullwidth_content=\u00bbfalse\u00bb css=\u00bb.vc_custom_1737480016346{padding-top: 100px !important;padding-right: 15px !important;padding-bottom: 100px !important;padding-left: 15px !important;background-image: url(https:\/\/ewp-portugal.com\/wp-content\/uploads\/2025\/01\/apoio-a-gestao-ewp-3.jpg?id=19479) !important;background-position: center !important;background-repeat: no-repeat !important;background-size: cover !important;}\u00bb][vc_column][mk_padding_divider size=\u00bb100&#8243; visibility=\u00bbhidden-sm\u00bb][mk_fancy_title strip_tags=\u00bbtrue\u00bb tag_name=\u00bbh1&#8243; color=\u00bb#ffffff\u00bb size=\u00bb31&#8243; force_font_size=\u00bbtrue\u00bb size_phone=\u00bb30&#8243; font_weight=\u00bbbold\u00bb margin_bottom=\u00bb0&#8243; font_family=\u00bbnone\u00bb align=\u00bbright\u00bb] Consultor\u00eda de Gesti\u00f3n [\/mk_fancy_title][\/vc_column][\/vc_row][vc_row css=\u00bb.vc_custom_1559225497708{padding-bottom: 25px !important;}\u00bb][vc_column][mk_padding_divider size=\u00bb80&#8243;][mk_fancy_title strip_tags=\u00bbtrue\u00bb color=\u00bb#0a0a0a\u00bb size=\u00bb40&#8243; font_weight=\u00bbbold\u00bb margin_bottom=\u00bb0&#8243; font_family=\u00bbnone\u00bb align=\u00bbcenter\u00bb]Aumente la Capacidad de Gesti\u00f3n de su Empresa[\/mk_fancy_title][mk_divider style=\u00bbthin_solid\u00bb [&hellip;]<\/p>\n","protected":false},"author":5,"featured_media":0,"parent":0,"menu_order":0,"comment_status":"closed","ping_status":"closed","template":"","meta":{"_monsterinsights_skip_tracking":false,"_monsterinsights_sitenote_active":false,"_monsterinsights_sitenote_note":"","_monsterinsights_sitenote_category":0,"footnotes":""},"class_list":["post-22890","page","type-page","status-publish","hentry"],"_links":{"self":[{"href":"https:\/\/ewp-portugal.com\/es\/wp-json\/wp\/v2\/pages\/22890","targetHints":{"allow":["GET"]}}],"collection":[{"href":"https:\/\/ewp-portugal.com\/es\/wp-json\/wp\/v2\/pages"}],"about":[{"href":"https:\/\/ewp-portugal.com\/es\/wp-json\/wp\/v2\/types\/page"}],"author":[{"embeddable":true,"href":"https:\/\/ewp-portugal.com\/es\/wp-json\/wp\/v2\/users\/5"}],"replies":[{"embeddable":true,"href":"https:\/\/ewp-portugal.com\/es\/wp-json\/wp\/v2\/comments?post=22890"}],"version-history":[{"count":5,"href":"https:\/\/ewp-portugal.com\/es\/wp-json\/wp\/v2\/pages\/22890\/revisions"}],"predecessor-version":[{"id":22905,"href":"https:\/\/ewp-portugal.com\/es\/wp-json\/wp\/v2\/pages\/22890\/revisions\/22905"}],"wp:attachment":[{"href":"https:\/\/ewp-portugal.com\/es\/wp-json\/wp\/v2\/media?parent=22890"}],"curies":[{"name":"wp","href":"https:\/\/api.w.org\/{rel}","templated":true}]}}