{"id":22733,"date":"2026-02-06T18:11:03","date_gmt":"2026-02-06T17:11:03","guid":{"rendered":"https:\/\/ewp-portugal.com\/?page_id=22733"},"modified":"2026-02-18T11:19:35","modified_gmt":"2026-02-18T10:19:35","slug":"quem-somos","status":"publish","type":"page","link":"https:\/\/ewp-portugal.com\/es\/quem-somos\/","title":{"rendered":"Qui\u00e9nes somos"},"content":{"rendered":"[vc_row fullwidth=\u00bbtrue\u00bb fullwidth_content=\u00bbfalse\u00bb css=\u00bb.vc_custom_1738579292847{padding-top: 100px !important;padding-right: 100px !important;padding-bottom: 100px !important;padding-left: 100px !important;background-image: url(https:\/\/ewp-portugal.com\/wp-content\/uploads\/2025\/01\/quem-somos-ewp-7.jpg?id=19688) !important;background-position: center !important;background-repeat: no-repeat !important;background-size: cover !important;}\u00bb][vc_column][mk_padding_divider size=\u00bb20&#8243; visibility=\u00bbhidden-sm\u00bb][mk_fancy_title strip_tags=\u00bbtrue\u00bb tag_name=\u00bbh1&#8243; color=\u00bb#ffffff\u00bb size=\u00bb32&#8243; force_font_size=\u00bbtrue\u00bb size_smallscreen=\u00bb30&#8243; size_tablet=\u00bb30&#8243; size_phone=\u00bb28&#8243; font_weight=\u00bbbold\u00bb margin_bottom=\u00bb0&#8243; font_family=\u00bbnone\u00bb align=\u00bbright\u00bb]\n<h2>Qui\u00e9nes somos<\/h2>\n[\/mk_fancy_title][\/vc_column][\/vc_row][vc_row animation=\u00bbscale-up\u00bb css=\u00bb.vc_custom_1565707625079{padding-top: 100px !important;padding-bottom: 100px !important;}\u00bb][vc_column][mk_fancy_title color=\u00bb#cb1d3b\u00bb size=\u00bb22&#8243; font_weight=\u00bbbold\u00bb txt_transform=\u00bbcapitalize\u00bb margin_bottom=\u00bb0&#8243; font_family=\u00bbnone\u00bb align=\u00bbcenter\u00bb]\n<h2>Qui\u00e9nes somos<\/h2>\n[\/mk_fancy_title][mk_divider style=\u00bbthin_solid\u00bb divider_width=\u00bbcustom_width\u00bb custom_width=\u00bb50&#8243; thin_single_color=\u00bb#cb1d3b\u00bb thickness=\u00bb2&#8243; margin_top=\u00bb10&#8243; margin_bottom=\u00bb50&#8243; visibility=\u00bbhidden-sm\u00bb][vc_column_text css=\u00bb.vc_custom_1771409972452{margin-bottom: 0px !important;}\u00bb]EWP CONSULTING fue fundada con la misi\u00f3n de reforzar la capacidad de gesti\u00f3n de sus clientes, proporcionando apoyo estrat\u00e9gico a lo largo de todas las etapas del ciclo de vida de sus negocios.<\/p>\n<p>La pr\u00e1ctica de M&amp;A de EWP CONSULTING est\u00e1 orientada a las PYMES, combinando una fuerte presencia en el mercado y una experiencia consolidada con los m\u00e1s altos est\u00e1ndares de confidencialidad, apoyada por una metodolog\u00eda propia de identificaci\u00f3n de oportunidades.<\/p>\n<p>EWP CONSULTING est\u00e1 compuesta por un equipo altamente experimentado y especializado de consultores senior, que operan tanto a nivel nacional como internacional, garantizando los m\u00e1s altos niveles de calidad, rigor y profesionalismo en todos los servicios prestados.<\/p>\n<p>Como resultado, EWP CONSULTING ha consolidado una s\u00f3lida posici\u00f3n en el mercado, manteniendo un compromiso diario con la aplicaci\u00f3n de su conocimiento, dedicaci\u00f3n y implicaci\u00f3n en cada proyecto que desarrolla.<\/p>\n<p>Todo lo que hace EWP CONSULTING y la forma en que lo hace, est\u00e1 guiado por un conjunto claro de valores fundamentales que definen su conducta y sus relaciones con clientes, partners y dem\u00e1s stakeholders.[\/vc_column_text][\/vc_column][\/vc_row][vc_row animation=\u00bbscale-up\u00bb id=\u00bbequipa\u00bb css=\u00bb.vc_custom_1737994788259{padding-top: 50px !important;padding-bottom: 100px !important;}\u00bb][vc_column][mk_fancy_title color=\u00bb#cb1d3b\u00bb size=\u00bb22&#8243; font_weight=\u00bbbold\u00bb txt_transform=\u00bbcapitalize\u00bb margin_bottom=\u00bb0&#8243; font_family=\u00bbnone\u00bb]\n<h2 style=\"text-align: center;\">Conozca a nuestros l\u00edderes<\/h2>\n[\/mk_fancy_title][mk_divider style=\u00bbthin_solid\u00bb divider_width=\u00bbcustom_width\u00bb custom_width=\u00bb50&#8243; thin_single_color=\u00bb#bf1c20&#8243; thickness=\u00bb2&#8243; margin_top=\u00bb0&#8243; margin_bottom=\u00bb50&#8243;][mk_image_slideshow images=\u00bb22998,22995,22992&#8243; image_width=\u00bb866&#8243; image_height=\u00bb621&#8243;][\/vc_column][\/vc_row][vc_row fullwidth=\u00bbtrue\u00bb fullwidth_content=\u00bbfalse\u00bb css=\u00bb.vc_custom_1608114300934{background-color: #6d6d6d !important;background-position: center !important;background-repeat: no-repeat !important;background-size: cover !important;}\u00bb][vc_column width=\u00bb2\/3&#8243;][mk_fancy_title strip_tags=\u00bbtrue\u00bb color=\u00bb#ffffff\u00bb size=\u00bb30&#8243; font_weight=\u00bbbold\u00bb txt_transform=\u00bbcapitalize\u00bb margin_top=\u00bb50&#8243; margin_bottom=\u00bb0&#8243; font_family=\u00bbnone\u00bb responsive_align=\u00bbleft\u00bb]\n<h2>Certificaci\u00f3n efr<\/h2>\n[\/mk_fancy_title][vc_column_text css=\u00bb.vc_custom_1770900083895{margin-bottom: 0px !important;}\u00bb]<span style=\"color: #ffffff;\">Estamos certificados por <a href=\"https:\/\/ewp-portugal.com\/es\/certificacion-efr\/\">efr<\/a>, desde finales de 2021, lo que nos otorga la condici\u00f3n de Entidad Familiarmente Responsable.<\/span>[\/vc_column_text][mk_padding_divider][vc_separator color=\u00bbwhite\u00bb][\/vc_column][vc_column width=\u00bb1\/3&#8243;][mk_padding_divider][vc_single_image image=\u00bb12940&#8243; img_size=\u00bb200&#215;100&#8243; alignment=\u00bbcenter\u00bb][\/vc_column][\/vc_row][vc_row fullwidth=\u00bbtrue\u00bb fullwidth_content=\u00bbfalse\u00bb css=\u00bb.vc_custom_1608114300934{background-color: #6d6d6d !important;background-position: center !important;background-repeat: no-repeat !important;background-size: cover !important;}\u00bb][vc_column width=\u00bb2\/3&#8243;][mk_fancy_title strip_tags=\u00bbtrue\u00bb color=\u00bb#ffffff\u00bb size=\u00bb30&#8243; font_weight=\u00bbbold\u00bb txt_transform=\u00bbcapitalize\u00bb margin_top=\u00bb50&#8243; margin_bottom=\u00bb0&#8243; font_family=\u00bbnone\u00bb responsive_align=\u00bbleft\u00bb]\n<h2>Somos reconocidos por nuestra Calidad<\/h2>\n[\/mk_fancy_title][vc_column_text css=\u00bb.vc_custom_1770900195907{margin-bottom: 0px !important;}\u00bb]<span style=\"color: #ffffff;\">Desde 2008, el trabajo que realizamos con cada cliente est\u00e1 certificado por SGS, bas\u00e1ndose en la Norma de Calidad ISO 9001.<\/span>[\/vc_column_text][mk_padding_divider][\/vc_column][vc_column width=\u00bb1\/3&#8243;][mk_padding_divider][vc_single_image image=\u00bb6989&#8243; img_size=\u00bb60&#215;60&#8243; alignment=\u00bbcenter\u00bb][\/vc_column][\/vc_row][vc_row animation=\u00bbscale-up\u00bb css=\u00bb.vc_custom_1565707639890{padding-top: 100px !important;padding-bottom: 100px !important;}\u00bb][vc_column][mk_fancy_title strip_tags=\u00bbtrue\u00bb color=\u00bb#555555&#8243; size=\u00bb32&#8243; force_font_size=\u00bbtrue\u00bb size_phone=\u00bb26&#8243; font_weight=\u00bbbold\u00bb margin_bottom=\u00bb0&#8243; font_family=\u00bbnone\u00bb align=\u00bbcenter\u00bb]Nuestros valores[\/mk_fancy_title][mk_divider style=\u00bbthin_solid\u00bb divider_width=\u00bbcustom_width\u00bb custom_width=\u00bb50&#8243; thin_single_color=\u00bb#bf1c20&#8243; thickness=\u00bb2&#8243; margin_top=\u00bb0&#8243; margin_bottom=\u00bb50&#8243;][mk_tab_slider order=\u00bbASC\u00bb button_size=\u00bb14&#8243; button_color=\u00bb#0a0a0a\u00bb tabs=\u00bb22779, 22774, 22767, 22759, 22754, 22751&#8243;][mk_padding_divider][\/vc_column][\/vc_row][vc_row fullwidth=\u00bbtrue\u00bb fullwidth_content=\u00bbfalse\u00bb css=\u00bb.vc_custom_1626883300113{padding-top: 50px !important;padding-bottom: 25px !important;background: #222222 url(https:\/\/ewp-portugal.com\/wp-content\/uploads\/2021\/07\/apoio-a-gestao.jpg?id=9708) !important;background-position: center !important;background-repeat: no-repeat !important;background-size: cover !important;}\u00bb][vc_column][mk_fancy_title strip_tags=\u00bbtrue\u00bb color=\u00bb#ffffff\u00bb size=\u00bb32&#8243; font_weight=\u00bbbold\u00bb margin_bottom=\u00bb0&#8243; font_family=\u00bbnone\u00bb align=\u00bbcenter\u00bb]Nuestros clientes[\/mk_fancy_title][mk_divider style=\u00bbthin_solid\u00bb divider_width=\u00bbcustom_width\u00bb custom_width=\u00bb50&#8243; thin_single_color=\u00bb#ffffff\u00bb thickness=\u00bb2&#8243; margin_top=\u00bb0&#8243; margin_bottom=\u00bb50&#8243;][vc_row_inner][vc_column_inner width=\u00bb1\/3&#8243;][mk_milestone icon=\u00bbmk-moon-stats-up\u00bb icon_size=\u00bbmedium\u00bb align=\u00bbcenter\u00bb icon_color=\u00bb#ffffff\u00bb stop=\u00bb75&#8243; suffix=\u00bbM\u20ac\u00bb text=\u00bbVolumen de negocios\u00bb text_color=\u00bb#f7f7f7&#8243; font_family=\u00bbnone\u00bb][mk_padding_divider size=\u00bb32&#8243; visibility=\u00bbvisible-sm\u00bb][\/vc_column_inner][vc_column_inner width=\u00bb1\/3&#8243;][mk_milestone icon=\u00bbmk-icon-users\u00bb icon_size=\u00bbmedium\u00bb align=\u00bbcenter\u00bb icon_color=\u00bb#ffffff\u00bb stop=\u00bb850&#8243; text=\u00bbColaboradores\u00bb text_color=\u00bb#f7f7f7&#8243; font_family=\u00bbnone\u00bb][mk_padding_divider size=\u00bb32&#8243; visibility=\u00bbvisible-sm\u00bb][\/vc_column_inner][vc_column_inner width=\u00bb1\/3&#8243;][mk_milestone icon=\u00bbmk-icon-briefcase\u00bb icon_size=\u00bbmedium\u00bb align=\u00bbcenter\u00bb icon_color=\u00bb#ffffff\u00bb stop=\u00bb80&#8243; suffix=\u00bbM\u20ac\u00bb text=\u00bbActivos totales\u00bb text_color=\u00bb#f7f7f7&#8243; font_family=\u00bbnone\u00bb][mk_padding_divider size=\u00bb32&#8243; visibility=\u00bbvisible-sm\u00bb][\/vc_column_inner][\/vc_row_inner][\/vc_column][\/vc_row]\n","protected":false},"excerpt":{"rendered":"<p>[vc_row fullwidth=\u00bbtrue\u00bb fullwidth_content=\u00bbfalse\u00bb css=\u00bb.vc_custom_1738579292847{padding-top: 100px !important;padding-right: 100px !important;padding-bottom: 100px !important;padding-left: 100px !important;background-image: url(https:\/\/ewp-portugal.com\/wp-content\/uploads\/2025\/01\/quem-somos-ewp-7.jpg?id=19688) !important;background-position: center !important;background-repeat: no-repeat !important;background-size: cover !important;}\u00bb][vc_column][mk_padding_divider size=\u00bb20&#8243; visibility=\u00bbhidden-sm\u00bb][mk_fancy_title strip_tags=\u00bbtrue\u00bb tag_name=\u00bbh1&#8243; color=\u00bb#ffffff\u00bb size=\u00bb32&#8243; force_font_size=\u00bbtrue\u00bb size_smallscreen=\u00bb30&#8243; size_tablet=\u00bb30&#8243; size_phone=\u00bb28&#8243; font_weight=\u00bbbold\u00bb margin_bottom=\u00bb0&#8243; font_family=\u00bbnone\u00bb align=\u00bbright\u00bb] Qui\u00e9nes somos [\/mk_fancy_title][\/vc_column][\/vc_row][vc_row animation=\u00bbscale-up\u00bb css=\u00bb.vc_custom_1565707625079{padding-top: 100px !important;padding-bottom: 100px !important;}\u00bb][vc_column][mk_fancy_title color=\u00bb#cb1d3b\u00bb size=\u00bb22&#8243; font_weight=\u00bbbold\u00bb txt_transform=\u00bbcapitalize\u00bb margin_bottom=\u00bb0&#8243; font_family=\u00bbnone\u00bb align=\u00bbcenter\u00bb] Qui\u00e9nes somos [\/mk_fancy_title][mk_divider style=\u00bbthin_solid\u00bb divider_width=\u00bbcustom_width\u00bb [&hellip;]<\/p>\n","protected":false},"author":5,"featured_media":0,"parent":0,"menu_order":0,"comment_status":"closed","ping_status":"closed","template":"","meta":{"_monsterinsights_skip_tracking":false,"_monsterinsights_sitenote_active":false,"_monsterinsights_sitenote_note":"","_monsterinsights_sitenote_category":0,"footnotes":""},"class_list":["post-22733","page","type-page","status-publish","hentry"],"_links":{"self":[{"href":"https:\/\/ewp-portugal.com\/es\/wp-json\/wp\/v2\/pages\/22733","targetHints":{"allow":["GET"]}}],"collection":[{"href":"https:\/\/ewp-portugal.com\/es\/wp-json\/wp\/v2\/pages"}],"about":[{"href":"https:\/\/ewp-portugal.com\/es\/wp-json\/wp\/v2\/types\/page"}],"author":[{"embeddable":true,"href":"https:\/\/ewp-portugal.com\/es\/wp-json\/wp\/v2\/users\/5"}],"replies":[{"embeddable":true,"href":"https:\/\/ewp-portugal.com\/es\/wp-json\/wp\/v2\/comments?post=22733"}],"version-history":[{"count":6,"href":"https:\/\/ewp-portugal.com\/es\/wp-json\/wp\/v2\/pages\/22733\/revisions"}],"predecessor-version":[{"id":23002,"href":"https:\/\/ewp-portugal.com\/es\/wp-json\/wp\/v2\/pages\/22733\/revisions\/23002"}],"wp:attachment":[{"href":"https:\/\/ewp-portugal.com\/es\/wp-json\/wp\/v2\/media?parent=22733"}],"curies":[{"name":"wp","href":"https:\/\/api.w.org\/{rel}","templated":true}]}}