{"id":22697,"date":"2026-02-06T13:18:43","date_gmt":"2026-02-06T12:18:43","guid":{"rendered":"https:\/\/ewp-portugal.com\/?page_id=22697"},"modified":"2026-02-18T11:02:31","modified_gmt":"2026-02-18T10:02:31","slug":"internacional","status":"publish","type":"page","link":"https:\/\/ewp-portugal.com\/es\/internacional\/","title":{"rendered":"Internacional"},"content":{"rendered":"[vc_row fullwidth=\u00bbtrue\u00bb fullwidth_content=\u00bbfalse\u00bb css=\u00bb.vc_custom_1738321796036{padding-top: 100px !important;padding-bottom: 100px !important;background-image: url(https:\/\/ewp-portugal.com\/wp-content\/uploads\/2025\/01\/internacional-ewp-2.jpg?id=19662) !important;background-position: center !important;background-repeat: no-repeat !important;background-size: cover !important;}\u00bb][vc_column][mk_padding_divider size=\u00bb100&#8243; visibility=\u00bbhidden-sm\u00bb][mk_fancy_title strip_tags=\u00bbtrue\u00bb tag_name=\u00bbh1&#8243; color=\u00bb#ffffff\u00bb size=\u00bb32&#8243; force_font_size=\u00bbtrue\u00bb size_smallscreen=\u00bb30&#8243; size_tablet=\u00bb30&#8243; size_phone=\u00bb28&#8243; font_weight=\u00bbbold\u00bb margin_bottom=\u00bb0&#8243; font_family=\u00bbnone\u00bb align=\u00bbright\u00bb]Internacional[\/mk_fancy_title][\/vc_column][\/vc_row][vc_row animation=\u00bbscale-up\u00bb css=\u00bb.vc_custom_1565707625079{padding-top: 100px !important;padding-bottom: 100px !important;}\u00bb][vc_column][mk_fancy_title color=\u00bb#cb1d3b\u00bb size=\u00bb22&#8243; font_weight=\u00bbbold\u00bb txt_transform=\u00bbcapitalize\u00bb margin_bottom=\u00bb0&#8243; font_family=\u00bbnone\u00bb align=\u00bbcenter\u00bb]\n<h2>Presencia internacional de EWP<\/h2>\n[\/mk_fancy_title][mk_divider style=\u00bbthin_solid\u00bb divider_width=\u00bbcustom_width\u00bb custom_width=\u00bb50&#8243; thin_single_color=\u00bb#bf1c20&#8243; thickness=\u00bb2&#8243; margin_top=\u00bb10&#8243; margin_bottom=\u00bb50&#8243; visibility=\u00bbhidden-sm\u00bb][vc_column_text css=\u00bb.vc_custom_1738168384994{margin-bottom: 0px !important;}\u00bb]A EWP tem uma presen\u00e7a relevante no mercado internacional que lhe permite proporcionar aos seus clientes o acesso a uma diversidade de solu\u00e7\u00f5es ajustadas \u00e0s especificidades de cada regi\u00e3o concreta do globo.<\/p>\n<p>A experi\u00eancia transfronteiri\u00e7a da EWP adv\u00e9m da sua integra\u00e7\u00e3o na rede global de empresas da IR Global e da aposta seletiva em determinados acordos de parceria celebrados com entidades internacionais.<\/p>\n<p>A IR Global est\u00e1 representada nos 5 continentes com compet\u00eancias multidisciplinares em consultoria de gest\u00e3o, fiscal e legal, permitindo \u00e0 EWP oferecer aos seus Clientes aconselhamento personalizado do mais alto n\u00edvel de qualidade.[\/vc_column_text][mk_padding_divider size=\u00bb100&#8243; visibility=\u00bbhidden-sm\u00bb][mk_fancy_title color=\u00bb#cb1d3b\u00bb size=\u00bb22&#8243; font_weight=\u00bbbold\u00bb txt_transform=\u00bbcapitalize\u00bb margin_bottom=\u00bb0&#8243; font_family=\u00bbnone\u00bb align=\u00bbcenter\u00bb]\n<h2>Importancia de la internacionalizaci\u00f3n de las empresas para Portugal o fuera de Portugal<\/h2>\n[\/mk_fancy_title][mk_divider style=\u00bbthin_solid\u00bb divider_width=\u00bbcustom_width\u00bb custom_width=\u00bb50&#8243; thin_single_color=\u00bb#bf1c20&#8243; thickness=\u00bb2&#8243; margin_top=\u00bb10&#8243; margin_bottom=\u00bb50&#8243; visibility=\u00bbhidden-sm\u00bb][vc_column_text css=\u00bb.vc_custom_1738087393534{margin-bottom: 0px !important;}\u00bb]O impacto da atual conjuntura econ\u00f3mico-financeira nas empresas torna claro a estrat\u00e9gia internacional torna-se cada vez mais importante<\/p>\n<p>\u00c0 medida que fica mais clara a globaliza\u00e7\u00e3o voltada \u00e0 competi\u00e7\u00e3o, a estrat\u00e9gia internacional torna-se cada vez mais importante. As organiza\u00e7\u00f5es fazem suas escolhas estrat\u00e9gicas visando avan\u00e7ar no mercado internacional, obtendo vantagens competitivas.<\/p>\n<p>As empresas que queiram sobreviver a esta nova conjuntura econ\u00f3mica mais agressiva podem optar por desenvolver um processo de internacionaliza\u00e7\u00e3o. A EWP apoia os investidores e as empresas que pretendem entrar, pela primeira vez, em outros mercados.<\/p>\n<p>Entrar num pa\u00eds estrangeiro com o apoio e compromisso da EWP \u00e9 entrar com um parceiro de confian\u00e7a, com um parceiro local, que domina a legisla\u00e7\u00e3o, fiscalidade e o mercado.<\/p>\n<p>O inverso tamb\u00e9m se verifica. A EWP apoia o seu plano de investimento em Portugal. Desde apoiar na cria\u00e7\u00e3o da sociedade em Portugal, prospe\u00e7\u00e3o de oportunidades de investimento, avalia\u00e7\u00e3o de empresas, elabora\u00e7\u00e3o de plano de neg\u00f3cio para investimentos em Portugal, at\u00e9 \u00e0 execu\u00e7\u00e3o de contabilidade e planeamento fiscal.[\/vc_column_text][mk_padding_divider size=\u00bb100&#8243; visibility=\u00bbhidden-sm\u00bb][mk_fancy_title color=\u00bb#cb1d3b\u00bb size=\u00bb22&#8243; font_weight=\u00bbbold\u00bb txt_transform=\u00bbcapitalize\u00bb margin_bottom=\u00bb0&#8243; font_family=\u00bbnone\u00bb align=\u00bbcenter\u00bb]\n<h2>A EWP proporciona<\/h2>\n[\/mk_fancy_title][mk_divider style=\u00bbthin_solid\u00bb divider_width=\u00bbcustom_width\u00bb custom_width=\u00bb50&#8243; thin_single_color=\u00bb#bf1c20&#8243; thickness=\u00bb2&#8243; margin_top=\u00bb10&#8243; margin_bottom=\u00bb50&#8243; visibility=\u00bbhidden-sm\u00bb][mk_icon_box icon=\u00bbmk-icon-arrow-circle-right\u00bb title=\u00bbFacilitar o processo de internacionaliza\u00e7\u00e3o da sua empresa e Startups\u00bb text_size=\u00bb20&#8243; read_more_txt=\u00bbSaber mais\u00bb read_more_url=\u00bbhttps:\/\/ewp-portugal.com\/apoio-ao-empreendedorismo\/\u00bb icon_size=\u00bbmedium\u00bb title_color=\u00bb#545454&#8243; txt_color=\u00bb#545454&#8243;][\/mk_icon_box][mk_icon_box icon=\u00bbmk-icon-arrow-circle-right\u00bb title=\u00bbCaptar investidores para processos de compra e venda de empresas nacionais\u00bb text_size=\u00bb20&#8243; read_more_txt=\u00bbSaber mais\u00bb read_more_url=\u00bbhttps:\/\/ewp-portugal.com\/venda-de-empresas\/\u00bb icon_size=\u00bbmedium\u00bb title_color=\u00bb#545454&#8243; txt_color=\u00bb#545454&#8243;][\/mk_icon_box][mk_icon_box icon=\u00bbmk-icon-arrow-circle-right\u00bb title=\u00bbSuportar planos de investimento que envolvam entidades e atividades localizadas em qualquer ponto do globo\u00bb text_size=\u00bb20&#8243; read_more_txt=\u00bbSaber mais\u00bb read_more_url=\u00bbhttps:\/\/ewp-portugal.com\/projeto-de-investimento\/\u00bb icon_size=\u00bbmedium\u00bb title_color=\u00bb#545454&#8243; txt_color=\u00bb#545454&#8243;][\/mk_icon_box][mk_icon_box icon=\u00bbmk-icon-arrow-circle-right\u00bb title=\u00bbApoiar a Gest\u00e3o da sua empresa e Startups para contribuir com maior capacidade de gest\u00e3o com o objetivo de tonar as empresas mais competitivas e sustent\u00e1veis\u00bb text_size=\u00bb20&#8243; read_more_txt=\u00bbSaber mais\u00bb read_more_url=\u00bbhttps:\/\/ewp-portugal.com\/gestao-de-empresas\/\u00bb icon_size=\u00bbmedium\u00bb title_color=\u00bb#545454&#8243; txt_color=\u00bb#545454&#8243;][\/mk_icon_box][mk_padding_divider size=\u00bb50&#8243; visibility=\u00bbhidden-sm\u00bb][vc_column_text css=\u00bb.vc_custom_1738170468214{margin-bottom: 0px !important;}\u00bb]\n<blockquote>\n<p style=\"text-align: center;\">Invierta en Portugal. Invierta en la internacionalizaci\u00f3n desde Portugal.<\/p>\n<p style=\"text-align: center;\"><strong><a href=\"https:\/\/ewp-portugal.com\/es\/agenda-una-reunion\/\">Cont\u00e1ctenos<\/a> para saber c\u00f3mo podemos ayudarle.<\/strong><\/p>\n<\/blockquote>\n[\/vc_column_text][mk_padding_divider size=\u00bb70&#8243; visibility=\u00bbhidden-sm\u00bb][mk_button dimension=\u00bbflat\u00bb corner_style=\u00bbfull_rounded\u00bb size=\u00bbx-large\u00bb url=\u00bbhttps:\/\/ewp-portugal.com\/es\/agenda-una-reunion\/\u00bb target=\u00bb_blank\u00bb align=\u00bbcenter\u00bb]Agendar reuni\u00f3n[\/mk_button][\/vc_column][\/vc_row][vc_row fullwidth=\u00bbtrue\u00bb fullwidth_content=\u00bbfalse\u00bb animation=\u00bbscale-up\u00bb css=\u00bb.vc_custom_1738171482381{padding-top: 50px !important;padding-bottom: 25px !important;background: #222222 url(https:\/\/ewp-portugal.com\/wp-content\/uploads\/2021\/07\/apoio-a-gestao.jpg?id=9708) !important;background-position: center !important;background-repeat: no-repeat !important;background-size: cover !important;}\u00bb][vc_column][mk_fancy_title strip_tags=\u00bbtrue\u00bb color=\u00bb#ffffff\u00bb size=\u00bb32&#8243; font_weight=\u00bbbold\u00bb margin_bottom=\u00bb0&#8243; font_family=\u00bbnone\u00bb align=\u00bbcenter\u00bb]Nuestros clientes[\/mk_fancy_title][mk_divider style=\u00bbthin_solid\u00bb divider_width=\u00bbcustom_width\u00bb custom_width=\u00bb50&#8243; thin_single_color=\u00bb#ffffff\u00bb thickness=\u00bb2&#8243; margin_top=\u00bb0&#8243; margin_bottom=\u00bb50&#8243;][vc_row_inner][vc_column_inner width=\u00bb1\/3&#8243;][mk_milestone icon=\u00bbmk-moon-stats-up\u00bb icon_size=\u00bbmedium\u00bb align=\u00bbcenter\u00bb icon_color=\u00bb#ffffff\u00bb stop=\u00bb75&#8243; suffix=\u00bbM\u20ac\u00bb text=\u00bbVolumen de negocios\u00bb text_color=\u00bb#f7f7f7&#8243; font_family=\u00bbnone\u00bb][mk_padding_divider size=\u00bb32&#8243; visibility=\u00bbvisible-sm\u00bb][\/vc_column_inner][vc_column_inner width=\u00bb1\/3&#8243;][mk_milestone icon=\u00bbmk-icon-users\u00bb icon_size=\u00bbmedium\u00bb align=\u00bbcenter\u00bb icon_color=\u00bb#ffffff\u00bb stop=\u00bb850&#8243; text=\u00bbColaboradores\u00bb text_color=\u00bb#f7f7f7&#8243; font_family=\u00bbnone\u00bb][mk_padding_divider size=\u00bb32&#8243; visibility=\u00bbvisible-sm\u00bb][\/vc_column_inner][vc_column_inner width=\u00bb1\/3&#8243;][mk_milestone icon=\u00bbmk-icon-briefcase\u00bb icon_size=\u00bbmedium\u00bb align=\u00bbcenter\u00bb icon_color=\u00bb#ffffff\u00bb stop=\u00bb80&#8243; suffix=\u00bbM\u20ac\u00bb text=\u00bbTotal de activos\u00bb text_color=\u00bb#f7f7f7&#8243; font_family=\u00bbnone\u00bb][mk_padding_divider size=\u00bb32&#8243; visibility=\u00bbvisible-sm\u00bb][\/vc_column_inner][\/vc_row_inner][\/vc_column][\/vc_row]\n","protected":false},"excerpt":{"rendered":"<p>[vc_row fullwidth=\u00bbtrue\u00bb fullwidth_content=\u00bbfalse\u00bb css=\u00bb.vc_custom_1738321796036{padding-top: 100px !important;padding-bottom: 100px !important;background-image: url(https:\/\/ewp-portugal.com\/wp-content\/uploads\/2025\/01\/internacional-ewp-2.jpg?id=19662) !important;background-position: center !important;background-repeat: no-repeat !important;background-size: cover !important;}\u00bb][vc_column][mk_padding_divider size=\u00bb100&#8243; visibility=\u00bbhidden-sm\u00bb][mk_fancy_title strip_tags=\u00bbtrue\u00bb tag_name=\u00bbh1&#8243; color=\u00bb#ffffff\u00bb size=\u00bb32&#8243; force_font_size=\u00bbtrue\u00bb size_smallscreen=\u00bb30&#8243; size_tablet=\u00bb30&#8243; size_phone=\u00bb28&#8243; font_weight=\u00bbbold\u00bb margin_bottom=\u00bb0&#8243; font_family=\u00bbnone\u00bb align=\u00bbright\u00bb]Internacional[\/mk_fancy_title][\/vc_column][\/vc_row][vc_row animation=\u00bbscale-up\u00bb css=\u00bb.vc_custom_1565707625079{padding-top: 100px !important;padding-bottom: 100px !important;}\u00bb][vc_column][mk_fancy_title color=\u00bb#cb1d3b\u00bb size=\u00bb22&#8243; font_weight=\u00bbbold\u00bb txt_transform=\u00bbcapitalize\u00bb margin_bottom=\u00bb0&#8243; font_family=\u00bbnone\u00bb align=\u00bbcenter\u00bb] Presencia internacional de EWP [\/mk_fancy_title][mk_divider style=\u00bbthin_solid\u00bb divider_width=\u00bbcustom_width\u00bb custom_width=\u00bb50&#8243; thin_single_color=\u00bb#bf1c20&#8243; thickness=\u00bb2&#8243; margin_top=\u00bb10&#8243; margin_bottom=\u00bb50&#8243; [&hellip;]<\/p>\n","protected":false},"author":5,"featured_media":0,"parent":0,"menu_order":0,"comment_status":"closed","ping_status":"closed","template":"","meta":{"_monsterinsights_skip_tracking":false,"_monsterinsights_sitenote_active":false,"_monsterinsights_sitenote_note":"","_monsterinsights_sitenote_category":0,"footnotes":""},"class_list":["post-22697","page","type-page","status-publish","hentry"],"_links":{"self":[{"href":"https:\/\/ewp-portugal.com\/es\/wp-json\/wp\/v2\/pages\/22697","targetHints":{"allow":["GET"]}}],"collection":[{"href":"https:\/\/ewp-portugal.com\/es\/wp-json\/wp\/v2\/pages"}],"about":[{"href":"https:\/\/ewp-portugal.com\/es\/wp-json\/wp\/v2\/types\/page"}],"author":[{"embeddable":true,"href":"https:\/\/ewp-portugal.com\/es\/wp-json\/wp\/v2\/users\/5"}],"replies":[{"embeddable":true,"href":"https:\/\/ewp-portugal.com\/es\/wp-json\/wp\/v2\/comments?post=22697"}],"version-history":[{"count":6,"href":"https:\/\/ewp-portugal.com\/es\/wp-json\/wp\/v2\/pages\/22697\/revisions"}],"predecessor-version":[{"id":22732,"href":"https:\/\/ewp-portugal.com\/es\/wp-json\/wp\/v2\/pages\/22697\/revisions\/22732"}],"wp:attachment":[{"href":"https:\/\/ewp-portugal.com\/es\/wp-json\/wp\/v2\/media?parent=22697"}],"curies":[{"name":"wp","href":"https:\/\/api.w.org\/{rel}","templated":true}]}}