{"id":22683,"date":"2026-02-05T14:08:10","date_gmt":"2026-02-05T13:08:10","guid":{"rendered":"https:\/\/ewp-portugal.com\/?page_id=22683"},"modified":"2026-02-17T08:49:21","modified_gmt":"2026-02-17T07:49:21","slug":"solicitar-mas-informacion","status":"publish","type":"page","link":"https:\/\/ewp-portugal.com\/es\/solicitar-mas-informacion\/","title":{"rendered":"Solicitar m\u00e1s informaci\u00f3n"},"content":{"rendered":"<div class=\"wpforms-container wpforms-container-full wpforms-render-modern\" id=\"wpforms-22681\"><form id=\"wpforms-form-22681\" class=\"wpforms-validate wpforms-form wpforms-ajax-form\" data-formid=\"22681\" method=\"post\" enctype=\"multipart\/form-data\" action=\"\/es\/wp-json\/wp\/v2\/pages\/22683\" data-token=\"8102ccbb1443500ebd1ef2ab9ae5036e\" data-token-time=\"1776965513\"><noscript class=\"wpforms-error-noscript\">Por favor, activa JavaScript en tu navegador para completar este formulario.<\/noscript><div class=\"wpforms-hidden\" id=\"wpforms-error-noscript\">Por favor, activa JavaScript en tu navegador para completar este formulario.<\/div><div class=\"wpforms-field-container\"><div id=\"wpforms-22681-field_0-container\" class=\"wpforms-field wpforms-field-name\" data-field-id=\"0\"><label class=\"wpforms-field-label\" for=\"wpforms-22681-field_0\">Nombre <span class=\"wpforms-required-label\" aria-hidden=\"true\">*<\/span><\/label><input type=\"text\" id=\"wpforms-22681-field_0\" class=\"wpforms-field-medium wpforms-field-required\" name=\"wpforms[fields][0]\" aria-errormessage=\"wpforms-22681-field_0-error\" aria-describedby=\"wpforms-22681-field_0-description\" required><div id=\"wpforms-22681-field_0-description\" class=\"wpforms-field-description\">primero\/\u00faltimo<\/div><\/div><div id=\"wpforms-22681-field_9-container\" class=\"wpforms-field wpforms-field-text\" data-field-id=\"9\"><label class=\"wpforms-field-label\" for=\"wpforms-22681-field_9\">Nombre de la Empresa <span class=\"wpforms-required-label\" aria-hidden=\"true\">*<\/span><\/label><input type=\"text\" id=\"wpforms-22681-field_9\" class=\"wpforms-field-medium wpforms-field-required\" name=\"wpforms[fields][9]\" aria-errormessage=\"wpforms-22681-field_9-error\" required><\/div><div id=\"wpforms-22681-field_1-container\" class=\"wpforms-field wpforms-field-email\" data-field-id=\"1\"><label class=\"wpforms-field-label\" for=\"wpforms-22681-field_1\">Email <span class=\"wpforms-required-label\" aria-hidden=\"true\">*<\/span><\/label><input type=\"email\" id=\"wpforms-22681-field_1\" class=\"wpforms-field-medium wpforms-field-required\" name=\"wpforms[fields][1]\" spellcheck=\"false\" aria-errormessage=\"wpforms-22681-field_1-error\" required><\/div><div id=\"wpforms-22681-field_3-container\" class=\"wpforms-field wpforms-field-number\" data-field-id=\"3\"><label class=\"wpforms-field-label\" for=\"wpforms-22681-field_3\">Tel\u00e9fono <span class=\"wpforms-required-label\" aria-hidden=\"true\">*<\/span><\/label><input type=\"number\" id=\"wpforms-22681-field_3\" class=\"wpforms-field-medium wpforms-field-required\" name=\"wpforms[fields][3]\" step=\"any\" aria-errormessage=\"wpforms-22681-field_3-error\" required><\/div><div id=\"wpforms-22681-field_6-container\" class=\"wpforms-field wpforms-field-checkbox\" data-field-id=\"6\"><fieldset><legend class=\"wpforms-field-label\">Me gustar\u00eda recibir m\u00e1s informaci\u00f3n sobre los siguientes servicios:<\/legend><ul id=\"wpforms-22681-field_6\"><li class=\"choice-11 depth-1\"><input type=\"checkbox\" id=\"wpforms-22681-field_6_11\" name=\"wpforms[fields][6][]\" value=\"Apoyo a la gesti\u00f3n\" aria-errormessage=\"wpforms-22681-field_6_11-error\"  ><label class=\"wpforms-field-label-inline\" for=\"wpforms-22681-field_6_11\">Apoyo a la gesti\u00f3n<\/label><\/li><li class=\"choice-10 depth-1\"><input type=\"checkbox\" id=\"wpforms-22681-field_6_10\" name=\"wpforms[fields][6][]\" value=\"Contabilidad y apoyo a la gesti\u00f3n\" aria-errormessage=\"wpforms-22681-field_6_10-error\"  ><label class=\"wpforms-field-label-inline\" for=\"wpforms-22681-field_6_10\">Contabilidad y apoyo a la gesti\u00f3n<\/label><\/li><li class=\"choice-1 depth-1\"><input type=\"checkbox\" id=\"wpforms-22681-field_6_1\" name=\"wpforms[fields][6][]\" value=\"Venta de empresas\" aria-errormessage=\"wpforms-22681-field_6_1-error\"  ><label class=\"wpforms-field-label-inline\" for=\"wpforms-22681-field_6_1\">Venta de empresas<\/label><\/li><li class=\"choice-2 depth-1\"><input type=\"checkbox\" id=\"wpforms-22681-field_6_2\" name=\"wpforms[fields][6][]\" value=\"Compra de empresas\" aria-errormessage=\"wpforms-22681-field_6_2-error\"  ><label class=\"wpforms-field-label-inline\" for=\"wpforms-22681-field_6_2\">Compra de empresas<\/label><\/li><li class=\"choice-3 depth-1\"><input type=\"checkbox\" id=\"wpforms-22681-field_6_3\" name=\"wpforms[fields][6][]\" value=\"Valoraci\u00f3n de empresas\" aria-errormessage=\"wpforms-22681-field_6_3-error\"  ><label class=\"wpforms-field-label-inline\" for=\"wpforms-22681-field_6_3\">Valoraci\u00f3n de empresas<\/label><\/li><li class=\"choice-12 depth-1\"><input type=\"checkbox\" id=\"wpforms-22681-field_6_12\" name=\"wpforms[fields][6][]\" value=\"Auditor\u00eda\" aria-errormessage=\"wpforms-22681-field_6_12-error\"  ><label class=\"wpforms-field-label-inline\" for=\"wpforms-22681-field_6_12\">Auditor\u00eda<\/label><\/li><li class=\"choice-5 depth-1\"><input type=\"checkbox\" id=\"wpforms-22681-field_6_5\" name=\"wpforms[fields][6][]\" value=\"Proyecto de inversi\u00f3n\" aria-errormessage=\"wpforms-22681-field_6_5-error\"  ><label class=\"wpforms-field-label-inline\" for=\"wpforms-22681-field_6_5\">Proyecto de inversi\u00f3n<\/label><\/li><li class=\"choice-4 depth-1\"><input type=\"checkbox\" id=\"wpforms-22681-field_6_4\" name=\"wpforms[fields][6][]\" value=\"Plan de negocio\" aria-errormessage=\"wpforms-22681-field_6_4-error\"  ><label class=\"wpforms-field-label-inline\" for=\"wpforms-22681-field_6_4\">Plan de negocio<\/label><\/li><li class=\"choice-6 depth-1\"><input type=\"checkbox\" id=\"wpforms-22681-field_6_6\" name=\"wpforms[fields][6][]\" value=\"Startups\" aria-errormessage=\"wpforms-22681-field_6_6-error\"  ><label class=\"wpforms-field-label-inline\" for=\"wpforms-22681-field_6_6\">Startups<\/label><\/li><\/ul><\/fieldset><\/div><div id=\"wpforms-22681-field_2-container\" class=\"wpforms-field wpforms-field-textarea\" data-field-id=\"2\"><label class=\"wpforms-field-label\" for=\"wpforms-22681-field_2\">Describa las necesidades de su empresa:<\/label><textarea id=\"wpforms-22681-field_2\" class=\"wpforms-field-medium\" name=\"wpforms[fields][2]\" aria-errormessage=\"wpforms-22681-field_2-error\" ><\/textarea><\/div><\/div><!-- .wpforms-field-container --><div class=\"wpforms-submit-container\" ><input type=\"hidden\" name=\"wpforms[id]\" value=\"22681\"><input type=\"hidden\" name=\"page_title\" value=\"\"><input type=\"hidden\" name=\"page_url\" value=\"https:\/\/ewp-portugal.com\/es\/wp-json\/wp\/v2\/pages\/22683\"><input type=\"hidden\" name=\"url_referer\" value=\"\"><button type=\"submit\" name=\"wpforms[submit]\" id=\"wpforms-submit-22681\" class=\"wpforms-submit\" data-alt-text=\"Sending...\" data-submit-text=\"Enviar\" aria-live=\"assertive\" value=\"wpforms-submit\">Enviar<\/button><img loading=\"lazy\" decoding=\"async\" src=\"https:\/\/ewp-portugal.com\/wp-content\/plugins\/wpforms-lite\/assets\/images\/submit-spin.svg\" class=\"wpforms-submit-spinner\" style=\"display: none;\" width=\"26\" height=\"26\" alt=\"Cargando\"><\/div><\/form><\/div>  <!-- .wpforms-container -->\n<p>Al enviar, usted acepta nuestra <a href=\"https:\/\/ewp-portugal.com\/es\/politica-de-privacidad\/\">pol\u00edtica de privacidad<\/a>.<\/p>\n<p>&nbsp;<\/p>\n","protected":false},"excerpt":{"rendered":"<p>Al enviar, usted acepta nuestra pol\u00edtica de privacidad. &nbsp;<\/p>\n","protected":false},"author":5,"featured_media":0,"parent":0,"menu_order":0,"comment_status":"closed","ping_status":"closed","template":"","meta":{"_monsterinsights_skip_tracking":false,"_monsterinsights_sitenote_active":false,"_monsterinsights_sitenote_note":"","_monsterinsights_sitenote_category":0,"footnotes":""},"class_list":["post-22683","page","type-page","status-publish","hentry"],"_links":{"self":[{"href":"https:\/\/ewp-portugal.com\/es\/wp-json\/wp\/v2\/pages\/22683","targetHints":{"allow":["GET"]}}],"collection":[{"href":"https:\/\/ewp-portugal.com\/es\/wp-json\/wp\/v2\/pages"}],"about":[{"href":"https:\/\/ewp-portugal.com\/es\/wp-json\/wp\/v2\/types\/page"}],"author":[{"embeddable":true,"href":"https:\/\/ewp-portugal.com\/es\/wp-json\/wp\/v2\/users\/5"}],"replies":[{"embeddable":true,"href":"https:\/\/ewp-portugal.com\/es\/wp-json\/wp\/v2\/comments?post=22683"}],"version-history":[{"count":2,"href":"https:\/\/ewp-portugal.com\/es\/wp-json\/wp\/v2\/pages\/22683\/revisions"}],"predecessor-version":[{"id":22855,"href":"https:\/\/ewp-portugal.com\/es\/wp-json\/wp\/v2\/pages\/22683\/revisions\/22855"}],"wp:attachment":[{"href":"https:\/\/ewp-portugal.com\/es\/wp-json\/wp\/v2\/media?parent=22683"}],"curies":[{"name":"wp","href":"https:\/\/api.w.org\/{rel}","templated":true}]}}