{"id":22677,"date":"2026-02-05T14:01:23","date_gmt":"2026-02-05T13:01:23","guid":{"rendered":"https:\/\/ewp-portugal.com\/?page_id=22677"},"modified":"2026-02-18T11:05:22","modified_gmt":"2026-02-18T10:05:22","slug":"politica-de-privacidad","status":"publish","type":"page","link":"https:\/\/ewp-portugal.com\/es\/politica-de-privacidad\/","title":{"rendered":"Pol\u00edtica de privacidad"},"content":{"rendered":"<p><strong>Valoramos su privacidad<\/strong><\/p>\n<p>EWP CONSULTING respeta su privacidad garantizando la seguridad de sus datos, recopilando solo los datos estrictamente necesarios para la prestaci\u00f3n de servicios.<\/p>\n<p>Este documento describe para qu\u00e9 fines se pueden utilizar sus datos, c\u00f3mo se tratan, con qui\u00e9n se comparten, durante cu\u00e1nto tiempo se conservan, as\u00ed como c\u00f3mo puede ponerse en contacto con nosotros y ejercer sus derechos.<\/p>\n<p>Los datos personales se refieren a cualquier informaci\u00f3n relacionada con una persona f\u00edsica y pueden incluir, entre otros: informaci\u00f3n de contacto (nombre, direcci\u00f3n particular y laboral, tel\u00e9fono, direcciones de correo electr\u00f3nico); informaci\u00f3n personal (fecha de nacimiento, nacionalidad, fotograf\u00edas, datos de identificaci\u00f3n electr\u00f3nica como cookies, direcciones IP y contrase\u00f1as); informaci\u00f3n profesional y laboral (educaci\u00f3n y formaci\u00f3n) y datos financieros (identificaci\u00f3n fiscal y n\u00famero de cuenta bancaria).<\/p>\n<p>EWP CONSULTING ha tomado las medidas t\u00e9cnicas y organizativas necesarias para proteger adecuadamente sus datos contra el procesamiento y el acceso no autorizados.<\/p>\n<p>EWP CONSULTING hace todo lo posible para evitar el uso no autorizado o ilegal de los datos personales, as\u00ed como su p\u00e9rdida, destrucci\u00f3n o da\u00f1o. Sin embargo, nunca es posible ofrecer una garant\u00eda absoluta en relaci\u00f3n con la seguridad de los datos personales. Por este motivo, EWP CONSULTING informar\u00e1 sin demora a los interesados y a las autoridades competentes (en los plazos legalmente exigidos) siempre que se produzca una violaci\u00f3n o un incidente de seguridad.<\/p>\n<p>EWP CONSULTING protege la seguridad de los datos personales mediante una pol\u00edtica de seguridad interna que abarca los procesos de control de acceso, configuraci\u00f3n, almacenamiento, copia de seguridad, soporte, transmisi\u00f3n, auditor\u00eda, actualizaci\u00f3n de la infraestructura tecnol\u00f3gica y una s\u00f3lida pol\u00edtica de autenticaci\u00f3n.<\/p>\n<p>Del mismo modo, EWP CONSULTING asume el compromiso de confidencialidad por parte de sus Colaboradores y Subcontratistas y que estos \u00faltimos solo act\u00faen de acuerdo con las instrucciones recibidas formalmente, adem\u00e1s de garantizar la formaci\u00f3n continua de sus colaboradores en el \u00e1mbito de la normativa RGPD.<\/p>\n<p>Al rellenar los formularios disponibles en el sitio web de EWP CONSULTING, sus datos personales se recopilan y tratan con el fin de responder a sus preguntas, solicitudes o proporcionarle informaci\u00f3n.<\/p>\n<p>En el caso de los clientes de EWP CONSULTING, la informaci\u00f3n recopilada es la estrictamente necesaria para el cumplimiento del Acuerdo de Prestaci\u00f3n de Servicios.<\/p>\n<p>En el caso de los no clientes, al facilitarnos sus datos de contacto, EWP CONSULTING podr\u00e1 ponerse en contacto con usted con fines de marketing relacionados con sus servicios, siempre que haya dado su consentimiento para el tratamiento de sus datos personales con este fin. Si da su consentimiento, recibir\u00e1 comunicaciones de marketing por correo electr\u00f3nico. Podr\u00e1 oponerse a este tratamiento de datos en cualquier momento.<\/p>\n<p>Los datos recopilados se conservar\u00e1n durante el tiempo necesario para la prestaci\u00f3n del servicio o durante la vigencia del contrato (en el caso de ser cliente nuestro) y no se transmitir\u00e1n ni transferir\u00e1n a terceros que no sean los subcontratistas definidos con otras empresas autorizadas que trabajen en nuestro nombre para los fines descritos en esta pol\u00edtica.<\/p>\n<p><strong>Pol\u00edtica de cookies<\/strong><\/p>\n<p>Nuestra pol\u00edtica consiste en conservar los datos solo durante el tiempo necesario para cumplir con los fines para los que fueron recopilados. Sin embargo, en determinados casos podremos conservar los datos durante per\u00edodos m\u00e1s largos, en particular cuando as\u00ed lo exija la ley.<\/p>\n<p>En cualquier momento, el titular de los datos podr\u00e1 ejercer sus derechos previstos en el RGPD ante EWP CONSULTING, en particular, el derecho al consentimiento, el derecho a ser informado, el derecho de acceso y el derecho al olvido.<\/p>\n<p>Nuestra pol\u00edtica de cookies se compromete a garantizar la seguridad de la privacidad de conformidad con las obligaciones derivadas de la Ley de Protecci\u00f3n de Datos. Al registrarse en nuestro sitio web, recopilamos la informaci\u00f3n que usted decide rellenar en los formularios del sitio. Recopilamos esta informaci\u00f3n para poder procesar sus solicitudes y gestionar de manera eficiente las posibles transacciones, as\u00ed como para utilizarla con el fin de desarrollar y mejorar nuestros servicios. Podemos utilizar la informaci\u00f3n agregada para realizar un seguimiento del uso de nuestros servicios y para ayudarnos a desarrollar y mejorar nuestro sitio web. Sin embargo, la informaci\u00f3n agregada y las estad\u00edsticas no incluyen detalles que puedan utilizarse para identificarle.<\/p>\n<p>El usuario tiene, en cualquier momento, la posibilidad de configurar su ordenador para aceptar todas las cookies, para que le avise cuando se emite una cookie o para no recibir ninguna cookie. La forma de hacerlo depende del navegador web que utilice. Si acepta las cookies, estas pueden permanecer en su ordenador durante un periodo indefinido, a menos que las elimine. Tenga en cuenta que si no acepta nuestras cookies, su experiencia puede verse limitada. A continuaci\u00f3n, le ofrecemos una lista de las principales cookies que utilizamos y su funci\u00f3n.<\/p>\n<p><strong>Las cookies que utilizamos:<\/strong><\/p>\n<p><strong>NECESARIA (PHPSESSID)<\/strong> Esta cookie es esencial y permite que el sitio web responda a cualquier acci\u00f3n realizada por el usuario, como completar un formulario de encuesta. El sitio web no funciona correctamente si no se utiliza esta cookie.<\/p>\n<p><strong>ESTAD\u00cdSTICAS (Analytics __utma, __utmb, __utmc, __utmz Cookies __ utmz comenzando por \u00ab__utm\u00bb)<\/strong> permiten el funcionamiento del software de an\u00e1lisis (analytics). Este software ayuda a analizar a los visitantes de nuestro sitio web y proporciona informaci\u00f3n an\u00f3nima, como los navegadores utilizados, los visitantes que regresan y la respuesta a las actividades de marketing. Esta informaci\u00f3n nos ayuda a mejorar el sitio web y su experiencia en l\u00ednea.<\/p>\n<p><strong>MARKETING (AddThis __atuvc La cookie _atuvc)<\/strong> es creada y le\u00edda por el JavaScript del sitio web, lo que permite compartir contenidos en las redes sociales \u00abAddThis\u00bb.<\/p>\n<p><strong>PREFERENCIAS (GOOGLE MAPS SID, SAPISID, APISID, SSID, HSID, NID, PREF Cookies)<\/strong> utilizadas por Google para guardar las preferencias utilizadas en la creaci\u00f3n de los mapas utilizados por Google.<\/p>\n<p>Los navegadores web permiten ejercer cierto control sobre las cookies a trav\u00e9s de la configuraci\u00f3n del navegador. La mayor\u00eda de los navegadores permiten bloquear las cookies o bloquear las cookies de sitios web espec\u00edficos. Los navegadores tambi\u00e9n pueden ayudarle a borrar las cookies cuando cierra el navegador. Sin embargo, debe tener en cuenta que esto puede significar que se perder\u00e1n las opciones de exclusi\u00f3n voluntaria o las preferencias definidas en el sitio web.<\/p>\n<p><strong>Aceptaci\u00f3n de estos t\u00e9rminos:<\/strong><\/p>\n<p>Al utilizar este sitio web, usted acepta la recopilaci\u00f3n y el uso de su informaci\u00f3n tal y como se establece en la presente pol\u00edtica de cookies y pol\u00edtica de privacidad.<\/p>\n<p>Si tiene alguna pregunta relacionada con el uso que hacemos de sus datos personales, puede ponerse en contacto con nosotros en cualquier momento a trav\u00e9s de la direcci\u00f3n de correo electr\u00f3nico <a href=\"ewp@ewp-portugal.com\">ewp@ewp-portugal.com<\/a> o por tel\u00e9fono en el n\u00famero <a href=\"http:\/\/289 828 840\">289 828 840<\/a>.<\/p>\n<p>&nbsp;<\/p>\n","protected":false},"excerpt":{"rendered":"<p>Valoramos su privacidad EWP CONSULTING respeta su privacidad garantizando la seguridad de sus datos, recopilando solo los datos estrictamente necesarios para la prestaci\u00f3n de servicios. Este documento describe para qu\u00e9 fines se pueden utilizar sus datos, c\u00f3mo se tratan, con qui\u00e9n se comparten, durante cu\u00e1nto tiempo se conservan, as\u00ed como c\u00f3mo puede ponerse en contacto [&hellip;]<\/p>\n","protected":false},"author":5,"featured_media":0,"parent":0,"menu_order":0,"comment_status":"closed","ping_status":"closed","template":"","meta":{"_monsterinsights_skip_tracking":false,"_monsterinsights_sitenote_active":false,"_monsterinsights_sitenote_note":"","_monsterinsights_sitenote_category":0,"footnotes":""},"class_list":["post-22677","page","type-page","status-publish","hentry"],"_links":{"self":[{"href":"https:\/\/ewp-portugal.com\/es\/wp-json\/wp\/v2\/pages\/22677","targetHints":{"allow":["GET"]}}],"collection":[{"href":"https:\/\/ewp-portugal.com\/es\/wp-json\/wp\/v2\/pages"}],"about":[{"href":"https:\/\/ewp-portugal.com\/es\/wp-json\/wp\/v2\/types\/page"}],"author":[{"embeddable":true,"href":"https:\/\/ewp-portugal.com\/es\/wp-json\/wp\/v2\/users\/5"}],"replies":[{"embeddable":true,"href":"https:\/\/ewp-portugal.com\/es\/wp-json\/wp\/v2\/comments?post=22677"}],"version-history":[{"count":3,"href":"https:\/\/ewp-portugal.com\/es\/wp-json\/wp\/v2\/pages\/22677\/revisions"}],"predecessor-version":[{"id":22989,"href":"https:\/\/ewp-portugal.com\/es\/wp-json\/wp\/v2\/pages\/22677\/revisions\/22989"}],"wp:attachment":[{"href":"https:\/\/ewp-portugal.com\/es\/wp-json\/wp\/v2\/media?parent=22677"}],"curies":[{"name":"wp","href":"https:\/\/api.w.org\/{rel}","templated":true}]}}