{"id":21890,"date":"2025-11-12T19:06:09","date_gmt":"2025-11-12T18:06:09","guid":{"rendered":"https:\/\/ewp-portugal.com\/?page_id=21890"},"modified":"2025-11-12T19:07:41","modified_gmt":"2025-11-12T18:07:41","slug":"certificacion-efr","status":"publish","type":"page","link":"https:\/\/ewp-portugal.com\/es\/certificacion-efr\/","title":{"rendered":"Certificaci\u00f3n efr"},"content":{"rendered":"[vc_row][vc_column][vc_column_text css=\u00bb.vc_custom_1762970765334{margin-bottom: 0px !important;}\u00bb]\n<p data-start=\"180\" data-end=\"302\"><strong data-start=\"180\" data-end=\"302\">Estamos certificados por efr desde finales de 2021, lo que nos otorga el estatus de Entidad Familiarmente Responsable.<\/strong><\/p>\n<p data-start=\"304\" data-end=\"711\">Esta certificaci\u00f3n es promovida por la Fundaci\u00f3n M\u00e1sfamilia, con la Asociaci\u00f3n Cristiana de Empresarios y Directivos (ACEGE) como socio estrat\u00e9gico, coemisor del certificado efr y promotora de esta excelente herramienta de gesti\u00f3n para la conciliaci\u00f3n en las organizaciones. Su objetivo es dar respuesta al actual contexto socio-laboral, caracterizado por la flexibilidad, la competitividad y el compromiso.<\/p>\n<p data-start=\"713\" data-end=\"1043\">Esta certificaci\u00f3n propone un modelo internacional de gesti\u00f3n de personas que, como parte de la Responsabilidad Social Corporativa (RSC) y de la Gesti\u00f3n de la Excelencia, tiene como objetivo principal promover la conciliaci\u00f3n entre la vida laboral y personal, as\u00ed como la valoraci\u00f3n integral de cada empleado dentro de la empresa.<\/p>\n<p data-start=\"1045\" data-end=\"1315\">Se trata de un modelo de gesti\u00f3n flexible y personalizado que permite una mejor alineaci\u00f3n entre la persona y la organizaci\u00f3n, reforzando las compensaciones totales ofrecidas al empleado, as\u00ed como su compromiso y capacidad para alcanzar mejores resultados en su trabajo.<\/p>\n<p data-start=\"1317\" data-end=\"1547\">Es un modelo evolutivo, basado en un proceso de mejora continua, que da lugar a un marco operativo con objetivos claros, medidas de conciliaci\u00f3n valoradas y m\u00e9tricas de evaluaci\u00f3n estructuradas en torno a cinco grandes categor\u00edas:<\/p>\n<p data-start=\"1549\" data-end=\"1700\">\u2022 Apoyo a la familia<br data-start=\"1569\" data-end=\"1572\" \/>\u2022 Calidad del trabajo<br data-start=\"1593\" data-end=\"1596\" \/>\u2022 Desarrollo personal y profesional<br data-start=\"1631\" data-end=\"1634\" \/>\u2022 Flexibilidad temporal y espacial<br data-start=\"1668\" data-end=\"1671\" \/>\u2022 Igualdad de oportunidades<\/p>\n<p data-start=\"1702\" data-end=\"1951\">Este enfoque genera no solo beneficios individuales, sino tambi\u00e9n colectivos. Favorece la mejora del clima interno, la calidad del servicio prestado, la reducci\u00f3n de la rotaci\u00f3n del personal y, sobre todo, un aumento de los niveles de productividad.<\/p>\n<p data-start=\"1953\" data-end=\"2163\">La decisi\u00f3n de EWP de implementar medidas efr se basa en el prop\u00f3sito fundamental de crear una nueva cultura de trabajo que apoye a las personas en todas las dimensiones de su vida, y no solo en la profesional.<\/p>\n<p data-start=\"2165\" data-end=\"2288\">El objetivo es sencillo: hacer a las personas m\u00e1s felices, a las organizaciones m\u00e1s competitivas y a la sociedad m\u00e1s justa.<\/p>\n[\/vc_column_text][\/vc_column][\/vc_row][vc_row][vc_column][mk_image heading_title=\u00bbAnivers\u00e1rio ewp 23 anos\u00bb src=\u00bbhttps:\/\/ewp-portugal.com\/wp-content\/uploads\/2024\/10\/efr-aniversario_23anos_ewp.jpg\u00bb align=\u00bbcenter\u00bb][\/vc_column][\/vc_row][vc_row][vc_column][mk_image heading_title=\u00bbCelebrar anivers\u00e1rio de Colaborador\u00bb src=\u00bbhttps:\/\/ewp-portugal.com\/wp-content\/uploads\/2024\/10\/efr-festejar_aniversario_colaborador_ewp.jpg\u00bb align=\u00bbcenter\u00bb][\/vc_column][\/vc_row][vc_row][vc_column][mk_image heading_title=\u00bbEncontro anual ewp\u00bb src=\u00bbhttps:\/\/ewp-portugal.com\/wp-content\/uploads\/2024\/10\/efr-encontro-anual-ewp-1.jpg\u00bb align=\u00bbcenter\u00bb][\/vc_column][\/vc_row]\n","protected":false},"excerpt":{"rendered":"<p>[vc_row][vc_column][vc_column_text css=\u00bb.vc_custom_1762970765334{margin-bottom: 0px !important;}\u00bb] Estamos certificados por efr desde finales de 2021, lo que nos otorga el estatus de Entidad Familiarmente Responsable. Esta certificaci\u00f3n es promovida por la Fundaci\u00f3n M\u00e1sfamilia, con la Asociaci\u00f3n Cristiana de Empresarios y Directivos (ACEGE) como socio estrat\u00e9gico, coemisor del certificado efr y promotora de esta excelente herramienta de gesti\u00f3n para [&hellip;]<\/p>\n","protected":false},"author":5,"featured_media":0,"parent":0,"menu_order":0,"comment_status":"closed","ping_status":"closed","template":"","meta":{"_monsterinsights_skip_tracking":false,"_monsterinsights_sitenote_active":false,"_monsterinsights_sitenote_note":"","_monsterinsights_sitenote_category":0,"footnotes":""},"class_list":["post-21890","page","type-page","status-publish","hentry"],"_links":{"self":[{"href":"https:\/\/ewp-portugal.com\/es\/wp-json\/wp\/v2\/pages\/21890","targetHints":{"allow":["GET"]}}],"collection":[{"href":"https:\/\/ewp-portugal.com\/es\/wp-json\/wp\/v2\/pages"}],"about":[{"href":"https:\/\/ewp-portugal.com\/es\/wp-json\/wp\/v2\/types\/page"}],"author":[{"embeddable":true,"href":"https:\/\/ewp-portugal.com\/es\/wp-json\/wp\/v2\/users\/5"}],"replies":[{"embeddable":true,"href":"https:\/\/ewp-portugal.com\/es\/wp-json\/wp\/v2\/comments?post=21890"}],"version-history":[{"count":2,"href":"https:\/\/ewp-portugal.com\/es\/wp-json\/wp\/v2\/pages\/21890\/revisions"}],"predecessor-version":[{"id":21892,"href":"https:\/\/ewp-portugal.com\/es\/wp-json\/wp\/v2\/pages\/21890\/revisions\/21892"}],"wp:attachment":[{"href":"https:\/\/ewp-portugal.com\/es\/wp-json\/wp\/v2\/media?parent=21890"}],"curies":[{"name":"wp","href":"https:\/\/api.w.org\/{rel}","templated":true}]}}