{"id":21888,"date":"2025-11-12T19:00:11","date_gmt":"2025-11-12T18:00:11","guid":{"rendered":"https:\/\/ewp-portugal.com\/?page_id=21888"},"modified":"2025-11-12T19:00:11","modified_gmt":"2025-11-12T18:00:11","slug":"calidad","status":"publish","type":"page","link":"https:\/\/ewp-portugal.com\/es\/calidad\/","title":{"rendered":"Calidad"},"content":{"rendered":"<p data-start=\"154\" data-end=\"427\"><strong data-start=\"154\" data-end=\"236\">EWP Consulting est\u00e1 certificada, desde 2008, con la Norma de Calidad ISO 9001.<\/strong><br data-start=\"236\" data-end=\"239\" \/>Su Sistema General de Calidad est\u00e1 documentado, implementado, mantenido y se mejora continuamente con el objetivo de aumentar la satisfacci\u00f3n del cliente y fortalecer toda la organizaci\u00f3n.<\/p>\n<p data-start=\"429\" data-end=\"516\">La Pol\u00edtica de Calidad de EWP Consulting se construye sobre seis pilares fundamentales:<\/p>\n<ol data-start=\"518\" data-end=\"1504\">\n<li data-start=\"518\" data-end=\"635\">\n<p data-start=\"521\" data-end=\"635\"><strong data-start=\"521\" data-end=\"551\">Cultura de Mejora Continua<\/strong> \u2013 La b\u00fasqueda de la mejora debe estar presente en todo el trabajo que realizamos.<\/p>\n<\/li>\n<li data-start=\"636\" data-end=\"825\">\n<p data-start=\"639\" data-end=\"825\"><strong data-start=\"639\" data-end=\"662\">Servicio al Cliente<\/strong> \u2013 Garantizar altos est\u00e1ndares de satisfacci\u00f3n y fidelizaci\u00f3n del cliente mediante un seguimiento continuo de los requisitos y expectativas de nuestros clientes.<\/p>\n<\/li>\n<li data-start=\"826\" data-end=\"1051\">\n<p data-start=\"829\" data-end=\"1051\"><strong data-start=\"829\" data-end=\"859\">Desarrollo de Competencias<\/strong> \u2013 Promover el desarrollo profesional y humano de cada persona, favoreciendo su realizaci\u00f3n personal y profesional, as\u00ed como su preparaci\u00f3n para desempe\u00f1ar sus funciones y responsabilidades.<\/p>\n<\/li>\n<li data-start=\"1052\" data-end=\"1231\">\n<p data-start=\"1055\" data-end=\"1231\"><strong data-start=\"1055\" data-end=\"1066\">Valores<\/strong> \u2013 Mantener relaciones con cada empleado y cliente basadas en la honestidad, la competencia, la precisi\u00f3n, la responsabilidad, la exigencia, el respeto y la \u00e9tica.<\/p>\n<\/li>\n<li data-start=\"1232\" data-end=\"1343\">\n<p data-start=\"1235\" data-end=\"1343\"><strong data-start=\"1235\" data-end=\"1253\">Sostenibilidad<\/strong> \u2013 Asegurar las condiciones necesarias para el desarrollo sostenible de la organizaci\u00f3n.<\/p>\n<\/li>\n<li data-start=\"1344\" data-end=\"1504\">\n<p data-start=\"1347\" data-end=\"1504\"><strong data-start=\"1347\" data-end=\"1373\">Responsabilidad Social<\/strong> \u2013 La empresa debe ser un instrumento al servicio del bien com\u00fan, apoyando proyectos e iniciativas dirigidas a los m\u00e1s necesitados.<\/p>\n<\/li>\n<\/ol>\n","protected":false},"excerpt":{"rendered":"<p>EWP Consulting est\u00e1 certificada, desde 2008, con la Norma de Calidad ISO 9001.Su Sistema General de Calidad est\u00e1 documentado, implementado, mantenido y se mejora continuamente con el objetivo de aumentar la satisfacci\u00f3n del cliente y fortalecer toda la organizaci\u00f3n. La Pol\u00edtica de Calidad de EWP Consulting se construye sobre seis pilares fundamentales: Cultura de Mejora [&hellip;]<\/p>\n","protected":false},"author":5,"featured_media":0,"parent":0,"menu_order":0,"comment_status":"closed","ping_status":"closed","template":"","meta":{"_monsterinsights_skip_tracking":false,"_monsterinsights_sitenote_active":false,"_monsterinsights_sitenote_note":"","_monsterinsights_sitenote_category":0,"footnotes":""},"class_list":["post-21888","page","type-page","status-publish","hentry"],"_links":{"self":[{"href":"https:\/\/ewp-portugal.com\/es\/wp-json\/wp\/v2\/pages\/21888","targetHints":{"allow":["GET"]}}],"collection":[{"href":"https:\/\/ewp-portugal.com\/es\/wp-json\/wp\/v2\/pages"}],"about":[{"href":"https:\/\/ewp-portugal.com\/es\/wp-json\/wp\/v2\/types\/page"}],"author":[{"embeddable":true,"href":"https:\/\/ewp-portugal.com\/es\/wp-json\/wp\/v2\/users\/5"}],"replies":[{"embeddable":true,"href":"https:\/\/ewp-portugal.com\/es\/wp-json\/wp\/v2\/comments?post=21888"}],"version-history":[{"count":1,"href":"https:\/\/ewp-portugal.com\/es\/wp-json\/wp\/v2\/pages\/21888\/revisions"}],"predecessor-version":[{"id":21889,"href":"https:\/\/ewp-portugal.com\/es\/wp-json\/wp\/v2\/pages\/21888\/revisions\/21889"}],"wp:attachment":[{"href":"https:\/\/ewp-portugal.com\/es\/wp-json\/wp\/v2\/media?parent=21888"}],"curies":[{"name":"wp","href":"https:\/\/api.w.org\/{rel}","templated":true}]}}