{"id":1746,"date":"2019-05-08T16:00:32","date_gmt":"2019-05-08T16:00:32","guid":{"rendered":"https:\/\/ewp-portugal.com\/?page_id=1746"},"modified":"2021-05-24T11:49:29","modified_gmt":"2021-05-24T10:49:29","slug":"si2e-sistema-de-incentivo-ao-empreendedorismo-e-emprego","status":"publish","type":"page","link":"https:\/\/ewp-portugal.com\/es\/linhas-de-apoio-ao-investimento\/si2e-sistema-de-incentivo-ao-empreendedorismo-e-emprego\/","title":{"rendered":"SI2E &#8211; Sistema de Incentivo ao Empreendedorismo e Emprego"},"content":{"rendered":"[vc_row fullwidth=\u00bbtrue\u00bb fullwidth_content=\u00bbfalse\u00bb css=\u00bb.vc_custom_1569834418485{padding-top: 100px !important;padding-right: 15px !important;padding-bottom: 100px !important;padding-left: 15px !important;background-image: url(https:\/\/ewp-portugal.com\/wp-content\/uploads\/2019\/09\/design-sem-nome-49-1.jpg?id=3208) !important;background-position: center !important;background-repeat: no-repeat !important;background-size: cover !important;}\u00bb][vc_column][mk_padding_divider size=\u00bb100&#8243; visibility=\u00bbhidden-sm\u00bb][mk_fancy_title strip_tags=\u00bbtrue\u00bb tag_name=\u00bbh4&#8243; color=\u00bb#ffffff\u00bb size=\u00bb36&#8243; force_font_size=\u00bbtrue\u00bb size_phone=\u00bb30&#8243; font_weight=\u00bbbold\u00bb margin_bottom=\u00bb0&#8243; font_family=\u00bbnone\u00bb align=\u00bbright\u00bb]O Apoio que a Sua Empresa Precisa[\/mk_fancy_title][\/vc_column][\/vc_row][vc_row animation=\u00bbscale-up\u00bb css=\u00bb.vc_custom_1565195664810{padding-top: 100px !important;padding-bottom: 100px !important;}\u00bb][vc_column][mk_steps step=\u00bb3&#8243; hover_color=\u00bb#8b1d1a\u00bb icon_1=\u00bbmk-icon-users\u00bb title_1=\u00bbBenefici\u00e1rios\u00bb desc_1=\u00bbMicro e Pequenas Empresas\u00bb icon_2=\u00bbmk-icon-suitcase\u00bb title_2=\u00bbTaxa de Incentivos\u00bb desc_2=\u00bbInvestimento eleg\u00edvel (n\u00e3o reembols\u00e1vel) aprovado a Fundo Perdido (at\u00e9 40% para Territ\u00f3rios de Baixa Densidade e 30% para os restantes Territ\u00f3rios)\u00bb icon_3=\u00bbmk-icon-pie-chart\u00bb title_3=\u00bbM\u00ednimo de Investimento Eleg\u00edvel\u00bb desc_3=\u00bbO investimento eleg\u00edvel pode ir at\u00e9 100.000\u20ac\u00bb][\/vc_column][\/vc_row][mk_page_section layout_structure=\u00bbhalf_left\u00bb bg_image=\u00bbhttps:\/\/ewp-portugal.com\/wp-content\/uploads\/2019\/08\/ewp-consulting-si2e.jpg\u00bb bg_color=\u00bb#bf1c20&#8243; min_height=\u00bb500&#8243; padding_top=\u00bb50&#8243; padding_bottom=\u00bb50&#8243; animation=\u00bbscale-up\u00bb][vc_column][mk_padding_divider size=\u00bb20&#8243; visibility=\u00bbvisible-sm\u00bb][mk_fancy_title strip_tags=\u00bbtrue\u00bb tag_name=\u00bbh1&#8243; color=\u00bb#ffffff\u00bb size=\u00bb32&#8243; font_weight=\u00bbbold\u00bb margin_bottom=\u00bb0&#8243; font_family=\u00bbnone\u00bb responsive_align=\u00bbleft\u00bb]Sistema de Incentivos ao Empreendedorismo e Emprego[\/mk_fancy_title][mk_divider style=\u00bbthin_solid\u00bb divider_width=\u00bbcustom_width\u00bb custom_width=\u00bb50&#8243; align=\u00bbleft\u00bb thin_single_color=\u00bb#ffffff\u00bb thickness=\u00bb2&#8243; margin_top=\u00bb0&#8243; margin_bottom=\u00bb50&#8243;][vc_column_text margin_bottom=\u00bb30&#8243; el_class=\u00bbwhitebullets\u00bb css=\u00bb.vc_custom_1565196232652{margin-bottom: 0px !important;}\u00bb]<span style=\"color: #ffffff;\">Tem como condi\u00e7\u00e3o a cria\u00e7\u00e3o de postos de trabalho. Para o Algarve, a verba dispon\u00edvel \u00e9 de 2,323 Milh\u00f5es de euros.<\/span><\/p>\n<p><span style=\"color: #ffffff;\">Algumas despesas eleg\u00edveis:<\/span><\/p>\n<ul>\n<li><span style=\"color: #ffffff;\">Aquisi\u00e7\u00e3o de m\u00e1quinas, equipamentos inform\u00e1ticos (incluindo o software)<\/span><\/li>\n<li><span style=\"color: #ffffff;\">Custos iniciais associados \u00e0 domicilia\u00e7\u00e3o de aplica\u00e7\u00f5es, ades\u00e3o inicial a plataformas eletr\u00f3nicas<\/span><\/li>\n<li><span style=\"color: #ffffff;\">Despesas com estudos, diagn\u00f3sticos, auditorias, planos de marketing<\/span><\/li>\n<li><span style=\"color: #ffffff;\">Despesas com obras de remodela\u00e7\u00e3o ou adapta\u00e7\u00e3o<\/span><\/li>\n<\/ul>\n[\/vc_column_text][\/vc_column][\/mk_page_section][vc_row fullwidth=\u00bbtrue\u00bb fullwidth_content=\u00bbfalse\u00bb animation=\u00bbscale-up\u00bb css=\u00bb.vc_custom_1565195680740{padding-top: 100px !important;padding-bottom: 100px !important;}\u00bb][vc_column][mk_fancy_title strip_tags=\u00bbtrue\u00bb color=\u00bb#555555&#8243; size=\u00bb32&#8243; force_font_size=\u00bbtrue\u00bb size_phone=\u00bb26&#8243; font_weight=\u00bbbold\u00bb margin_bottom=\u00bb0&#8243; font_family=\u00bbnone\u00bb align=\u00bbcenter\u00bb]Crit\u00e9rio de Elegibilidade[\/mk_fancy_title][mk_divider style=\u00bbthin_solid\u00bb divider_width=\u00bbcustom_width\u00bb custom_width=\u00bb50&#8243; thin_single_color=\u00bb#bf1c20&#8243; thickness=\u00bb2&#8243; margin_top=\u00bb0&#8243; margin_bottom=\u00bb50&#8243;][vc_row_inner][vc_column_inner offset=\u00bbvc_col-lg-4 vc_col-md-12&#8243;][mk_icon_box icon=\u00bbmk-icon-ok\u00bb text_size=\u00bb20&#8243; font_weight=\u00bbbold\u00bb style=\u00bbboxed\u00bb icon_location=\u00bbtop\u00bb icon_color=\u00bb#bf1c20&#8243; icon_circle_color=\u00bb#ffffff\u00bb title_color=\u00bb#bf1c20&#8243; txt_color=\u00bb#555555&#8243; txt_link_color=\u00bb#555555&#8243; margin=\u00bb0&#8243;]Estar legalmente constitu\u00eddo[\/mk_icon_box][mk_padding_divider size=\u00bb35&#8243; visibility=\u00bbhidden-dt\u00bb][\/vc_column_inner][vc_column_inner offset=\u00bbvc_col-lg-4 vc_col-md-12&#8243;][mk_icon_box icon=\u00bbmk-icon-ok\u00bb text_size=\u00bb20&#8243; font_weight=\u00bbbold\u00bb style=\u00bbboxed\u00bb icon_location=\u00bbtop\u00bb icon_color=\u00bb#bf1c20&#8243; icon_circle_color=\u00bb#ffffff\u00bb title_color=\u00bb#bf1c20&#8243; txt_color=\u00bb#555555&#8243; txt_link_color=\u00bb#555555&#8243; margin=\u00bb0&#8243;]Situa\u00e7\u00e3o tribut\u00e1ria e contributiva regularizada[\/mk_icon_box][mk_padding_divider size=\u00bb35&#8243; visibility=\u00bbhidden-dt\u00bb][\/vc_column_inner][vc_column_inner offset=\u00bbvc_col-lg-4 vc_col-md-12&#8243;][mk_icon_box icon=\u00bbmk-icon-ok\u00bb text_size=\u00bb20&#8243; font_weight=\u00bbbold\u00bb style=\u00bbboxed\u00bb icon_location=\u00bbtop\u00bb icon_color=\u00bb#bf1c20&#8243; icon_circle_color=\u00bb#ffffff\u00bb title_color=\u00bb#bf1c20&#8243; txt_color=\u00bb#555555&#8243; txt_link_color=\u00bb#555555&#8243; margin=\u00bb0&#8243;]Deterem ou poderem assegurar o licenciamento da atividade a exercer[\/mk_icon_box][mk_padding_divider size=\u00bb35&#8243; visibility=\u00bbhidden-dt\u00bb][\/vc_column_inner][\/vc_row_inner][mk_padding_divider size=\u00bb50&#8243; visibility=\u00bbvisible-dt\u00bb][vc_row_inner][vc_column_inner offset=\u00bbvc_col-lg-4 vc_col-md-12&#8243;][mk_icon_box icon=\u00bbmk-icon-ok\u00bb text_size=\u00bb20&#8243; font_weight=\u00bbbold\u00bb style=\u00bbboxed\u00bb icon_location=\u00bbtop\u00bb icon_color=\u00bb#bf1c20&#8243; icon_circle_color=\u00bb#ffffff\u00bb title_color=\u00bb#bf1c20&#8243; txt_color=\u00bb#555555&#8243; txt_link_color=\u00bb#555555&#8243; margin=\u00bb0&#8243;]Possuir, ou poder assegurar at\u00e9 \u00e0 aprova\u00e7\u00e3o da candidatura, os meios t\u00e9cnicos, f\u00edsicos, financeiros e humanos necess\u00e1rios ao desenvolvimento da opera\u00e7\u00e3o[\/mk_icon_box][mk_padding_divider size=\u00bb35&#8243; visibility=\u00bbhidden-dt\u00bb][\/vc_column_inner][vc_column_inner offset=\u00bbvc_col-lg-4 vc_col-md-12&#8243;][mk_icon_box icon=\u00bbmk-icon-ok\u00bb text_size=\u00bb20&#8243; font_weight=\u00bbbold\u00bb style=\u00bbboxed\u00bb icon_location=\u00bbtop\u00bb icon_color=\u00bb#bf1c20&#8243; icon_circle_color=\u00bb#ffffff\u00bb title_color=\u00bb#bf1c20&#8243; txt_color=\u00bb#555555&#8243; txt_link_color=\u00bb#555555&#8243; margin=\u00bb0&#8243;]N\u00e3o ter sal\u00e1rios em atraso[\/mk_icon_box][mk_padding_divider size=\u00bb35&#8243; visibility=\u00bbhidden-dt\u00bb][\/vc_column_inner][vc_column_inner offset=\u00bbvc_col-lg-4 vc_col-md-12&#8243;][mk_icon_box icon=\u00bbmk-icon-ok\u00bb text_size=\u00bb20&#8243; font_weight=\u00bbbold\u00bb style=\u00bbboxed\u00bb icon_location=\u00bbtop\u00bb icon_color=\u00bb#bf1c20&#8243; icon_circle_color=\u00bb#ffffff\u00bb title_color=\u00bb#bf1c20&#8243; txt_color=\u00bb#555555&#8243; txt_link_color=\u00bb#555555&#8243; margin=\u00bb0&#8243;]Ser micro ou pequenas empresas certificadas eletronicamente pelo IAPMEI[\/mk_icon_box][\/vc_column_inner][\/vc_row_inner][\/vc_column][\/vc_row][vc_row fullwidth=\u00bbtrue\u00bb fullwidth_content=\u00bbfalse\u00bb animation=\u00bbscale-up\u00bb css=\u00bb.vc_custom_1621853366316{padding-top: 50px !important;padding-bottom: 25px !important;background: #222222 url(https:\/\/ewp-portugal.com\/wp-content\/uploads\/2021\/05\/design-sem-nome-9-3.jpg?id=9113) !important;background-position: center !important;background-repeat: no-repeat !important;background-size: cover !important;}\u00bb][vc_column][mk_fancy_title strip_tags=\u00bbtrue\u00bb color=\u00bb#ffffff\u00bb size=\u00bb32&#8243; font_weight=\u00bbbold\u00bb margin_bottom=\u00bb0&#8243; font_family=\u00bbnone\u00bb align=\u00bbcenter\u00bb]Os nossos clientes[\/mk_fancy_title][mk_divider style=\u00bbthin_solid\u00bb divider_width=\u00bbcustom_width\u00bb custom_width=\u00bb50&#8243; thin_single_color=\u00bb#ffffff\u00bb thickness=\u00bb2&#8243; margin_top=\u00bb0&#8243; margin_bottom=\u00bb50&#8243;][vc_row_inner][vc_column_inner width=\u00bb1\/3&#8243;][mk_milestone icon=\u00bbmk-moon-stats-up\u00bb icon_size=\u00bbmedium\u00bb align=\u00bbcenter\u00bb icon_color=\u00bb#ffffff\u00bb stop=\u00bb75&#8243; suffix=\u00bbM\u20ac\u00bb text=\u00bbVolume de Neg\u00f3cios\u00bb text_color=\u00bb#f7f7f7&#8243; font_family=\u00bbnone\u00bb][mk_padding_divider size=\u00bb32&#8243; visibility=\u00bbvisible-sm\u00bb][\/vc_column_inner][vc_column_inner width=\u00bb1\/3&#8243;][mk_milestone icon=\u00bbmk-icon-users\u00bb icon_size=\u00bbmedium\u00bb align=\u00bbcenter\u00bb icon_color=\u00bb#ffffff\u00bb stop=\u00bb850&#8243; text=\u00bbColaboradores\u00bb text_color=\u00bb#f7f7f7&#8243; font_family=\u00bbnone\u00bb][mk_padding_divider size=\u00bb32&#8243; visibility=\u00bbvisible-sm\u00bb][\/vc_column_inner][vc_column_inner width=\u00bb1\/3&#8243;][mk_milestone icon=\u00bbmk-icon-briefcase\u00bb icon_size=\u00bbmedium\u00bb align=\u00bbcenter\u00bb icon_color=\u00bb#ffffff\u00bb stop=\u00bb80&#8243; suffix=\u00bbM\u20ac\u00bb text=\u00bbTotal de Ativos\u00bb text_color=\u00bb#f7f7f7&#8243; font_family=\u00bbnone\u00bb][mk_padding_divider size=\u00bb32&#8243; visibility=\u00bbvisible-sm\u00bb][\/vc_column_inner][\/vc_row_inner][\/vc_column][\/vc_row]\n","protected":false},"excerpt":{"rendered":"<p>[vc_row fullwidth=\u00bbtrue\u00bb fullwidth_content=\u00bbfalse\u00bb css=\u00bb.vc_custom_1569834418485{padding-top: 100px !important;padding-right: 15px !important;padding-bottom: 100px !important;padding-left: 15px !important;background-image: url(https:\/\/ewp-portugal.com\/wp-content\/uploads\/2019\/09\/design-sem-nome-49-1.jpg?id=3208) !important;background-position: center !important;background-repeat: no-repeat !important;background-size: cover !important;}\u00bb][vc_column][mk_padding_divider size=\u00bb100&#8243; visibility=\u00bbhidden-sm\u00bb][mk_fancy_title strip_tags=\u00bbtrue\u00bb tag_name=\u00bbh4&#8243; color=\u00bb#ffffff\u00bb size=\u00bb36&#8243; force_font_size=\u00bbtrue\u00bb size_phone=\u00bb30&#8243; font_weight=\u00bbbold\u00bb margin_bottom=\u00bb0&#8243; font_family=\u00bbnone\u00bb align=\u00bbright\u00bb]O Apoio que a Sua Empresa Precisa[\/mk_fancy_title][\/vc_column][\/vc_row][vc_row animation=\u00bbscale-up\u00bb css=\u00bb.vc_custom_1565195664810{padding-top: 100px !important;padding-bottom: 100px !important;}\u00bb][vc_column][mk_steps step=\u00bb3&#8243; hover_color=\u00bb#8b1d1a\u00bb icon_1=\u00bbmk-icon-users\u00bb title_1=\u00bbBenefici\u00e1rios\u00bb desc_1=\u00bbMicro e Pequenas Empresas\u00bb icon_2=\u00bbmk-icon-suitcase\u00bb title_2=\u00bbTaxa de [&hellip;]<\/p>\n","protected":false},"author":1,"featured_media":0,"parent":289,"menu_order":0,"comment_status":"closed","ping_status":"closed","template":"","meta":{"_monsterinsights_skip_tracking":false,"_monsterinsights_sitenote_active":false,"_monsterinsights_sitenote_note":"","_monsterinsights_sitenote_category":0,"footnotes":""},"class_list":["post-1746","page","type-page","status-publish","hentry"],"_links":{"self":[{"href":"https:\/\/ewp-portugal.com\/es\/wp-json\/wp\/v2\/pages\/1746","targetHints":{"allow":["GET"]}}],"collection":[{"href":"https:\/\/ewp-portugal.com\/es\/wp-json\/wp\/v2\/pages"}],"about":[{"href":"https:\/\/ewp-portugal.com\/es\/wp-json\/wp\/v2\/types\/page"}],"author":[{"embeddable":true,"href":"https:\/\/ewp-portugal.com\/es\/wp-json\/wp\/v2\/users\/1"}],"replies":[{"embeddable":true,"href":"https:\/\/ewp-portugal.com\/es\/wp-json\/wp\/v2\/comments?post=1746"}],"version-history":[{"count":1,"href":"https:\/\/ewp-portugal.com\/es\/wp-json\/wp\/v2\/pages\/1746\/revisions"}],"predecessor-version":[{"id":9126,"href":"https:\/\/ewp-portugal.com\/es\/wp-json\/wp\/v2\/pages\/1746\/revisions\/9126"}],"up":[{"embeddable":true,"href":"https:\/\/ewp-portugal.com\/es\/wp-json\/wp\/v2\/pages\/289"}],"wp:attachment":[{"href":"https:\/\/ewp-portugal.com\/es\/wp-json\/wp\/v2\/media?parent=1746"}],"curies":[{"name":"wp","href":"https:\/\/api.w.org\/{rel}","templated":true}]}}