{"id":1745,"date":"2019-05-08T16:00:32","date_gmt":"2019-05-08T16:00:32","guid":{"rendered":"https:\/\/ewp-portugal.com\/?page_id=1745"},"modified":"2021-05-24T11:49:03","modified_gmt":"2021-05-24T10:49:03","slug":"projeto-vales-2018","status":"publish","type":"page","link":"https:\/\/ewp-portugal.com\/es\/linhas-de-apoio-ao-investimento\/projeto-vales-2018\/","title":{"rendered":"Projeto Vales 2018"},"content":{"rendered":"[vc_row fullwidth=\u00bbtrue\u00bb fullwidth_content=\u00bbfalse\u00bb css=\u00bb.vc_custom_1569834379888{padding-top: 100px !important;padding-right: 15px !important;padding-bottom: 100px !important;padding-left: 15px !important;background-image: url(https:\/\/ewp-portugal.com\/wp-content\/uploads\/2019\/09\/design-sem-nome-49-1.jpg?id=3208) !important;background-position: center !important;background-repeat: no-repeat !important;background-size: cover !important;}\u00bb][vc_column][mk_padding_divider size=\u00bb100&#8243; visibility=\u00bbhidden-sm\u00bb][mk_fancy_title strip_tags=\u00bbtrue\u00bb tag_name=\u00bbh4&#8243; color=\u00bb#ffffff\u00bb size=\u00bb36&#8243; force_font_size=\u00bbtrue\u00bb size_phone=\u00bb30&#8243; font_weight=\u00bbbold\u00bb margin_bottom=\u00bb0&#8243; font_family=\u00bbnone\u00bb align=\u00bbright\u00bb]O Apoio que a Sua Empresa Precisa[\/mk_fancy_title][\/vc_column][\/vc_row][vc_row animation=\u00bbscale-up\u00bb css=\u00bb.vc_custom_1565195664810{padding-top: 100px !important;padding-bottom: 100px !important;}\u00bb][vc_column][mk_steps step=\u00bb3&#8243; hover_color=\u00bb#8b1d1a\u00bb icon_1=\u00bbmk-icon-users\u00bb title_1=\u00bbBenefici\u00e1rios\u00bb desc_1=\u00bbPME de qualquer natureza e sob qualquer forma jur\u00eddica, com pelo menos 3 postos de trabalho\u00bb icon_2=\u00bbmk-icon-suitcase\u00bb title_2=\u00bbTaxa de Incentivos\u00bb desc_2=\u00bbApoio n\u00e3o reembols\u00e1vel (fundo perdido) de 75% da despesa eleg\u00edvel\u00bb icon_3=\u00bbmk-icon-pie-chart\u00bb title_3=\u00bbM\u00ednimo de Investimento Eleg\u00edvel\u00bb desc_3=\u00bbValor vari\u00e1vel consoante o tipo de Vale\u00bb][\/vc_column][\/vc_row][mk_page_section layout_structure=\u00bbhalf_left\u00bb bg_image=\u00bbhttps:\/\/ewp-portugal.com\/wp-content\/uploads\/2019\/08\/ewp-consulting-projetos-vales.jpg\u00bb bg_color=\u00bb#bf1c20&#8243; min_height=\u00bb500&#8243; padding_top=\u00bb50&#8243; padding_bottom=\u00bb50&#8243; animation=\u00bbscale-up\u00bb][vc_column][mk_padding_divider size=\u00bb20&#8243; visibility=\u00bbvisible-sm\u00bb][mk_fancy_title strip_tags=\u00bbtrue\u00bb tag_name=\u00bbh1&#8243; color=\u00bb#ffffff\u00bb size=\u00bb32&#8243; font_weight=\u00bbbold\u00bb margin_bottom=\u00bb0&#8243; font_family=\u00bbnone\u00bb responsive_align=\u00bbleft\u00bb]Projeto Vales[\/mk_fancy_title][mk_divider style=\u00bbthin_solid\u00bb divider_width=\u00bbcustom_width\u00bb custom_width=\u00bb50&#8243; align=\u00bbleft\u00bb thin_single_color=\u00bb#ffffff\u00bb thickness=\u00bb2&#8243; margin_top=\u00bb0&#8243; margin_bottom=\u00bb50&#8243;][vc_column_text margin_bottom=\u00bb30&#8243; el_class=\u00bbwhitebullets\u00bb css=\u00bb.vc_custom_1571243080004{margin-bottom: 0px !important;}\u00bb]<span style=\"color: #ffffff;\">Permite \u00e0s PME a contrata\u00e7\u00e3o de servi\u00e7os de consultoria em determinadas \u00e1reas, a entidades devidamente qualificadas para o efeito.<\/span><\/p>\n<p>&nbsp;<\/p>\n<p><span style=\"color: #ffffff;\"><strong>Candidaturas Abertas\u00a0<\/strong><\/span><\/p>\n<p><span style=\"color: #ffffff;\">At\u00e9 indica\u00e7\u00e3o de encerramento, as candidaturas estar\u00e3o abertas at\u00e9 31\/12\/2020<\/span>[\/vc_column_text][\/vc_column][\/mk_page_section][vc_row fullwidth=\u00bbtrue\u00bb fullwidth_content=\u00bbfalse\u00bb animation=\u00bbscale-up\u00bb css=\u00bb.vc_custom_1565195680740{padding-top: 100px !important;padding-bottom: 100px !important;}\u00bb][vc_column][mk_fancy_title strip_tags=\u00bbtrue\u00bb color=\u00bb#555555&#8243; size=\u00bb32&#8243; force_font_size=\u00bbtrue\u00bb size_phone=\u00bb26&#8243; font_weight=\u00bbbold\u00bb margin_bottom=\u00bb0&#8243; font_family=\u00bbnone\u00bb align=\u00bbcenter\u00bb]Tipos de Vales[\/mk_fancy_title][mk_divider style=\u00bbthin_solid\u00bb divider_width=\u00bbcustom_width\u00bb custom_width=\u00bb50&#8243; thin_single_color=\u00bb#bf1c20&#8243; thickness=\u00bb2&#8243; margin_top=\u00bb0&#8243; margin_bottom=\u00bb50&#8243;][vc_row_inner][vc_column_inner offset=\u00bbvc_col-lg-4 vc_col-md-12&#8243;][mk_icon_box icon=\u00bbmk-icon-ok\u00bb title=\u00bbVale Oportunidades de Investiga\u00e7\u00e3o\u00bb text_size=\u00bb18&#8243; font_weight=\u00bbbold\u00bb style=\u00bbboxed\u00bb icon_location=\u00bbtop\u00bb icon_color=\u00bb#bf1c20&#8243; icon_circle_color=\u00bb#ffffff\u00bb title_color=\u00bb#bf1c20&#8243; txt_color=\u00bb#555555&#8243; txt_link_color=\u00bb#555555&#8243; margin=\u00bb0&#8243;]Destina-se a Pequenas e M\u00e9dias Empresas com projetos de aquisi\u00e7\u00e3o de servi\u00e7os em atividades de investiga\u00e7\u00e3o e desenvolvimento tecnol\u00f3gico e de transfer\u00eancia de tecnologia.[\/mk_icon_box][mk_padding_divider size=\u00bb35&#8243; visibility=\u00bbhidden-dt\u00bb][\/vc_column_inner][vc_column_inner offset=\u00bbvc_col-lg-4 vc_col-md-12&#8243;][mk_icon_box icon=\u00bbmk-icon-ok\u00bb title=\u00bbVale Incuba\u00e7\u00e3o\u00bb text_size=\u00bb18&#8243; font_weight=\u00bbbold\u00bb style=\u00bbboxed\u00bb icon_location=\u00bbtop\u00bb icon_color=\u00bb#bf1c20&#8243; icon_circle_color=\u00bb#ffffff\u00bb title_color=\u00bb#bf1c20&#8243; txt_color=\u00bb#555555&#8243; txt_link_color=\u00bb#555555&#8243; margin=\u00bb0&#8243;]Destina-se a Micro e Pequenas Empresas, com menos de um ano de exist\u00eancia, que pretendam apoio em projetos de aquisi\u00e7\u00e3o de servi\u00e7os de incuba\u00e7\u00e3o (gest\u00e3o, marketing, assessoria jur\u00eddica e financiamento) que sejam imprescind\u00edveis ao arranque da empresa.[\/mk_icon_box][mk_padding_divider size=\u00bb35&#8243; visibility=\u00bbhidden-dt\u00bb][\/vc_column_inner][vc_column_inner offset=\u00bbvc_col-lg-4 vc_col-md-12&#8243;][mk_icon_box icon=\u00bbmk-icon-ok\u00bb title=\u00bbVale Oportunidades de Internacionaliza\u00e7\u00e3o\u00bb text_size=\u00bb18&#8243; font_weight=\u00bbbold\u00bb style=\u00bbboxed\u00bb icon_location=\u00bbtop\u00bb icon_color=\u00bb#bf1c20&#8243; icon_circle_color=\u00bb#ffffff\u00bb title_color=\u00bb#bf1c20&#8243; txt_color=\u00bb#555555&#8243; txt_link_color=\u00bb#555555&#8243; margin=\u00bb0&#8243;]Destina-se a Pequenas e M\u00e9dias Empresas que pretendam avaliar e identificar oportunidades de internacionaliza\u00e7\u00e3o, permitindo uma evolu\u00e7\u00e3o na cadeia de valor.o[\/mk_icon_box][mk_padding_divider size=\u00bb35&#8243; visibility=\u00bbhidden-dt\u00bb][\/vc_column_inner][\/vc_row_inner][mk_padding_divider size=\u00bb50&#8243; visibility=\u00bbvisible-dt\u00bb][vc_row_inner][vc_column_inner offset=\u00bbvc_col-lg-4 vc_col-md-12&#8243;][mk_icon_box icon=\u00bbmk-icon-ok\u00bb title=\u00bbVale Economia Circular\u00bb text_size=\u00bb18&#8243; font_weight=\u00bbbold\u00bb style=\u00bbboxed\u00bb icon_location=\u00bbtop\u00bb icon_color=\u00bb#bf1c20&#8243; icon_circle_color=\u00bb#ffffff\u00bb title_color=\u00bb#bf1c20&#8243; txt_color=\u00bb#555555&#8243; txt_link_color=\u00bb#555555&#8243; margin=\u00bb0&#8243;]Destina-se a Pequenas e M\u00e9dias Empresas cujos projetos visem a aquisi\u00e7\u00e3o de servi\u00e7os de consultoria com vista \u00e0 identifica\u00e7\u00e3o de uma estrat\u00e9gia que conduza \u00e0 ado\u00e7\u00e3o de planos empresariais de Economia Circular[\/mk_icon_box][mk_padding_divider size=\u00bb35&#8243; visibility=\u00bbhidden-dt\u00bb][\/vc_column_inner][vc_column_inner offset=\u00bbvc_col-lg-4 vc_col-md-12&#8243;][mk_icon_box icon=\u00bbmk-icon-ok\u00bb title=\u00bbVale Com\u00e9rcio\u00bb text_size=\u00bb18&#8243; font_weight=\u00bbbold\u00bb style=\u00bbboxed\u00bb icon_location=\u00bbtop\u00bb icon_color=\u00bb#bf1c20&#8243; icon_circle_color=\u00bb#ffffff\u00bb title_color=\u00bb#bf1c20&#8243; txt_color=\u00bb#555555&#8243; txt_link_color=\u00bb#555555&#8243; margin=\u00bb0&#8243;]Destina-se a Pequenas e M\u00e9dias Empresas que apresentem projetos individuais, com atividades econ\u00f3micas nos setores do com\u00e9rcio, servi\u00e7os e restaura\u00e7\u00e3o, cujas vendas valorizem a oferta nacional.[\/mk_icon_box][mk_padding_divider size=\u00bb35&#8243; visibility=\u00bbhidden-dt\u00bb][\/vc_column_inner][vc_column_inner offset=\u00bbvc_col-lg-4 vc_col-md-12&#8243;][mk_icon_box icon=\u00bbmk-icon-ok\u00bb title=\u00bbVale Empreendedorismo\u00bb text_size=\u00bb18&#8243; font_weight=\u00bbbold\u00bb style=\u00bbboxed\u00bb icon_location=\u00bbtop\u00bb icon_color=\u00bb#bf1c20&#8243; icon_circle_color=\u00bb#ffffff\u00bb title_color=\u00bb#bf1c20&#8243; txt_color=\u00bb#555555&#8243; txt_link_color=\u00bb#555555&#8243; margin=\u00bb0&#8243;]Destina-se financiar projetos e servi\u00e7os de consultoria na \u00e1rea do empreendedorismo, de forma a apoiar a cria\u00e7\u00e3o de empresas, atrav\u00e9s da elabora\u00e7\u00e3o de planos de neg\u00f3cios e planos de marketing.[\/mk_icon_box][mk_padding_divider size=\u00bb35&#8243; visibility=\u00bbhidden-dt\u00bb][\/vc_column_inner][\/vc_row_inner][\/vc_column][\/vc_row][vc_row fullwidth=\u00bbtrue\u00bb fullwidth_content=\u00bbfalse\u00bb animation=\u00bbscale-up\u00bb css=\u00bb.vc_custom_1621853340220{padding-top: 50px !important;padding-bottom: 25px !important;background: #222222 url(https:\/\/ewp-portugal.com\/wp-content\/uploads\/2021\/05\/design-sem-nome-9-3.jpg?id=9113) !important;background-position: center !important;background-repeat: no-repeat !important;background-size: cover !important;}\u00bb][vc_column][mk_fancy_title strip_tags=\u00bbtrue\u00bb color=\u00bb#ffffff\u00bb size=\u00bb32&#8243; font_weight=\u00bbbold\u00bb margin_bottom=\u00bb0&#8243; font_family=\u00bbnone\u00bb align=\u00bbcenter\u00bb]Os nossos clientes[\/mk_fancy_title][mk_divider style=\u00bbthin_solid\u00bb divider_width=\u00bbcustom_width\u00bb custom_width=\u00bb50&#8243; thin_single_color=\u00bb#ffffff\u00bb thickness=\u00bb2&#8243; margin_top=\u00bb0&#8243; margin_bottom=\u00bb50&#8243;][vc_row_inner][vc_column_inner width=\u00bb1\/3&#8243;][mk_milestone icon=\u00bbmk-moon-stats-up\u00bb icon_size=\u00bbmedium\u00bb align=\u00bbcenter\u00bb icon_color=\u00bb#ffffff\u00bb stop=\u00bb75&#8243; suffix=\u00bbM\u20ac\u00bb text=\u00bbVolume de Neg\u00f3cios\u00bb text_color=\u00bb#f7f7f7&#8243; font_family=\u00bbnone\u00bb][mk_padding_divider size=\u00bb32&#8243; visibility=\u00bbvisible-sm\u00bb][\/vc_column_inner][vc_column_inner width=\u00bb1\/3&#8243;][mk_milestone icon=\u00bbmk-icon-users\u00bb icon_size=\u00bbmedium\u00bb align=\u00bbcenter\u00bb icon_color=\u00bb#ffffff\u00bb stop=\u00bb850&#8243; text=\u00bbColaboradores\u00bb text_color=\u00bb#f7f7f7&#8243; font_family=\u00bbnone\u00bb][mk_padding_divider size=\u00bb32&#8243; visibility=\u00bbvisible-sm\u00bb][\/vc_column_inner][vc_column_inner width=\u00bb1\/3&#8243;][mk_milestone icon=\u00bbmk-icon-briefcase\u00bb icon_size=\u00bbmedium\u00bb align=\u00bbcenter\u00bb icon_color=\u00bb#ffffff\u00bb stop=\u00bb80&#8243; suffix=\u00bbM\u20ac\u00bb text=\u00bbTotal de Ativos\u00bb text_color=\u00bb#f7f7f7&#8243; font_family=\u00bbnone\u00bb][mk_padding_divider size=\u00bb32&#8243; visibility=\u00bbvisible-sm\u00bb][\/vc_column_inner][\/vc_row_inner][\/vc_column][\/vc_row]\n","protected":false},"excerpt":{"rendered":"<p>[vc_row fullwidth=\u00bbtrue\u00bb fullwidth_content=\u00bbfalse\u00bb css=\u00bb.vc_custom_1569834379888{padding-top: 100px !important;padding-right: 15px !important;padding-bottom: 100px !important;padding-left: 15px !important;background-image: url(https:\/\/ewp-portugal.com\/wp-content\/uploads\/2019\/09\/design-sem-nome-49-1.jpg?id=3208) !important;background-position: center !important;background-repeat: no-repeat !important;background-size: cover !important;}\u00bb][vc_column][mk_padding_divider size=\u00bb100&#8243; visibility=\u00bbhidden-sm\u00bb][mk_fancy_title strip_tags=\u00bbtrue\u00bb tag_name=\u00bbh4&#8243; color=\u00bb#ffffff\u00bb size=\u00bb36&#8243; force_font_size=\u00bbtrue\u00bb size_phone=\u00bb30&#8243; font_weight=\u00bbbold\u00bb margin_bottom=\u00bb0&#8243; font_family=\u00bbnone\u00bb align=\u00bbright\u00bb]O Apoio que a Sua Empresa Precisa[\/mk_fancy_title][\/vc_column][\/vc_row][vc_row animation=\u00bbscale-up\u00bb css=\u00bb.vc_custom_1565195664810{padding-top: 100px !important;padding-bottom: 100px !important;}\u00bb][vc_column][mk_steps step=\u00bb3&#8243; hover_color=\u00bb#8b1d1a\u00bb icon_1=\u00bbmk-icon-users\u00bb title_1=\u00bbBenefici\u00e1rios\u00bb desc_1=\u00bbPME de qualquer natureza e sob qualquer [&hellip;]<\/p>\n","protected":false},"author":1,"featured_media":0,"parent":289,"menu_order":0,"comment_status":"closed","ping_status":"closed","template":"","meta":{"_monsterinsights_skip_tracking":false,"_monsterinsights_sitenote_active":false,"_monsterinsights_sitenote_note":"","_monsterinsights_sitenote_category":0,"footnotes":""},"class_list":["post-1745","page","type-page","status-publish","hentry"],"_links":{"self":[{"href":"https:\/\/ewp-portugal.com\/es\/wp-json\/wp\/v2\/pages\/1745","targetHints":{"allow":["GET"]}}],"collection":[{"href":"https:\/\/ewp-portugal.com\/es\/wp-json\/wp\/v2\/pages"}],"about":[{"href":"https:\/\/ewp-portugal.com\/es\/wp-json\/wp\/v2\/types\/page"}],"author":[{"embeddable":true,"href":"https:\/\/ewp-portugal.com\/es\/wp-json\/wp\/v2\/users\/1"}],"replies":[{"embeddable":true,"href":"https:\/\/ewp-portugal.com\/es\/wp-json\/wp\/v2\/comments?post=1745"}],"version-history":[{"count":1,"href":"https:\/\/ewp-portugal.com\/es\/wp-json\/wp\/v2\/pages\/1745\/revisions"}],"predecessor-version":[{"id":9125,"href":"https:\/\/ewp-portugal.com\/es\/wp-json\/wp\/v2\/pages\/1745\/revisions\/9125"}],"up":[{"embeddable":true,"href":"https:\/\/ewp-portugal.com\/es\/wp-json\/wp\/v2\/pages\/289"}],"wp:attachment":[{"href":"https:\/\/ewp-portugal.com\/es\/wp-json\/wp\/v2\/media?parent=1745"}],"curies":[{"name":"wp","href":"https:\/\/api.w.org\/{rel}","templated":true}]}}