{"id":1744,"date":"2019-05-08T16:00:32","date_gmt":"2019-05-08T16:00:32","guid":{"rendered":"https:\/\/ewp-portugal.com\/?page_id=1744"},"modified":"2021-09-21T15:11:22","modified_gmt":"2021-09-21T14:11:22","slug":"prr","status":"publish","type":"page","link":"https:\/\/ewp-portugal.com\/es\/linhas-de-apoio-ao-investimento\/prr\/","title":{"rendered":"Plano de Recupera\u00e7\u00e3o e Resili\u00eancia"},"content":{"rendered":"[vc_row fullwidth=\u00bbtrue\u00bb fullwidth_content=\u00bbfalse\u00bb css=\u00bb.vc_custom_1632221127837{padding-top: 100px !important;padding-right: 15px !important;padding-bottom: 100px !important;padding-left: 15px !important;background-image: url(https:\/\/ewp-portugal.com\/wp-content\/uploads\/2021\/06\/design-sem-nome-18.jpg?id=9431) !important;background-position: center !important;background-repeat: no-repeat !important;background-size: cover !important;}\u00bb][vc_column][mk_padding_divider size=\u00bb100&#8243; visibility=\u00bbhidden-sm\u00bb][mk_fancy_title strip_tags=\u00bbtrue\u00bb tag_name=\u00bbh4&#8243; color=\u00bb#ffffff\u00bb size=\u00bb36&#8243; force_font_size=\u00bbtrue\u00bb size_phone=\u00bb30&#8243; font_weight=\u00bbbold\u00bb margin_bottom=\u00bb0&#8243; font_family=\u00bbnone\u00bb align=\u00bbright\u00bb]PRR | A \u00abBazuca\u00bb Europeia[\/mk_fancy_title][\/vc_column][\/vc_row][vc_row animation=\u00bbscale-up\u00bb css=\u00bb.vc_custom_1565195664810{padding-top: 100px !important;padding-bottom: 100px !important;}\u00bb][vc_column][mk_steps step=\u00bb3&#8243; hover_color=\u00bb#8b1d1a\u00bb icon_1=\u00bbmk-icon-users\u00bb title_1=\u00bbBenefici\u00e1rios\u00bb desc_1=\u00bbEmpresas\u00bb icon_2=\u00bbmk-icon-suitcase\u00bb title_2=\u00bbValor Dispon\u00edvel\u00bb desc_2=\u00bb16.644 Milh\u00f5es de \u20ac\u00bb icon_3=\u00bbmk-icon-pie-chart\u00bb title_3=\u00bbPer\u00edodo de Execu\u00e7\u00e3o\u00bb desc_3=\u00bbAt\u00e9 2026&#8243;][\/vc_column][\/vc_row][mk_page_section layout_structure=\u00bbhalf_left\u00bb bg_image=\u00bbhttps:\/\/ewp-portugal.com\/wp-content\/uploads\/2021\/07\/bazuca-europeia.jpg\u00bb bg_color=\u00bb#bf1c20&#8243; min_height=\u00bb500&#8243; padding_top=\u00bb50&#8243; padding_bottom=\u00bb50&#8243; animation=\u00bbscale-up\u00bb][vc_column][mk_padding_divider size=\u00bb20&#8243; visibility=\u00bbvisible-sm\u00bb][mk_fancy_title strip_tags=\u00bbtrue\u00bb tag_name=\u00bbh1&#8243; color=\u00bb#ffffff\u00bb size=\u00bb32&#8243; font_weight=\u00bbbold\u00bb margin_bottom=\u00bb0&#8243; font_family=\u00bbnone\u00bb responsive_align=\u00bbleft\u00bb]PRR | Plano de Recupera\u00e7\u00e3o e Resili\u00eancia[\/mk_fancy_title][mk_divider style=\u00bbthin_solid\u00bb divider_width=\u00bbcustom_width\u00bb custom_width=\u00bb50&#8243; align=\u00bbleft\u00bb thin_single_color=\u00bb#ffffff\u00bb thickness=\u00bb2&#8243; margin_top=\u00bb0&#8243; margin_bottom=\u00bb50&#8243;][vc_column_text margin_bottom=\u00bb30&#8243; el_class=\u00bbwhitebullets\u00bb css=\u00bb.vc_custom_1632224638706{margin-bottom: 0px !important;}\u00bb]<span style=\"color: #ffffff;\">O Plano de Recupera\u00e7\u00e3o e Resili\u00eancia permitir\u00e1 apoiar investimentos e reformas num valor total de 16.664 milh\u00f5es de Euros, correspondendo 84% deste valor a subven\u00e7\u00f5es e 16% a empr\u00e9stimos. Pondo em perspetiva, at\u00e9 2026, Portugal beneficiar\u00e1 de apoios, no \u00e2mbito do PRR, que ascender\u00e3o a cerca de 8% do seu PIB anual.<\/span><\/p>\n<p><span style=\"color: #ffffff;\">Esta \u00e9 uma oportunidade \u00fanica para Portugal desenvolver o seu tecido empresarial, melhorando a capacidade das empresas para criarem valor, aumentarem a sua produtividade e gerarem oferta de trabalho qualificado e bem remunerado.<\/span><\/p>\n<p><span style=\"color: #ffffff;\">Para que as empresas possam efetivamente beneficiar do PRR e dos apoios ao abrigo do Portugal2030, \u00e9 fundamental que comecem desde j\u00e1 a tra\u00e7ar um <strong>Plano Estrat\u00e9gico de M\u00e9dio e Longo Prazo.<\/strong> Este plano dever\u00e1 resultar de uma profunda e rigorosa reflex\u00e3o sobre a realidade atual da empresa e os desafios que ter\u00e1 pela frente, assim como definir quais ser\u00e3o as iniciativas e os investimentos necess\u00e1rios para que possa ser colocado em pr\u00e1tica com sucesso, garantindo-se assim a sustentabilidade e o crescimento da organiza\u00e7\u00e3o.<\/span><\/p>\n<p><span style=\"color: #ffffff;\"><strong>Podemos ajudar a sua empresa a aproveitar estas novas<a href=\"https:\/\/ewp-portugal.com\/programas-de-apoio-ao-investimento\/\"> linhas de financiamento.\u00a0<\/a><\/strong><\/span>[\/vc_column_text][vc_row_inner attached=\u00bbtrue\u00bb is_fullwidth_content=\u00bbfalse\u00bb][vc_column_inner offset=\u00bbvc_col-lg-4 vc_col-md-6&#8243;][mk_button dimension=\u00bboutline\u00bb size=\u00bbmedium\u00bb url=\u00bbhttps:\/\/recuperarportugal.gov.pt\/candidaturas-prr\/\u00bb target=\u00bb_blank\u00bb button_custom_width=\u00bb150&#8243; margin_bottom=\u00bb-30&#8243; margin_right=\u00bb0&#8243; outline_skin=\u00bblight\u00bb]CALEND\u00c1RIO[\/mk_button][mk_padding_divider size=\u00bb50&#8243; visibility=\u00bbhidden-dt\u00bb][\/vc_column_inner][vc_column_inner offset=\u00bbvc_col-lg-4 vc_col-md-6&#8243;][mk_button dimension=\u00bboutline\u00bb size=\u00bbmedium\u00bb button_custom_width=\u00bb150&#8243; margin_bottom=\u00bb-30&#8243; margin_right=\u00bb0&#8243; el_class=\u00bbcontactformpopup\u00bb outline_skin=\u00bblight\u00bb]CONTACTAR[\/mk_button][mk_padding_divider size=\u00bb20&#8243; visibility=\u00bbhidden-dt\u00bb][\/vc_column_inner][vc_column_inner width=\u00bb1\/3&#8243; offset=\u00bbvc_hidden-sm vc_hidden-xs\u00bb][\/vc_column_inner][\/vc_row_inner][\/vc_column][\/mk_page_section][vc_row fullwidth=\u00bbtrue\u00bb fullwidth_content=\u00bbfalse\u00bb animation=\u00bbscale-up\u00bb css=\u00bb.vc_custom_1565195680740{padding-top: 100px !important;padding-bottom: 100px !important;}\u00bb][vc_column][mk_fancy_title strip_tags=\u00bbtrue\u00bb color=\u00bb#555555&#8243; size=\u00bb32&#8243; force_font_size=\u00bbtrue\u00bb size_phone=\u00bb26&#8243; font_weight=\u00bbbold\u00bb margin_bottom=\u00bb0&#8243; font_family=\u00bbnone\u00bb align=\u00bbcenter\u00bb]O PRR divide-se em 3 \u00e1reas:[\/mk_fancy_title][mk_divider style=\u00bbthin_solid\u00bb divider_width=\u00bbcustom_width\u00bb custom_width=\u00bb50&#8243; thin_single_color=\u00bb#bf1c20&#8243; thickness=\u00bb2&#8243; margin_top=\u00bb0&#8243; margin_bottom=\u00bb50&#8243;][vc_row_inner][vc_column_inner offset=\u00bbvc_col-lg-4 vc_col-md-12&#8243;][mk_icon_box icon=\u00bbmk-icon-ok\u00bb title=\u00bbResili\u00eancia\u00bb text_size=\u00bb20&#8243; font_weight=\u00bbbold\u00bb style=\u00bbboxed\u00bb icon_location=\u00bbtop\u00bb icon_color=\u00bb#bf1c20&#8243; icon_circle_color=\u00bb#ffffff\u00bb title_color=\u00bb#bf1c20&#8243; txt_color=\u00bb#555555&#8243; txt_link_color=\u00bb#555555&#8243; margin=\u00bb0&#8243;]\u00c1reas estrat\u00e9gicas:<\/p>\n<p>Sa\u00fade, habita\u00e7\u00e3o, respostas sociais,\u00a0 cultura, investimento empresarial inovador,\u00a0 qualifica\u00e7\u00f5es e compet\u00eancias, infraestruturas, floresta<\/p>\n<p>e gest\u00e3o h\u00eddrica.<\/p>\n[\/mk_icon_box][mk_padding_divider size=\u00bb35&#8243; visibility=\u00bbhidden-dt\u00bb][\/vc_column_inner][vc_column_inner offset=\u00bbvc_col-lg-4 vc_col-md-12&#8243;][mk_icon_box icon=\u00bbmk-icon-ok\u00bb title=\u00bbTransi\u00e7\u00e3o Clim\u00e1tica\u00bb text_size=\u00bb20&#8243; font_weight=\u00bbbold\u00bb style=\u00bbboxed\u00bb icon_location=\u00bbtop\u00bb icon_color=\u00bb#bf1c20&#8243; icon_circle_color=\u00bb#ffffff\u00bb title_color=\u00bb#bf1c20&#8243; txt_color=\u00bb#555555&#8243; txt_link_color=\u00bb#555555&#8243; margin=\u00bb0&#8243;]\u00c1reas estrat\u00e9gicas:<\/p>\n<p>Mar, mobilidade sustent\u00e1vel,\u00a0 descarboniza\u00e7\u00e3o da ind\u00fastria, bioeconomia,<\/p>\n<p>efici\u00eancia energ\u00e9tica em edif\u00edcios<\/p>\n<p>e energias renov\u00e1veis.<\/p>\n[\/mk_icon_box][mk_padding_divider size=\u00bb35&#8243; visibility=\u00bbhidden-dt\u00bb][\/vc_column_inner][vc_column_inner offset=\u00bbvc_col-lg-4 vc_col-md-12&#8243;][mk_icon_box icon=\u00bbmk-icon-ok\u00bb title=\u00bbTransi\u00e7\u00e3o Digital\u00bb text_size=\u00bb20&#8243; font_weight=\u00bbbold\u00bb style=\u00bbboxed\u00bb icon_location=\u00bbtop\u00bb icon_color=\u00bb#bf1c20&#8243; icon_circle_color=\u00bb#ffffff\u00bb title_color=\u00bb#bf1c20&#8243; txt_color=\u00bb#555555&#8243; txt_link_color=\u00bb#555555&#8243; margin=\u00bb0&#8243;]\u00c1reas estrat\u00e9gicas:<\/p>\n<p>Capacita\u00e7\u00e3o e inclus\u00e3o digital das pessoas, forma\u00e7\u00e3o em compet\u00eancias digitais e promo\u00e7\u00e3o da literacia digital, transforma\u00e7\u00e3o digital do setor empresarial e digitaliza\u00e7\u00e3o do Estado.[\/mk_icon_box][mk_padding_divider size=\u00bb35&#8243; visibility=\u00bbhidden-dt\u00bb][\/vc_column_inner][\/vc_row_inner][mk_padding_divider size=\u00bb50&#8243; visibility=\u00bbvisible-dt\u00bb][\/vc_column][\/vc_row][vc_row][vc_column][mk_fancy_title strip_tags=\u00bbtrue\u00bb color=\u00bb#555555&#8243; size=\u00bb32&#8243; font_weight=\u00bbbold\u00bb margin_bottom=\u00bb0&#8243; font_family=\u00bbnone\u00bb align=\u00bbcenter\u00bb]Os nossos conte\u00fados[\/mk_fancy_title][mk_divider style=\u00bbthin_solid\u00bb divider_width=\u00bbcustom_width\u00bb custom_width=\u00bb50&#8243; thin_single_color=\u00bb#bf1c20&#8243; thickness=\u00bb2&#8243; margin_top=\u00bb0&#8243; margin_bottom=\u00bb50&#8243;][mk_blog_carousel count=\u00bb4&#8243; cat=\u00bb174&#8243;][\/vc_column][\/vc_row][vc_row fullwidth=\u00bbtrue\u00bb fullwidth_content=\u00bbfalse\u00bb animation=\u00bbscale-up\u00bb css=\u00bb.vc_custom_1632220818000{padding-top: 50px !important;padding-bottom: 25px !important;background: #222222 url(https:\/\/ewp-portugal.com\/wp-content\/uploads\/2021\/07\/apoio-a-gestao.jpg?id=9708) !important;background-position: center !important;background-repeat: no-repeat !important;background-size: cover !important;}\u00bb][vc_column][mk_fancy_title strip_tags=\u00bbtrue\u00bb color=\u00bb#ffffff\u00bb size=\u00bb32&#8243; font_weight=\u00bbbold\u00bb margin_bottom=\u00bb0&#8243; font_family=\u00bbnone\u00bb align=\u00bbcenter\u00bb]Os nossos clientes[\/mk_fancy_title][mk_divider style=\u00bbthin_solid\u00bb divider_width=\u00bbcustom_width\u00bb custom_width=\u00bb50&#8243; thin_single_color=\u00bb#ffffff\u00bb thickness=\u00bb2&#8243; margin_top=\u00bb0&#8243; margin_bottom=\u00bb50&#8243;][vc_row_inner][vc_column_inner width=\u00bb1\/3&#8243;][mk_milestone icon=\u00bbmk-moon-stats-up\u00bb icon_size=\u00bbmedium\u00bb align=\u00bbcenter\u00bb icon_color=\u00bb#ffffff\u00bb stop=\u00bb75&#8243; suffix=\u00bbM\u20ac\u00bb text=\u00bbVolume de Neg\u00f3cios\u00bb text_color=\u00bb#f7f7f7&#8243; font_family=\u00bbnone\u00bb][mk_padding_divider size=\u00bb32&#8243; visibility=\u00bbvisible-sm\u00bb][\/vc_column_inner][vc_column_inner width=\u00bb1\/3&#8243;][mk_milestone icon=\u00bbmk-icon-users\u00bb icon_size=\u00bbmedium\u00bb align=\u00bbcenter\u00bb icon_color=\u00bb#ffffff\u00bb stop=\u00bb850&#8243; text=\u00bbColaboradores\u00bb text_color=\u00bb#f7f7f7&#8243; font_family=\u00bbnone\u00bb][mk_padding_divider size=\u00bb32&#8243; visibility=\u00bbvisible-sm\u00bb][\/vc_column_inner][vc_column_inner width=\u00bb1\/3&#8243;][mk_milestone icon=\u00bbmk-icon-briefcase\u00bb icon_size=\u00bbmedium\u00bb align=\u00bbcenter\u00bb icon_color=\u00bb#ffffff\u00bb stop=\u00bb80&#8243; suffix=\u00bbM\u20ac\u00bb text=\u00bbTotal de Ativos\u00bb text_color=\u00bb#f7f7f7&#8243; font_family=\u00bbnone\u00bb][mk_padding_divider size=\u00bb32&#8243; visibility=\u00bbvisible-sm\u00bb][\/vc_column_inner][\/vc_row_inner][\/vc_column][\/vc_row]\n","protected":false},"excerpt":{"rendered":"<p>[vc_row fullwidth=\u00bbtrue\u00bb fullwidth_content=\u00bbfalse\u00bb css=\u00bb.vc_custom_1632221127837{padding-top: 100px !important;padding-right: 15px !important;padding-bottom: 100px !important;padding-left: 15px !important;background-image: url(https:\/\/ewp-portugal.com\/wp-content\/uploads\/2021\/06\/design-sem-nome-18.jpg?id=9431) !important;background-position: center !important;background-repeat: no-repeat !important;background-size: cover !important;}\u00bb][vc_column][mk_padding_divider size=\u00bb100&#8243; visibility=\u00bbhidden-sm\u00bb][mk_fancy_title strip_tags=\u00bbtrue\u00bb tag_name=\u00bbh4&#8243; color=\u00bb#ffffff\u00bb size=\u00bb36&#8243; force_font_size=\u00bbtrue\u00bb size_phone=\u00bb30&#8243; font_weight=\u00bbbold\u00bb margin_bottom=\u00bb0&#8243; font_family=\u00bbnone\u00bb align=\u00bbright\u00bb]PRR | A \u00abBazuca\u00bb Europeia[\/mk_fancy_title][\/vc_column][\/vc_row][vc_row animation=\u00bbscale-up\u00bb css=\u00bb.vc_custom_1565195664810{padding-top: 100px !important;padding-bottom: 100px !important;}\u00bb][vc_column][mk_steps step=\u00bb3&#8243; hover_color=\u00bb#8b1d1a\u00bb icon_1=\u00bbmk-icon-users\u00bb title_1=\u00bbBenefici\u00e1rios\u00bb desc_1=\u00bbEmpresas\u00bb icon_2=\u00bbmk-icon-suitcase\u00bb title_2=\u00bbValor Dispon\u00edvel\u00bb desc_2=\u00bb16.644 Milh\u00f5es de \u20ac\u00bb icon_3=\u00bbmk-icon-pie-chart\u00bb [&hellip;]<\/p>\n","protected":false},"author":1,"featured_media":0,"parent":289,"menu_order":0,"comment_status":"closed","ping_status":"closed","template":"","meta":{"_monsterinsights_skip_tracking":false,"_monsterinsights_sitenote_active":false,"_monsterinsights_sitenote_note":"","_monsterinsights_sitenote_category":0,"footnotes":""},"class_list":["post-1744","page","type-page","status-publish","hentry"],"_links":{"self":[{"href":"https:\/\/ewp-portugal.com\/es\/wp-json\/wp\/v2\/pages\/1744","targetHints":{"allow":["GET"]}}],"collection":[{"href":"https:\/\/ewp-portugal.com\/es\/wp-json\/wp\/v2\/pages"}],"about":[{"href":"https:\/\/ewp-portugal.com\/es\/wp-json\/wp\/v2\/types\/page"}],"author":[{"embeddable":true,"href":"https:\/\/ewp-portugal.com\/es\/wp-json\/wp\/v2\/users\/1"}],"replies":[{"embeddable":true,"href":"https:\/\/ewp-portugal.com\/es\/wp-json\/wp\/v2\/comments?post=1744"}],"version-history":[{"count":5,"href":"https:\/\/ewp-portugal.com\/es\/wp-json\/wp\/v2\/pages\/1744\/revisions"}],"predecessor-version":[{"id":10244,"href":"https:\/\/ewp-portugal.com\/es\/wp-json\/wp\/v2\/pages\/1744\/revisions\/10244"}],"up":[{"embeddable":true,"href":"https:\/\/ewp-portugal.com\/es\/wp-json\/wp\/v2\/pages\/289"}],"wp:attachment":[{"href":"https:\/\/ewp-portugal.com\/es\/wp-json\/wp\/v2\/media?parent=1744"}],"curies":[{"name":"wp","href":"https:\/\/api.w.org\/{rel}","templated":true}]}}