{"id":14888,"date":"2023-04-13T12:00:32","date_gmt":"2023-04-13T11:00:32","guid":{"rendered":"https:\/\/ewp-portugal.com\/linhas-de-apoio-ao-investimento\/plano-de-recuperacao-e-resiliencia\/"},"modified":"2023-04-13T14:50:39","modified_gmt":"2023-04-13T13:50:39","slug":"programa-empreende-xxi","status":"publish","type":"page","link":"https:\/\/ewp-portugal.com\/es\/linhas-de-apoio-ao-investimento\/programa-empreende-xxi\/","title":{"rendered":"Programa Empreende XXI"},"content":{"rendered":"[vc_row fullwidth=\u00bbtrue\u00bb fullwidth_content=\u00bbfalse\u00bb css=\u00bb.vc_custom_1681310464760{padding-top: 100px !important;padding-right: 15px !important;padding-bottom: 100px !important;padding-left: 15px !important;background-image: url(https:\/\/ewp-portugal.com\/wp-content\/uploads\/2023\/04\/empreende-xxi-1.jpg?id=14893) !important;background-position: center !important;background-repeat: no-repeat !important;background-size: cover !important;}\u00bb][vc_column][mk_padding_divider size=\u00bb100&#8243; visibility=\u00bbhidden-sm\u00bb][mk_fancy_title strip_tags=\u00bbtrue\u00bb tag_name=\u00bbh4&#8243; color=\u00bb#ffffff\u00bb size=\u00bb36&#8243; force_font_size=\u00bbtrue\u00bb size_phone=\u00bb30&#8243; font_weight=\u00bbbold\u00bb margin_bottom=\u00bb0&#8243; font_family=\u00bbnone\u00bb align=\u00bbright\u00bb]Empreende XXI[\/mk_fancy_title][\/vc_column][\/vc_row][vc_row animation=\u00bbscale-up\u00bb css=\u00bb.vc_custom_1565195664810{padding-top: 100px !important;padding-bottom: 100px !important;}\u00bb][vc_column][vc_column_text css=\u00bb.vc_custom_1681320716878{margin-bottom: 0px !important;}\u00bb]\n<blockquote>\n<p style=\"text-align: center;\"><strong>Empreende XXI \u00e9 um programa portugu\u00eas que visa fomentar o empreendedorismo e promover o crescimento das empresas em fase de arranque. O programa \u00e9 organizado pela filial Caixa Capital do banco Caixa Geral de Dep\u00f3sitos em parceria com outras entidades, tais como o Minist\u00e9rio da Economia e Transi\u00e7\u00e3o Digital de Portugal, e oferece apoio e recursos para o arranque de empresas em todo o pa\u00eds.<\/strong><\/p>\n<\/blockquote>\n[\/vc_column_text][mk_padding_divider size=\u00bb35&#8243; visibility=\u00bbhidden-dt\u00bb][mk_icon_box icon=\u00bbmk-icon-group\u00bb title=\u00bbA quem se destina\u00bb text_size=\u00bb20&#8243; font_weight=\u00bbbold\u00bb style=\u00bbboxed\u00bb icon_location=\u00bbtop\u00bb icon_circle_color=\u00bb#ffffff\u00bb title_color=\u00bb#bf1c20&#8243; txt_color=\u00bb#555555&#8243; txt_link_color=\u00bb#555555&#8243; margin=\u00bb0&#8243;]\n<ul>\n<li style=\"text-align: left;\">Jovens \u00e0 procura do\u00a0primeiro emprego, com idade entre os 18 e os 35 anos que nunca tenham prestado atividade ao abrigo de um\u00a0contrato de trabalho sem termo;<\/li>\n<li style=\"text-align: left;\">Jovens desempregados, com idade entre os 18 anos e os 35 anos que n\u00e3o se encontrem a estudar nem a frequentar forma\u00e7\u00e3o;<\/li>\n<li style=\"text-align: left;\">Outros desempregados inscritos<\/li>\n<\/ul>\n[\/mk_icon_box][mk_padding_divider size=\u00bb35&#8243; visibility=\u00bbhidden-dt\u00bb][mk_padding_divider size=\u00bb35&#8243; visibility=\u00bbhidden-dt\u00bb][mk_icon_box icon=\u00bbmk-icon-check-square-o\u00bb title=\u00bbElegibilidade\u00bb text_size=\u00bb20&#8243; font_weight=\u00bbbold\u00bb style=\u00bbboxed\u00bb icon_location=\u00bbtop\u00bb icon_circle_color=\u00bb#ffffff\u00bb title_color=\u00bb#bf1c20&#8243; txt_color=\u00bb#555555&#8243; txt_link_color=\u00bb#555555&#8243; margin=\u00bb0&#8243;]\n<ul>\n<li style=\"text-align: left;\">Encontrar-se inscrito no IEFP;<\/li>\n<li style=\"text-align: left;\">Ter a situa\u00e7\u00e3o fiscal regularizada junto das autoridades;<\/li>\n<li style=\"text-align: left;\">N\u00e3o se encontrar em situa\u00e7\u00e3o de incumprimento no que respeita a outros apoios financeiros concedidos pelo IEFP;<\/li>\n<li style=\"text-align: left;\">Ser cidad\u00e3o nacional de pa\u00edses da EU ou de pa\u00edses terceiros, mas necessariamente com certificado de que podem residir ou permanecer em Portugal e que permita a inscri\u00e7\u00e3o como candidatos a emprego junto do IEFP.<\/li>\n<\/ul>\n[\/mk_icon_box][mk_padding_divider size=\u00bb60&#8243; visibility=\u00bbhidden-dt\u00bb][mk_padding_divider size=\u00bb60&#8243; visibility=\u00bbhidden-dt\u00bb][mk_icon_box icon=\u00bbmk-icon-clipboard\u00bb title=\u00bbRequisitos dos projetos de cria\u00e7\u00e3o de empresas ou do pr\u00f3prio emprego\u00bb text_size=\u00bb20&#8243; font_weight=\u00bbbold\u00bb style=\u00bbboxed\u00bb icon_location=\u00bbtop\u00bb icon_circle_color=\u00bb#ffffff\u00bb title_color=\u00bb#bf1c20&#8243; txt_color=\u00bb#555555&#8243; txt_link_color=\u00bb#555555&#8243; margin=\u00bb0&#8243;]\n<ul>\n<li style=\"text-align: left;\">Apresentar viabilidade econ\u00f3mico-financeira;<\/li>\n<li style=\"text-align: left;\">N\u00e3o incluir, no investimento a realizar, a compra de capital social de empresa existente;<\/li>\n<li style=\"text-align: left;\">Manter a atividade da empresa durante um per\u00edodo n\u00e3o inferior a 2 anos, contados a partir da data da assinatura do termo de aceita\u00e7\u00e3o;<\/li>\n<li style=\"text-align: left;\">Assegurar a cria\u00e7\u00e3o do respetivo posto de trabalho dos destinat\u00e1rios promotores apoiados durante um per\u00edodo n\u00e3o inferior a 2 anos, contados a partir da data da assinatura do termo de aceita\u00e7\u00e3o.<\/li>\n<\/ul>\n[\/mk_icon_box][mk_padding_divider size=\u00bb35&#8243; visibility=\u00bbhidden-dt\u00bb][mk_padding_divider size=\u00bb35&#8243; visibility=\u00bbhidden-dt\u00bb][mk_icon_box icon=\u00bbmk-icon-search\u00bb title=\u00bbVantagens\u00bb text_size=\u00bb20&#8243; font_weight=\u00bbbold\u00bb style=\u00bbboxed\u00bb icon_location=\u00bbtop\u00bb icon_circle_color=\u00bb#ffffff\u00bb title_color=\u00bb#bf1c20&#8243; txt_color=\u00bb#555555&#8243; txt_link_color=\u00bb#555555&#8243; margin=\u00bb0&#8243;]\n<p style=\"text-align: left;\">Os startups seleccionados ter\u00e3o acesso a uma s\u00e9rie de benef\u00edcios, incluindo:<\/p>\n<ul>\n<li style=\"text-align: left;\">Primeiramente um investimento que visa financiar 85% (at\u00e9 175\u00a0000\u20ac) com 40% do valor a fundo perdido<\/li>\n<li style=\"text-align: left;\">Mentoring e coaching de empres\u00e1rios e investidores experientes<\/li>\n<li style=\"text-align: left;\">Workshops e sess\u00f5es de forma\u00e7\u00e3o sobre temas tais como estrat\u00e9gia empresarial, gest\u00e3o financeira e marketing<\/li>\n<li style=\"text-align: left;\">Oportunidades de trabalho em rede com outros startups, investidores e peritos da ind\u00fastria<\/li>\n<li style=\"text-align: left;\">Visibilidade e exposi\u00e7\u00e3o atrav\u00e9s dos meios de comunica\u00e7\u00e3o e eventos<\/li>\n<\/ul>\n[\/mk_icon_box][\/vc_column][\/vc_row][mk_page_section layout_structure=\u00bbhalf_left\u00bb bg_image=\u00bbhttps:\/\/ewp-portugal.com\/wp-content\/uploads\/2022\/01\/empreende-xxi.jpg\u00bb bg_color=\u00bb#bf1c20&#8243; min_height=\u00bb500&#8243; padding_top=\u00bb50&#8243; padding_bottom=\u00bb50&#8243; animation=\u00bbscale-up\u00bb][vc_column][mk_padding_divider size=\u00bb20&#8243; visibility=\u00bbvisible-sm\u00bb][mk_fancy_title strip_tags=\u00bbtrue\u00bb tag_name=\u00bbh1&#8243; color=\u00bb#ffffff\u00bb size=\u00bb32&#8243; font_weight=\u00bbbold\u00bb margin_bottom=\u00bb0&#8243; font_family=\u00bbnone\u00bb responsive_align=\u00bbleft\u00bb]Formul\u00e1rio de candidatura[\/mk_fancy_title][mk_divider style=\u00bbthin_solid\u00bb divider_width=\u00bbcustom_width\u00bb custom_width=\u00bb50&#8243; align=\u00bbleft\u00bb thin_single_color=\u00bb#ffffff\u00bb thickness=\u00bb2&#8243; margin_top=\u00bb0&#8243; margin_bottom=\u00bb50&#8243;][vc_column_text margin_bottom=\u00bb30&#8243; el_class=\u00bbwhitebullets\u00bb css=\u00bb.vc_custom_1681321492179{margin-bottom: 0px !important;}\u00bb]<span style=\"color: #ffffff;\">Os Startups devem preencher um formul\u00e1rio de candidatura online que inclua informa\u00e7\u00e3o sobre o seu neg\u00f3cio, incluindo o seu modelo de neg\u00f3cio, mercado alvo, membros da equipa, e proje\u00e7\u00f5es financeiras.\u00a0<\/span>[\/vc_column_text][vc_row_inner attached=\u00bbtrue\u00bb is_fullwidth_content=\u00bbfalse\u00bb][vc_column_inner offset=\u00bbvc_hidden-sm vc_hidden-xs\u00bb][mk_button dimension=\u00bboutline\u00bb size=\u00bbmedium\u00bb button_custom_width=\u00bb200&#8243; margin_bottom=\u00bb-30&#8243; margin_right=\u00bb0&#8243; el_class=\u00bbcontactformpopup\u00bb outline_skin=\u00bblight\u00bb]CONTACTE-NOS[\/mk_button][mk_padding_divider size=\u00bb50&#8243; visibility=\u00bbhidden-dt\u00bb][\/vc_column_inner][\/vc_row_inner][\/vc_column][vc_column][\/vc_column][vc_column][\/vc_column][\/mk_page_section][vc_row][vc_column][vc_column_text margin_bottom=\u00bb30&#8243; el_class=\u00bbwhitebullets\u00bb css=\u00bb.vc_custom_1681321492179{margin-bottom: 0px !important;}\u00bb]<span style=\"color: #ffffff;\">Os Startups devem preencher um formul\u00e1rio de candidatura online que inclua informa\u00e7\u00e3o sobre o seu neg\u00f3cio, incluindo o seu modelo de neg\u00f3cio, mercado alvo, membros da equipa, e proje\u00e7\u00f5es financeiras.\u00a0<\/span>[\/vc_column_text][mk_fancy_title strip_tags=\u00bbtrue\u00bb color=\u00bb#555555&#8243; size=\u00bb32&#8243; font_weight=\u00bbbold\u00bb margin_bottom=\u00bb0&#8243; font_family=\u00bbnone\u00bb align=\u00bbcenter\u00bb]Os nossos conte\u00fados[\/mk_fancy_title][mk_divider style=\u00bbthin_solid\u00bb divider_width=\u00bbcustom_width\u00bb custom_width=\u00bb50&#8243; thin_single_color=\u00bb#bf1c20&#8243; thickness=\u00bb2&#8243; margin_top=\u00bb0&#8243; margin_bottom=\u00bb50&#8243;][mk_blog_carousel count=\u00bb4&#8243; cat=\u00bb174&#8243;][\/vc_column][\/vc_row][vc_row fullwidth=\u00bbtrue\u00bb fullwidth_content=\u00bbfalse\u00bb animation=\u00bbscale-up\u00bb css=\u00bb.vc_custom_1632220818000{padding-top: 50px !important;padding-bottom: 25px !important;background: #222222 url(https:\/\/ewp-portugal.com\/wp-content\/uploads\/2021\/07\/apoio-a-gestao.jpg?id=9708) !important;background-position: center !important;background-repeat: no-repeat !important;background-size: cover !important;}\u00bb][vc_column][mk_fancy_title strip_tags=\u00bbtrue\u00bb color=\u00bb#ffffff\u00bb size=\u00bb32&#8243; font_weight=\u00bbbold\u00bb margin_bottom=\u00bb0&#8243; font_family=\u00bbnone\u00bb align=\u00bbcenter\u00bb]Os nossos clientes[\/mk_fancy_title][mk_divider style=\u00bbthin_solid\u00bb divider_width=\u00bbcustom_width\u00bb custom_width=\u00bb50&#8243; thin_single_color=\u00bb#ffffff\u00bb thickness=\u00bb2&#8243; margin_top=\u00bb0&#8243; margin_bottom=\u00bb50&#8243;][vc_row_inner][vc_column_inner width=\u00bb1\/3&#8243;][mk_milestone icon=\u00bbmk-moon-stats-up\u00bb icon_size=\u00bbmedium\u00bb align=\u00bbcenter\u00bb icon_color=\u00bb#ffffff\u00bb stop=\u00bb75&#8243; suffix=\u00bbM\u20ac\u00bb text=\u00bbVolume de Neg\u00f3cios\u00bb text_color=\u00bb#f7f7f7&#8243; font_family=\u00bbnone\u00bb][mk_padding_divider size=\u00bb32&#8243; visibility=\u00bbvisible-sm\u00bb][\/vc_column_inner][vc_column_inner width=\u00bb1\/3&#8243;][mk_milestone icon=\u00bbmk-icon-users\u00bb icon_size=\u00bbmedium\u00bb align=\u00bbcenter\u00bb icon_color=\u00bb#ffffff\u00bb stop=\u00bb850&#8243; text=\u00bbColaboradores\u00bb text_color=\u00bb#f7f7f7&#8243; font_family=\u00bbnone\u00bb][mk_padding_divider size=\u00bb32&#8243; visibility=\u00bbvisible-sm\u00bb][\/vc_column_inner][vc_column_inner width=\u00bb1\/3&#8243;][mk_milestone icon=\u00bbmk-icon-briefcase\u00bb icon_size=\u00bbmedium\u00bb align=\u00bbcenter\u00bb icon_color=\u00bb#ffffff\u00bb stop=\u00bb80&#8243; suffix=\u00bbM\u20ac\u00bb text=\u00bbTotal de Ativos\u00bb text_color=\u00bb#f7f7f7&#8243; font_family=\u00bbnone\u00bb][mk_padding_divider size=\u00bb32&#8243; visibility=\u00bbvisible-sm\u00bb][\/vc_column_inner][\/vc_row_inner][\/vc_column][\/vc_row]\n","protected":false},"excerpt":{"rendered":"<p>[vc_row fullwidth=\u00bbtrue\u00bb fullwidth_content=\u00bbfalse\u00bb css=\u00bb.vc_custom_1681310464760{padding-top: 100px !important;padding-right: 15px !important;padding-bottom: 100px !important;padding-left: 15px !important;background-image: url(https:\/\/ewp-portugal.com\/wp-content\/uploads\/2023\/04\/empreende-xxi-1.jpg?id=14893) !important;background-position: center !important;background-repeat: no-repeat !important;background-size: cover !important;}\u00bb][vc_column][mk_padding_divider size=\u00bb100&#8243; visibility=\u00bbhidden-sm\u00bb][mk_fancy_title strip_tags=\u00bbtrue\u00bb tag_name=\u00bbh4&#8243; color=\u00bb#ffffff\u00bb size=\u00bb36&#8243; force_font_size=\u00bbtrue\u00bb size_phone=\u00bb30&#8243; font_weight=\u00bbbold\u00bb margin_bottom=\u00bb0&#8243; font_family=\u00bbnone\u00bb align=\u00bbright\u00bb]Empreende XXI[\/mk_fancy_title][\/vc_column][\/vc_row][vc_row animation=\u00bbscale-up\u00bb css=\u00bb.vc_custom_1565195664810{padding-top: 100px !important;padding-bottom: 100px !important;}\u00bb][vc_column][vc_column_text css=\u00bb.vc_custom_1681320716878{margin-bottom: 0px !important;}\u00bb] Empreende XXI \u00e9 um programa portugu\u00eas que visa fomentar o empreendedorismo e promover [&hellip;]<\/p>\n","protected":false},"author":5,"featured_media":0,"parent":289,"menu_order":0,"comment_status":"closed","ping_status":"closed","template":"","meta":{"_monsterinsights_skip_tracking":false,"_monsterinsights_sitenote_active":false,"_monsterinsights_sitenote_note":"","_monsterinsights_sitenote_category":0,"footnotes":""},"class_list":["post-14888","page","type-page","status-publish","hentry"],"_links":{"self":[{"href":"https:\/\/ewp-portugal.com\/es\/wp-json\/wp\/v2\/pages\/14888","targetHints":{"allow":["GET"]}}],"collection":[{"href":"https:\/\/ewp-portugal.com\/es\/wp-json\/wp\/v2\/pages"}],"about":[{"href":"https:\/\/ewp-portugal.com\/es\/wp-json\/wp\/v2\/types\/page"}],"author":[{"embeddable":true,"href":"https:\/\/ewp-portugal.com\/es\/wp-json\/wp\/v2\/users\/5"}],"replies":[{"embeddable":true,"href":"https:\/\/ewp-portugal.com\/es\/wp-json\/wp\/v2\/comments?post=14888"}],"version-history":[{"count":6,"href":"https:\/\/ewp-portugal.com\/es\/wp-json\/wp\/v2\/pages\/14888\/revisions"}],"predecessor-version":[{"id":14938,"href":"https:\/\/ewp-portugal.com\/es\/wp-json\/wp\/v2\/pages\/14888\/revisions\/14938"}],"up":[{"embeddable":true,"href":"https:\/\/ewp-portugal.com\/es\/wp-json\/wp\/v2\/pages\/289"}],"wp:attachment":[{"href":"https:\/\/ewp-portugal.com\/es\/wp-json\/wp\/v2\/media?parent=14888"}],"curies":[{"name":"wp","href":"https:\/\/api.w.org\/{rel}","templated":true}]}}