{"id":3593,"date":"2019-12-16T11:15:47","date_gmt":"2019-12-16T11:15:47","guid":{"rendered":"https:\/\/ewp-portugal.com\/?page_id=3593"},"modified":"2020-04-08T10:17:52","modified_gmt":"2020-04-08T10:17:52","slug":"innovation-incentive-system","status":"publish","type":"page","link":"https:\/\/ewp-portugal.com\/en\/investment-support-programs\/innovation-incentive-system\/","title":{"rendered":"Sistema de Incentivos \u00e0 Inova\u00e7\u00e3o"},"content":{"rendered":"[vc_row fullwidth=&#8221;true&#8221; fullwidth_content=&#8221;false&#8221; css=&#8221;.vc_custom_1569834527257{padding-top: 100px !important;padding-right: 15px !important;padding-bottom: 100px !important;padding-left: 15px !important;background-image: url(https:\/\/ewp-portugal.com\/wp-content\/uploads\/2019\/09\/design-sem-nome-49-1.jpg?id=3208) !important;background-position: center !important;background-repeat: no-repeat !important;background-size: cover !important;}&#8221;][vc_column][mk_padding_divider size=&#8221;100&#8243; visibility=&#8221;hidden-sm&#8221;][mk_fancy_title strip_tags=&#8221;true&#8221; tag_name=&#8221;h4&#8243; color=&#8221;#ffffff&#8221; size=&#8221;36&#8243; force_font_size=&#8221;true&#8221; size_phone=&#8221;30&#8243; font_weight=&#8221;bold&#8221; margin_bottom=&#8221;0&#8243; font_family=&#8221;none&#8221; align=&#8221;right&#8221;]The Support Your Company Needs[\/mk_fancy_title][\/vc_column][\/vc_row][vc_row animation=&#8221;scale-up&#8221; css=&#8221;.vc_custom_1565195664810{padding-top: 100px !important;padding-bottom: 100px !important;}&#8221;][vc_column][mk_steps step=&#8221;3&#8243; hover_color=&#8221;#8b1d1a&#8221; icon_1=&#8221;mk-icon-users&#8221; title_1=&#8221;Beneficiaries&#8221; desc_1=&#8221;Undertakings of any size, nature and in any legal form&#8221; icon_2=&#8221;mk-icon-suitcase&#8221; title_2=&#8221;Incentive Rate&#8221; desc_2=&#8221;45% non-refundable incentive (40% for companies based in Lisbon)&#8221; icon_3=&#8221;mk-icon-pie-chart&#8221; title_3=&#8221;Minimum Eligible Investment&#8221; desc_3=&#8221;25.000\u20ac&#8221;][\/vc_column][\/vc_row][mk_page_section layout_structure=&#8221;half_left&#8221; bg_image=&#8221;https:\/\/ewp-portugal.com\/wp-content\/uploads\/2019\/08\/ewp-consulting-si-inovao.jpg&#8221; bg_color=&#8221;#bf1c20&#8243; min_height=&#8221;500&#8243; padding_top=&#8221;50&#8243; padding_bottom=&#8221;50&#8243; animation=&#8221;scale-up&#8221;][vc_column][mk_padding_divider size=&#8221;20&#8243; visibility=&#8221;visible-sm&#8221;][mk_fancy_title strip_tags=&#8221;true&#8221; tag_name=&#8221;h1&#8243; color=&#8221;#ffffff&#8221; size=&#8221;32&#8243; font_weight=&#8221;bold&#8221; margin_bottom=&#8221;0&#8243; font_family=&#8221;none&#8221; responsive_align=&#8221;left&#8221;]Innovation Incentive System[\/mk_fancy_title][mk_divider style=&#8221;thin_solid&#8221; divider_width=&#8221;custom_width&#8221; custom_width=&#8221;50&#8243; align=&#8221;left&#8221; thin_single_color=&#8221;#ffffff&#8221; thickness=&#8221;2&#8243; margin_top=&#8221;0&#8243; margin_bottom=&#8221;50&#8243;][vc_column_text margin_bottom=&#8221;30&#8243; el_class=&#8221;whitebullets&#8221; css=&#8221;.vc_custom_1582134415927{margin-bottom: 0px !important;}&#8221;]<span style=\"color: #ffffff;\">It aims to strengthen the business training of SMEs through organizational innovation, applying new organizational methods and processes, using immaterial investments in the area of competitiveness.<\/span><\/p>\n<p><span style=\"color: #ffffff;\">Some eligible expenses:<\/span><\/p>\n<ul>\n<li><span style=\"color: #ffffff;\">Registration, brand creation and design<\/span><\/li>\n<li><span style=\"color: #ffffff;\">Digital marketing<\/span><\/li>\n<li><span style=\"color: #ffffff;\">Digital catalogs<\/span><\/li>\n<li><span style=\"color: #ffffff;\">Development of project-related software<\/span><\/li>\n<li><span style=\"color: #ffffff;\">Certifications\u00a0<\/span><\/li>\n<\/ul>\n[\/vc_column_text][\/vc_column][\/mk_page_section][vc_row fullwidth=&#8221;true&#8221; fullwidth_content=&#8221;false&#8221; animation=&#8221;scale-up&#8221; css=&#8221;.vc_custom_1565195680740{padding-top: 100px !important;padding-bottom: 100px !important;}&#8221;][vc_column][mk_fancy_title strip_tags=&#8221;true&#8221; color=&#8221;#555555&#8243; size=&#8221;32&#8243; force_font_size=&#8221;true&#8221; size_phone=&#8221;26&#8243; font_weight=&#8221;bold&#8221; margin_bottom=&#8221;0&#8243; font_family=&#8221;none&#8221; align=&#8221;center&#8221;]Eligibility Criterion[\/mk_fancy_title][mk_divider style=&#8221;thin_solid&#8221; divider_width=&#8221;custom_width&#8221; custom_width=&#8221;50&#8243; thin_single_color=&#8221;#bf1c20&#8243; thickness=&#8221;2&#8243; margin_top=&#8221;0&#8243; margin_bottom=&#8221;50&#8243;][vc_row_inner][vc_column_inner offset=&#8221;vc_col-lg-4 vc_col-md-12&#8243;][mk_icon_box icon=&#8221;mk-icon-ok&#8221; text_size=&#8221;20&#8243; font_weight=&#8221;bold&#8221; style=&#8221;boxed&#8221; icon_location=&#8221;top&#8221; icon_color=&#8221;#bf1c20&#8243; icon_circle_color=&#8221;#ffffff&#8221; title_color=&#8221;#bf1c20&#8243; txt_color=&#8221;#555555&#8243; txt_link_color=&#8221;#555555&#8243; margin=&#8221;0&#8243;]Being legally constituted[\/mk_icon_box][mk_padding_divider size=&#8221;35&#8243; visibility=&#8221;hidden-dt&#8221;][\/vc_column_inner][vc_column_inner offset=&#8221;vc_col-lg-4 vc_col-md-12&#8243;][mk_icon_box icon=&#8221;mk-icon-ok&#8221; text_size=&#8221;20&#8243; font_weight=&#8221;bold&#8221; style=&#8221;boxed&#8221; icon_location=&#8221;top&#8221; icon_color=&#8221;#bf1c20&#8243; icon_circle_color=&#8221;#ffffff&#8221; title_color=&#8221;#bf1c20&#8243; txt_color=&#8221;#555555&#8243; txt_link_color=&#8221;#555555&#8243; margin=&#8221;0&#8243;]Have organised accounting in accordance with applicable law[\/mk_icon_box][mk_padding_divider size=&#8221;35&#8243; visibility=&#8221;hidden-dt&#8221;][\/vc_column_inner][vc_column_inner offset=&#8221;vc_col-lg-4 vc_col-md-12&#8243;][mk_icon_box icon=&#8221;mk-icon-ok&#8221; text_size=&#8221;20&#8243; font_weight=&#8221;bold&#8221; style=&#8221;boxed&#8221; icon_location=&#8221;top&#8221; icon_color=&#8221;#bf1c20&#8243; icon_circle_color=&#8221;#ffffff&#8221; title_color=&#8221;#bf1c20&#8243; txt_color=&#8221;#555555&#8243; txt_link_color=&#8221;#555555&#8243; margin=&#8221;0&#8243;]Have the tax and contributory situation regularised with, respectively, the tax administration and social security[\/mk_icon_box][mk_padding_divider size=&#8221;35&#8243; visibility=&#8221;hidden-dt&#8221;][\/vc_column_inner][\/vc_row_inner][mk_padding_divider size=&#8221;50&#8243; visibility=&#8221;visible-dt&#8221;][vc_row_inner][vc_column_inner offset=&#8221;vc_col-lg-4 vc_col-md-12&#8243;][mk_icon_box icon=&#8221;mk-icon-ok&#8221; text_size=&#8221;20&#8243; font_weight=&#8221;bold&#8221; style=&#8221;boxed&#8221; icon_location=&#8221;top&#8221; icon_color=&#8221;#bf1c20&#8243; icon_circle_color=&#8221;#ffffff&#8221; title_color=&#8221;#bf1c20&#8243; txt_color=&#8221;#555555&#8243; txt_link_color=&#8221;#555555&#8243; margin=&#8221;0&#8243;]Present a balanced economic and financial situation (greater than or equal to 15%) or demonstrate having the financing capacity of the operation[\/mk_icon_box][mk_padding_divider size=&#8221;35&#8243; visibility=&#8221;hidden-dt&#8221;][\/vc_column_inner][vc_column_inner offset=&#8221;vc_col-lg-4 vc_col-md-12&#8243;][mk_icon_box icon=&#8221;mk-icon-ok&#8221; text_size=&#8221;20&#8243; font_weight=&#8221;bold&#8221; style=&#8221;boxed&#8221; icon_location=&#8221;top&#8221; icon_color=&#8221;#bf1c20&#8243; icon_circle_color=&#8221;#ffffff&#8221; title_color=&#8221;#bf1c20&#8243; txt_color=&#8221;#555555&#8243; txt_link_color=&#8221;#555555&#8243; margin=&#8221;0&#8243;]Have completed projects previously approved under the same typology of projects[\/mk_icon_box][mk_padding_divider size=&#8221;35&#8243; visibility=&#8221;hidden-dt&#8221;][\/vc_column_inner][vc_column_inner offset=&#8221;vc_col-lg-4 vc_col-md-12&#8243;][mk_icon_box icon=&#8221;mk-icon-ok&#8221; text_size=&#8221;20&#8243; font_weight=&#8221;bold&#8221; style=&#8221;boxed&#8221; icon_location=&#8221;top&#8221; icon_color=&#8221;#bf1c20&#8243; icon_circle_color=&#8221;#ffffff&#8221; title_color=&#8221;#bf1c20&#8243; txt_color=&#8221;#555555&#8243; txt_link_color=&#8221;#555555&#8243; margin=&#8221;0&#8243;]Not to be a company in difficult, according to the definition provided for in Article 2.\u00ba of the Regulation (EU) n.\u00ba 651\/2014, from June 16[\/mk_icon_box][\/vc_column_inner][\/vc_row_inner][\/vc_column][\/vc_row][vc_row fullwidth=&#8221;true&#8221; fullwidth_content=&#8221;false&#8221; animation=&#8221;scale-up&#8221; css=&#8221;.vc_custom_1568221138603{padding-top: 50px !important;padding-bottom: 25px !important;background: #222222 url(https:\/\/ewp-portugal.com\/wp-content\/uploads\/2019\/09\/xadrez_2.jpg?id=2984) !important;background-position: center !important;background-repeat: no-repeat !important;background-size: cover !important;}&#8221;][vc_column][mk_fancy_title strip_tags=&#8221;true&#8221; color=&#8221;#ffffff&#8221; size=&#8221;32&#8243; font_weight=&#8221;bold&#8221; margin_bottom=&#8221;0&#8243; font_family=&#8221;none&#8221; align=&#8221;center&#8221;]Our customers[\/mk_fancy_title][mk_divider style=&#8221;thin_solid&#8221; divider_width=&#8221;custom_width&#8221; custom_width=&#8221;50&#8243; thin_single_color=&#8221;#ffffff&#8221; thickness=&#8221;2&#8243; margin_top=&#8221;0&#8243; margin_bottom=&#8221;50&#8243;][vc_row_inner][vc_column_inner width=&#8221;1\/3&#8243;][mk_milestone icon=&#8221;mk-moon-stats-up&#8221; icon_size=&#8221;medium&#8221; align=&#8221;center&#8221; icon_color=&#8221;#ffffff&#8221; stop=&#8221;75&#8243; suffix=&#8221;M\u20ac&#8221; text=&#8221;Turnover&#8221; text_color=&#8221;#f7f7f7&#8243; font_family=&#8221;none&#8221;][mk_padding_divider size=&#8221;32&#8243; visibility=&#8221;visible-sm&#8221;][\/vc_column_inner][vc_column_inner width=&#8221;1\/3&#8243;][mk_milestone icon=&#8221;mk-icon-users&#8221; icon_size=&#8221;medium&#8221; align=&#8221;center&#8221; icon_color=&#8221;#ffffff&#8221; stop=&#8221;850&#8243; text=&#8221;Employees&#8221; text_color=&#8221;#f7f7f7&#8243; font_family=&#8221;none&#8221;][mk_padding_divider size=&#8221;32&#8243; visibility=&#8221;visible-sm&#8221;][\/vc_column_inner][vc_column_inner width=&#8221;1\/3&#8243;][mk_milestone icon=&#8221;mk-icon-briefcase&#8221; icon_size=&#8221;medium&#8221; align=&#8221;center&#8221; icon_color=&#8221;#ffffff&#8221; stop=&#8221;80&#8243; suffix=&#8221;M\u20ac&#8221; text=&#8221;Total Assents&#8221; text_color=&#8221;#f7f7f7&#8243; font_family=&#8221;none&#8221;][mk_padding_divider size=&#8221;32&#8243; visibility=&#8221;visible-sm&#8221;][\/vc_column_inner][\/vc_row_inner][\/vc_column][\/vc_row]\n","protected":false},"excerpt":{"rendered":"<p>[vc_row fullwidth=&#8221;true&#8221; fullwidth_content=&#8221;false&#8221; css=&#8221;.vc_custom_1569834527257{padding-top: 100px !important;padding-right: 15px !important;padding-bottom: 100px !important;padding-left: 15px !important;background-image: url(https:\/\/ewp-portugal.com\/wp-content\/uploads\/2019\/09\/design-sem-nome-49-1.jpg?id=3208) !important;background-position: center !important;background-repeat: no-repeat !important;background-size: cover !important;}&#8221;][vc_column][mk_padding_divider size=&#8221;100&#8243; visibility=&#8221;hidden-sm&#8221;][mk_fancy_title strip_tags=&#8221;true&#8221; tag_name=&#8221;h4&#8243; color=&#8221;#ffffff&#8221; size=&#8221;36&#8243; force_font_size=&#8221;true&#8221; size_phone=&#8221;30&#8243; font_weight=&#8221;bold&#8221; margin_bottom=&#8221;0&#8243; font_family=&#8221;none&#8221; align=&#8221;right&#8221;]The Support Your Company Needs[\/mk_fancy_title][\/vc_column][\/vc_row][vc_row animation=&#8221;scale-up&#8221; css=&#8221;.vc_custom_1565195664810{padding-top: 100px !important;padding-bottom: 100px !important;}&#8221;][vc_column][mk_steps step=&#8221;3&#8243; hover_color=&#8221;#8b1d1a&#8221; icon_1=&#8221;mk-icon-users&#8221; title_1=&#8221;Beneficiaries&#8221; desc_1=&#8221;Undertakings of any size, nature and in any legal [&hellip;]<\/p>\n","protected":false},"author":11,"featured_media":0,"parent":3577,"menu_order":0,"comment_status":"closed","ping_status":"closed","template":"","meta":{"_monsterinsights_skip_tracking":false,"_monsterinsights_sitenote_active":false,"_monsterinsights_sitenote_note":"","_monsterinsights_sitenote_category":0,"footnotes":""},"class_list":["post-3593","page","type-page","status-publish","hentry"],"_links":{"self":[{"href":"https:\/\/ewp-portugal.com\/en\/wp-json\/wp\/v2\/pages\/3593","targetHints":{"allow":["GET"]}}],"collection":[{"href":"https:\/\/ewp-portugal.com\/en\/wp-json\/wp\/v2\/pages"}],"about":[{"href":"https:\/\/ewp-portugal.com\/en\/wp-json\/wp\/v2\/types\/page"}],"author":[{"embeddable":true,"href":"https:\/\/ewp-portugal.com\/en\/wp-json\/wp\/v2\/users\/11"}],"replies":[{"embeddable":true,"href":"https:\/\/ewp-portugal.com\/en\/wp-json\/wp\/v2\/comments?post=3593"}],"version-history":[{"count":5,"href":"https:\/\/ewp-portugal.com\/en\/wp-json\/wp\/v2\/pages\/3593\/revisions"}],"predecessor-version":[{"id":4252,"href":"https:\/\/ewp-portugal.com\/en\/wp-json\/wp\/v2\/pages\/3593\/revisions\/4252"}],"up":[{"embeddable":true,"href":"https:\/\/ewp-portugal.com\/en\/wp-json\/wp\/v2\/pages\/3577"}],"wp:attachment":[{"href":"https:\/\/ewp-portugal.com\/en\/wp-json\/wp\/v2\/media?parent=3593"}],"curies":[{"name":"wp","href":"https:\/\/api.w.org\/{rel}","templated":true}]}}