{"id":10219,"date":"2019-05-08T16:00:32","date_gmt":"2019-05-08T15:00:32","guid":{"rendered":"https:\/\/ewp-portugal.com\/programas-de-apoio-ao-investimento\/sistema-de-incentivos-a-internacionalizacao-2\/"},"modified":"2019-05-08T16:00:32","modified_gmt":"2019-05-08T15:00:32","slug":"sistema-de-incentivos-a-internacionalizacao-2","status":"publish","type":"page","link":"https:\/\/ewp-portugal.com\/en\/linhas-de-apoio-ao-investimento\/sistema-de-incentivos-a-internacionalizacao-2\/","title":{"rendered":"Sistema de Incentivos \u00e0 Internacionaliza\u00e7\u00e3o"},"content":{"rendered":"[vc_row fullwidth=&#8221;true&#8221; fullwidth_content=&#8221;false&#8221; css=&#8221;.vc_custom_1569834341016{padding-top: 100px !important;padding-right: 15px !important;padding-bottom: 100px !important;padding-left: 15px !important;background-image: url(https:\/\/ewp-portugal.com\/wp-content\/uploads\/2019\/09\/design-sem-nome-49-1.jpg?id=3208) !important;background-position: center !important;background-repeat: no-repeat !important;background-size: cover !important;}&#8221;][vc_column][mk_padding_divider size=&#8221;100&#8243; visibility=&#8221;hidden-sm&#8221;][mk_fancy_title strip_tags=&#8221;true&#8221; tag_name=&#8221;h4&#8243; color=&#8221;#ffffff&#8221; size=&#8221;36&#8243; force_font_size=&#8221;true&#8221; size_phone=&#8221;30&#8243; font_weight=&#8221;bold&#8221; margin_bottom=&#8221;0&#8243; font_family=&#8221;none&#8221; align=&#8221;right&#8221;]O Apoio que a Sua Empresa Precisa[\/mk_fancy_title][\/vc_column][\/vc_row][vc_row animation=&#8221;scale-up&#8221; css=&#8221;.vc_custom_1565195664810{padding-top: 100px !important;padding-bottom: 100px !important;}&#8221;][vc_column][mk_steps step=&#8221;3&#8243; hover_color=&#8221;#8b1d1a&#8221; icon_1=&#8221;mk-icon-users&#8221; title_1=&#8221;Benefici\u00e1rios&#8221; desc_1=&#8221;PME de qualquer natureza e sob qualquer forma jur\u00eddica&#8221; icon_2=&#8221;mk-icon-suitcase&#8221; title_2=&#8221;Taxa de Incentivos&#8221; desc_2=&#8221;45% incentivo n\u00e3o reembols\u00e1vel (40% para empresas com sede em Lisboa)&#8221; icon_3=&#8221;mk-icon-pie-chart&#8221; title_3=&#8221;M\u00ednimo de Investimento Eleg\u00edvel&#8221; desc_3=&#8221;25.000\u20ac&#8221;][\/vc_column][\/vc_row][mk_page_section layout_structure=&#8221;half_left&#8221; bg_image=&#8221;https:\/\/ewp-portugal.com\/wp-content\/uploads\/2019\/08\/ewp-consulting-si-qualificao.jpg&#8221; bg_color=&#8221;#bf1c20&#8243; min_height=&#8221;500&#8243; padding_top=&#8221;50&#8243; padding_bottom=&#8221;50&#8243; animation=&#8221;scale-up&#8221;][vc_column][mk_padding_divider size=&#8221;20&#8243; visibility=&#8221;visible-sm&#8221;][mk_fancy_title strip_tags=&#8221;true&#8221; tag_name=&#8221;h1&#8243; color=&#8221;#ffffff&#8221; size=&#8221;32&#8243; font_weight=&#8221;bold&#8221; margin_bottom=&#8221;0&#8243; font_family=&#8221;none&#8221; responsive_align=&#8221;left&#8221;]Sistema de Incentivos \u00e0 Internacionaliza\u00e7\u00e3o[\/mk_fancy_title][mk_divider style=&#8221;thin_solid&#8221; divider_width=&#8221;custom_width&#8221; custom_width=&#8221;50&#8243; align=&#8221;left&#8221; thin_single_color=&#8221;#ffffff&#8221; thickness=&#8221;2&#8243; margin_top=&#8221;0&#8243; margin_bottom=&#8221;50&#8243;][vc_column_text margin_bottom=&#8221;30&#8243; el_class=&#8221;whitebullets&#8221; css=&#8221;.vc_custom_1565195823815{margin-bottom: 0px !important;}&#8221;]<span style=\"color: #ffffff;\">O sistema de incentivos tem como objetivo refor\u00e7ar a capacidade empresarial das PME atrav\u00e9s do desenvolvimento dos seus processos de qualifica\u00e7\u00e3o para a internacionaliza\u00e7\u00e3o valorizando os fatores imateriais de competitividade.<\/span><\/p>\n<p><span style=\"color: #ffffff;\">Algumas despesas eleg\u00edveis:<\/span><\/p>\n<ul>\n<li><span style=\"color: #ffffff;\">Participa\u00e7\u00f5es em Feiras no exterior como expositor<\/span><\/li>\n<li><span style=\"color: #ffffff;\">A\u00e7\u00f5es de prospe\u00e7\u00e3o e promo\u00e7\u00e3o<\/span><\/li>\n<li><span style=\"color: #ffffff;\">Certifica\u00e7\u00f5es em mercados internacionais<\/span><\/li>\n<li><span style=\"color: #ffffff;\">Contrata\u00e7\u00e3o de Recursos Humanos (at\u00e9 dois novos colaboradores)<\/span><\/li>\n<\/ul>\n[\/vc_column_text][\/vc_column][\/mk_page_section][vc_row fullwidth=&#8221;true&#8221; fullwidth_content=&#8221;false&#8221; animation=&#8221;scale-up&#8221; css=&#8221;.vc_custom_1565195680740{padding-top: 100px !important;padding-bottom: 100px !important;}&#8221;][vc_column][mk_fancy_title strip_tags=&#8221;true&#8221; color=&#8221;#555555&#8243; size=&#8221;32&#8243; force_font_size=&#8221;true&#8221; size_phone=&#8221;26&#8243; font_weight=&#8221;bold&#8221; margin_bottom=&#8221;0&#8243; font_family=&#8221;none&#8221; align=&#8221;center&#8221;]Crit\u00e9rio de Elegibilidade[\/mk_fancy_title][mk_divider style=&#8221;thin_solid&#8221; divider_width=&#8221;custom_width&#8221; custom_width=&#8221;50&#8243; thin_single_color=&#8221;#bf1c20&#8243; thickness=&#8221;2&#8243; margin_top=&#8221;0&#8243; margin_bottom=&#8221;50&#8243;][vc_row_inner][vc_column_inner offset=&#8221;vc_col-lg-4 vc_col-md-12&#8243;][mk_icon_box icon=&#8221;mk-icon-ok&#8221; text_size=&#8221;20&#8243; font_weight=&#8221;bold&#8221; style=&#8221;boxed&#8221; icon_location=&#8221;top&#8221; icon_color=&#8221;#bf1c20&#8243; icon_circle_color=&#8221;#ffffff&#8221; title_color=&#8221;#bf1c20&#8243; txt_color=&#8221;#555555&#8243; txt_link_color=&#8221;#555555&#8243; margin=&#8221;0&#8243;]Estar legalmente constitu\u00eddo[\/mk_icon_box][mk_padding_divider size=&#8221;35&#8243; visibility=&#8221;hidden-dt&#8221;][\/vc_column_inner][vc_column_inner offset=&#8221;vc_col-lg-4 vc_col-md-12&#8243;][mk_icon_box icon=&#8221;mk-icon-ok&#8221; text_size=&#8221;20&#8243; font_weight=&#8221;bold&#8221; style=&#8221;boxed&#8221; icon_location=&#8221;top&#8221; icon_color=&#8221;#bf1c20&#8243; icon_circle_color=&#8221;#ffffff&#8221; title_color=&#8221;#bf1c20&#8243; txt_color=&#8221;#555555&#8243; txt_link_color=&#8221;#555555&#8243; margin=&#8221;0&#8243;]Dispor de contabilidade organizada, nos termos da legisla\u00e7\u00e3o aplic\u00e1vel[\/mk_icon_box][mk_padding_divider size=&#8221;35&#8243; visibility=&#8221;hidden-dt&#8221;][\/vc_column_inner][vc_column_inner offset=&#8221;vc_col-lg-4 vc_col-md-12&#8243;][mk_icon_box icon=&#8221;mk-icon-ok&#8221; text_size=&#8221;20&#8243; font_weight=&#8221;bold&#8221; style=&#8221;boxed&#8221; icon_location=&#8221;top&#8221; icon_color=&#8221;#bf1c20&#8243; icon_circle_color=&#8221;#ffffff&#8221; title_color=&#8221;#bf1c20&#8243; txt_color=&#8221;#555555&#8243; txt_link_color=&#8221;#555555&#8243; margin=&#8221;0&#8243;]Ter a situa\u00e7\u00e3o tribut\u00e1ria e contributiva regularizada perante, respetivamente, a administra\u00e7\u00e3o fiscal e a seguran\u00e7a social[\/mk_icon_box][mk_padding_divider size=&#8221;35&#8243; visibility=&#8221;hidden-dt&#8221;][\/vc_column_inner][\/vc_row_inner][mk_padding_divider size=&#8221;50&#8243; visibility=&#8221;visible-dt&#8221;][vc_row_inner][vc_column_inner offset=&#8221;vc_col-lg-4 vc_col-md-12&#8243;][mk_icon_box icon=&#8221;mk-icon-ok&#8221; text_size=&#8221;20&#8243; font_weight=&#8221;bold&#8221; style=&#8221;boxed&#8221; icon_location=&#8221;top&#8221; icon_color=&#8221;#bf1c20&#8243; icon_circle_color=&#8221;#ffffff&#8221; title_color=&#8221;#bf1c20&#8243; txt_color=&#8221;#555555&#8243; txt_link_color=&#8221;#555555&#8243; margin=&#8221;0&#8243;]Apresentar uma situa\u00e7\u00e3o econ\u00f3mico -financeira equilibrada ( superior ou igual a 15%) ou demonstrar ter capacidade de financiamento da opera\u00e7\u00e3o[\/mk_icon_box][mk_padding_divider size=&#8221;35&#8243; visibility=&#8221;hidden-dt&#8221;][\/vc_column_inner][vc_column_inner offset=&#8221;vc_col-lg-4 vc_col-md-12&#8243;][mk_icon_box icon=&#8221;mk-icon-ok&#8221; text_size=&#8221;20&#8243; font_weight=&#8221;bold&#8221; style=&#8221;boxed&#8221; icon_location=&#8221;top&#8221; icon_color=&#8221;#bf1c20&#8243; icon_circle_color=&#8221;#ffffff&#8221; title_color=&#8221;#bf1c20&#8243; txt_color=&#8221;#555555&#8243; txt_link_color=&#8221;#555555&#8243; margin=&#8221;0&#8243;]Ter conclu\u00eddo os projetos anteriormente aprovados ao abrigo da mesma tipologia de projetos[\/mk_icon_box][mk_padding_divider size=&#8221;35&#8243; visibility=&#8221;hidden-dt&#8221;][\/vc_column_inner][vc_column_inner offset=&#8221;vc_col-lg-4 vc_col-md-12&#8243;][mk_icon_box icon=&#8221;mk-icon-ok&#8221; text_size=&#8221;20&#8243; font_weight=&#8221;bold&#8221; style=&#8221;boxed&#8221; icon_location=&#8221;top&#8221; icon_color=&#8221;#bf1c20&#8243; icon_circle_color=&#8221;#ffffff&#8221; title_color=&#8221;#bf1c20&#8243; txt_color=&#8221;#555555&#8243; txt_link_color=&#8221;#555555&#8243; margin=&#8221;0&#8243;]N\u00e3o ser uma empresa em dificuldade, de acordo com a defini\u00e7\u00e3o prevista no artigo 2.\u00ba do Regulamento (UE) n.\u00ba 651\/2014, de 16 de junho[\/mk_icon_box][\/vc_column_inner][\/vc_row_inner][\/vc_column][\/vc_row][vc_row fullwidth=&#8221;true&#8221; fullwidth_content=&#8221;false&#8221; animation=&#8221;scale-up&#8221; css=&#8221;.vc_custom_1621853276801{padding-top: 50px !important;padding-bottom: 25px !important;background: #222222 url(https:\/\/ewp-portugal.com\/wp-content\/uploads\/2021\/05\/design-sem-nome-9-3.jpg?id=9113) !important;background-position: center !important;background-repeat: no-repeat !important;background-size: cover !important;}&#8221;][vc_column][mk_fancy_title strip_tags=&#8221;true&#8221; color=&#8221;#ffffff&#8221; size=&#8221;32&#8243; font_weight=&#8221;bold&#8221; margin_bottom=&#8221;0&#8243; font_family=&#8221;none&#8221; align=&#8221;center&#8221;]Os nossos clientes[\/mk_fancy_title][mk_divider style=&#8221;thin_solid&#8221; divider_width=&#8221;custom_width&#8221; custom_width=&#8221;50&#8243; thin_single_color=&#8221;#ffffff&#8221; thickness=&#8221;2&#8243; margin_top=&#8221;0&#8243; margin_bottom=&#8221;50&#8243;][vc_row_inner][vc_column_inner width=&#8221;1\/3&#8243;][mk_milestone icon=&#8221;mk-moon-stats-up&#8221; icon_size=&#8221;medium&#8221; align=&#8221;center&#8221; icon_color=&#8221;#ffffff&#8221; stop=&#8221;75&#8243; suffix=&#8221;M\u20ac&#8221; text=&#8221;Volume de Neg\u00f3cios&#8221; text_color=&#8221;#f7f7f7&#8243; font_family=&#8221;none&#8221;][mk_padding_divider size=&#8221;32&#8243; visibility=&#8221;visible-sm&#8221;][\/vc_column_inner][vc_column_inner width=&#8221;1\/3&#8243;][mk_milestone icon=&#8221;mk-icon-users&#8221; icon_size=&#8221;medium&#8221; align=&#8221;center&#8221; icon_color=&#8221;#ffffff&#8221; stop=&#8221;850&#8243; text=&#8221;Colaboradores&#8221; text_color=&#8221;#f7f7f7&#8243; font_family=&#8221;none&#8221;][mk_padding_divider size=&#8221;32&#8243; visibility=&#8221;visible-sm&#8221;][\/vc_column_inner][vc_column_inner width=&#8221;1\/3&#8243;][mk_milestone icon=&#8221;mk-icon-briefcase&#8221; icon_size=&#8221;medium&#8221; align=&#8221;center&#8221; icon_color=&#8221;#ffffff&#8221; stop=&#8221;80&#8243; suffix=&#8221;M\u20ac&#8221; text=&#8221;Total de Ativos&#8221; text_color=&#8221;#f7f7f7&#8243; font_family=&#8221;none&#8221;][mk_padding_divider size=&#8221;32&#8243; visibility=&#8221;visible-sm&#8221;][\/vc_column_inner][\/vc_row_inner][\/vc_column][\/vc_row]\n","protected":false},"excerpt":{"rendered":"<p>[vc_row fullwidth=&#8221;true&#8221; fullwidth_content=&#8221;false&#8221; css=&#8221;.vc_custom_1569834341016{padding-top: 100px !important;padding-right: 15px !important;padding-bottom: 100px !important;padding-left: 15px !important;background-image: url(https:\/\/ewp-portugal.com\/wp-content\/uploads\/2019\/09\/design-sem-nome-49-1.jpg?id=3208) !important;background-position: center !important;background-repeat: no-repeat !important;background-size: cover !important;}&#8221;][vc_column][mk_padding_divider size=&#8221;100&#8243; visibility=&#8221;hidden-sm&#8221;][mk_fancy_title strip_tags=&#8221;true&#8221; tag_name=&#8221;h4&#8243; color=&#8221;#ffffff&#8221; size=&#8221;36&#8243; force_font_size=&#8221;true&#8221; size_phone=&#8221;30&#8243; font_weight=&#8221;bold&#8221; margin_bottom=&#8221;0&#8243; font_family=&#8221;none&#8221; align=&#8221;right&#8221;]O Apoio que a Sua Empresa Precisa[\/mk_fancy_title][\/vc_column][\/vc_row][vc_row animation=&#8221;scale-up&#8221; css=&#8221;.vc_custom_1565195664810{padding-top: 100px !important;padding-bottom: 100px !important;}&#8221;][vc_column][mk_steps step=&#8221;3&#8243; hover_color=&#8221;#8b1d1a&#8221; icon_1=&#8221;mk-icon-users&#8221; title_1=&#8221;Benefici\u00e1rios&#8221; desc_1=&#8221;PME de qualquer natureza e sob qualquer [&hellip;]<\/p>\n","protected":false},"author":11,"featured_media":0,"parent":289,"menu_order":0,"comment_status":"closed","ping_status":"closed","template":"","meta":{"_monsterinsights_skip_tracking":false,"_monsterinsights_sitenote_active":false,"_monsterinsights_sitenote_note":"","_monsterinsights_sitenote_category":0,"footnotes":""},"class_list":["post-10219","page","type-page","status-publish","hentry"],"_links":{"self":[{"href":"https:\/\/ewp-portugal.com\/en\/wp-json\/wp\/v2\/pages\/10219","targetHints":{"allow":["GET"]}}],"collection":[{"href":"https:\/\/ewp-portugal.com\/en\/wp-json\/wp\/v2\/pages"}],"about":[{"href":"https:\/\/ewp-portugal.com\/en\/wp-json\/wp\/v2\/types\/page"}],"author":[{"embeddable":true,"href":"https:\/\/ewp-portugal.com\/en\/wp-json\/wp\/v2\/users\/11"}],"replies":[{"embeddable":true,"href":"https:\/\/ewp-portugal.com\/en\/wp-json\/wp\/v2\/comments?post=10219"}],"version-history":[{"count":0,"href":"https:\/\/ewp-portugal.com\/en\/wp-json\/wp\/v2\/pages\/10219\/revisions"}],"up":[{"embeddable":true,"href":"https:\/\/ewp-portugal.com\/en\/wp-json\/wp\/v2\/pages\/289"}],"wp:attachment":[{"href":"https:\/\/ewp-portugal.com\/en\/wp-json\/wp\/v2\/media?parent=10219"}],"curies":[{"name":"wp","href":"https:\/\/api.w.org\/{rel}","templated":true}]}}